{"id":3689,"date":"2020-02-27T15:22:39","date_gmt":"2020-02-27T15:22:39","guid":{"rendered":"https:\/\/www.metal-styl.com\/?post_type=product&#038;p=3689"},"modified":"2020-02-27T15:33:46","modified_gmt":"2020-02-27T15:33:46","slug":"wypelnienie-piankowe-do-walizki-aluminiowej-malej-wp-cwp30","status":"publish","type":"product","link":"https:\/\/www.metal-styl.com\/index.php\/produkt\/wypelnienie-piankowe-do-walizki-aluminiowej-malej-wp-cwp30\/","title":{"rendered":"Wype\u0142nienie piankowe do walizki aluminiowej ma\u0142ej WP-CWP30"},"content":{"rendered":"<p><span style=\"color: #800000;\"><strong>Wype\u0142nienie piankowe do walizki aluminiowej ma\u0142ej WP-CWP30<br \/>\n<\/strong><\/span><\/p>\n<div class=\"resetcss\">\n<p>Kompletne wype\u0142nienie piankowe do walizki aluminiowej ma\u0142ej sk\u0142adaj\u0105ce si\u0119 z 3\u00a0cz\u0119\u015bci.<\/p>\n<p>Walizka przedstawiona na zdj\u0119ciu nie jest elementem kompletu wype\u0142nie\u0144.<\/p>\n<\/div>\n<div class=\"product-short-description resetcss large\">\n<p><strong>W sk\u0142adzie kompletu wype\u0142nienia piankowego do walizki aluminiowej ma\u0142ej znajduje si\u0119:<\/strong><\/p>\n<p>1 sztuka falowanej pianki umieszczanej na wieku &#8211; 30\/15x387x252 mm<br \/>\n2 sztuki pianki z kostkami do wydzierania &#8211; 300x387x252 mm<\/p>\n<\/div>\n<div class=\"resetcss\"><\/div>\n<p>&nbsp;<\/p>\n","protected":false},"excerpt":{"rendered":"<p><strong>\u00a01 sztuka falowanej pianki umieszczanej na wieku &#8211; 30\/15x387x252 mm<br \/>\n2 sztuki pianki z kostkami do wydzierania &#8211; 300x387x252 mm<\/strong><\/p>\n","protected":false},"featured_media":3690,"comment_status":"open","ping_status":"closed","template":"","meta":[],"product_cat":[1794,1813,1401],"product_tag":[1802,2028,2017],"yst_prominent_words":[2025,2026,2027,1998,2023,2021,1977,2022,1999,2024,2020,2019],"class_list":{"0":"post-3689","1":"product","2":"type-product","3":"status-publish","4":"has-post-thumbnail","6":"product_cat-aluminiowe-metalowe-skrzynie-walizki","7":"product_cat-walizki","8":"product_cat-wyposazenie-warsztatu","9":"product_tag-skrzynia-transportowa","10":"product_tag-wp-cwp30","11":"product_tag-wypelnienie-piankowe-do-walizki","12":"entry","14":"first","15":"instock","16":"shipping-taxable","17":"product-type-simple"},"_links":{"self":[{"href":"https:\/\/www.metal-styl.com\/index.php\/wp-json\/wp\/v2\/product\/3689","targetHints":{"allow":["GET"]}}],"collection":[{"href":"https:\/\/www.metal-styl.com\/index.php\/wp-json\/wp\/v2\/product"}],"about":[{"href":"https:\/\/www.metal-styl.com\/index.php\/wp-json\/wp\/v2\/types\/product"}],"replies":[{"embeddable":true,"href":"https:\/\/www.metal-styl.com\/index.php\/wp-json\/wp\/v2\/comments?post=3689"}],"version-history":[{"count":3,"href":"https:\/\/www.metal-styl.com\/index.php\/wp-json\/wp\/v2\/product\/3689\/revisions"}],"predecessor-version":[{"id":3695,"href":"https:\/\/www.metal-styl.com\/index.php\/wp-json\/wp\/v2\/product\/3689\/revisions\/3695"}],"wp:featuredmedia":[{"embeddable":true,"href":"https:\/\/www.metal-styl.com\/index.php\/wp-json\/wp\/v2\/media\/3690"}],"wp:attachment":[{"href":"https:\/\/www.metal-styl.com\/index.php\/wp-json\/wp\/v2\/media?parent=3689"}],"wp:term":[{"taxonomy":"product_cat","embeddable":true,"href":"https:\/\/www.metal-styl.com\/index.php\/wp-json\/wp\/v2\/product_cat?post=3689"},{"taxonomy":"product_tag","embeddable":true,"href":"https:\/\/www.metal-styl.com\/index.php\/wp-json\/wp\/v2\/product_tag?post=3689"},{"taxonomy":"yst_prominent_words","embeddable":true,"href":"https:\/\/www.metal-styl.com\/index.php\/wp-json\/wp\/v2\/yst_prominent_words?post=3689"}],"curies":[{"name":"wp","href":"https:\/\/api.w.org\/{rel}","templated":true}]}}