{"id":3693,"date":"2020-02-27T15:26:21","date_gmt":"2020-02-27T15:26:21","guid":{"rendered":"https:\/\/www.metal-styl.com\/?post_type=product&#038;p=3693"},"modified":"2020-02-27T15:33:28","modified_gmt":"2020-02-27T15:33:28","slug":"wypelnienie-piankowe-do-walizki-aluminiowej-sredniej-wp-cwp20","status":"publish","type":"product","link":"https:\/\/www.metal-styl.com\/index.php\/produkt\/wypelnienie-piankowe-do-walizki-aluminiowej-sredniej-wp-cwp20\/","title":{"rendered":"Wype\u0142nienie piankowe do walizki aluminiowej \u015bredniej WP-CWP20"},"content":{"rendered":"<p><span style=\"color: #800000;\"><strong>Wype\u0142nienie piankowe do walizki aluminiowej \u015bredniej WP-CWP20<br \/>\n<\/strong><\/span><\/p>\n<div class=\"innerbox\">\n<div class=\"resetcss\">\n<p>Kompletne wype\u0142nienie piankowe do walizki aluminiowej \u015bredniej sk\u0142adaj\u0105ce si\u0119 z\u00a04cz\u0119\u015bci.<\/p>\n<p>Walizka przedstawiona na zdj\u0119ciu nie jest elementem kompletu wype\u0142nie\u0144.<\/p>\n<\/div>\n<div class=\"product-short-description resetcss large\">\n<p>W sk\u0142adzie kompletu wype\u0142nienia piankowego do walizki aluminiowej \u015bredniej znajduje si\u0119:<\/p>\n<p>1 szt\u00a0 falowanej pianki umieszczanej na wieku &#8211; 20\/40x413x295 mm<br \/>\n1 szt\u00a0 pianki bez kostek do wydzierania &#8211; 100x413x295 mm<br \/>\n2 szt\u00a0 pianki z kostkami do wydzierania &#8211; 300x413x295 mm<\/p>\n<\/div>\n<\/div>\n<p>&nbsp;<\/p>\n<div class=\"resetcss\"><\/div>\n<p>&nbsp;<\/p>\n","protected":false},"excerpt":{"rendered":"<p><strong>\u00a01 szt\u00a0 falowanej pianki umieszczanej na wieku &#8211; 20\/40x413x295 mm<br \/>\n1 szt\u00a0 pianki bez kostek do wydzierania &#8211; 100x413x295 mm<br \/>\n2 szt\u00a0 pianki z kostkami do wydzierania &#8211; 300x413x295 mm<\/strong><\/p>\n","protected":false},"featured_media":3698,"comment_status":"open","ping_status":"closed","template":"","meta":[],"product_cat":[1794,1813,1401],"product_tag":[1802,2037,2017],"yst_prominent_words":[2031,2025,2030,2026,2027,1998,2023,2021,2036,2034,2033,2032,1977,2022,2029,2035,1999,2024,2020,2019],"class_list":{"0":"post-3693","1":"product","2":"type-product","3":"status-publish","4":"has-post-thumbnail","6":"product_cat-aluminiowe-metalowe-skrzynie-walizki","7":"product_cat-walizki","8":"product_cat-wyposazenie-warsztatu","9":"product_tag-skrzynia-transportowa","10":"product_tag-wp-cwp20","11":"product_tag-wypelnienie-piankowe-do-walizki","12":"entry","14":"first","15":"instock","16":"shipping-taxable","17":"product-type-simple"},"_links":{"self":[{"href":"https:\/\/www.metal-styl.com\/index.php\/wp-json\/wp\/v2\/product\/3693","targetHints":{"allow":["GET"]}}],"collection":[{"href":"https:\/\/www.metal-styl.com\/index.php\/wp-json\/wp\/v2\/product"}],"about":[{"href":"https:\/\/www.metal-styl.com\/index.php\/wp-json\/wp\/v2\/types\/product"}],"replies":[{"embeddable":true,"href":"https:\/\/www.metal-styl.com\/index.php\/wp-json\/wp\/v2\/comments?post=3693"}],"version-history":[{"count":1,"href":"https:\/\/www.metal-styl.com\/index.php\/wp-json\/wp\/v2\/product\/3693\/revisions"}],"predecessor-version":[{"id":3699,"href":"https:\/\/www.metal-styl.com\/index.php\/wp-json\/wp\/v2\/product\/3693\/revisions\/3699"}],"wp:featuredmedia":[{"embeddable":true,"href":"https:\/\/www.metal-styl.com\/index.php\/wp-json\/wp\/v2\/media\/3698"}],"wp:attachment":[{"href":"https:\/\/www.metal-styl.com\/index.php\/wp-json\/wp\/v2\/media?parent=3693"}],"wp:term":[{"taxonomy":"product_cat","embeddable":true,"href":"https:\/\/www.metal-styl.com\/index.php\/wp-json\/wp\/v2\/product_cat?post=3693"},{"taxonomy":"product_tag","embeddable":true,"href":"https:\/\/www.metal-styl.com\/index.php\/wp-json\/wp\/v2\/product_tag?post=3693"},{"taxonomy":"yst_prominent_words","embeddable":true,"href":"https:\/\/www.metal-styl.com\/index.php\/wp-json\/wp\/v2\/yst_prominent_words?post=3693"}],"curies":[{"name":"wp","href":"https:\/\/api.w.org\/{rel}","templated":true}]}}