{"id":370,"date":"2019-11-29T17:38:38","date_gmt":"2019-11-29T17:38:38","guid":{"rendered":"http:\/\/metalsty.cluster014.ovh.net\/pixel\/?post_type=product&#038;p=370"},"modified":"2020-01-03T20:23:08","modified_gmt":"2020-01-03T20:23:08","slug":"szafa-20-skrytkowa-sk20-45-30-szer-skrytki","status":"publish","type":"product","link":"https:\/\/www.metal-styl.com\/index.php\/produkt\/szafa-20-skrytkowa-sk20-45-30-szer-skrytki\/","title":{"rendered":"Szafa 20 skrytkowa SK20-45-30 szer.skrytki"},"content":{"rendered":"<div id=\"idTab1\" class=\"rte\">\n<p><span style=\"color: #800000;\"><strong>Szafa 20 skrytkowa\u00a0 SK20-45-30<\/strong><\/span><\/p>\n<p><strong>Wymiary: wys\/szer\/g\u0142\u00a01800x1200x500mm<\/strong><\/p>\n<p>Opis: Szafa szatniowa 20 skrytkowa &#8211; 5 schowk\u00f3w w pionie w 4 kolumnach.<\/p>\n<p>Ka\u017cda skrytka zamykana osobnym zamkiem patentowym, cylindrycznym z ryglowaniem w jednym punkcie ( w komplecie 2 kluczyki do ka\u017cdego zamka).<\/p>\n<p>W drzwiczkach wykonane otwory wentylacyjne, zapewniaj\u0105ce odpowiedni\u0105 cyrkulacj\u0119 powietrza w szafce.<\/p>\n<p>Na drzwiczkach plastikowy wizytownik informacyjny w celu oznakowania skrytki.<\/p>\n<p>Szafka mo\u017ce by\u0107 r\u00f3wnie\u017c na n\u00f3\u017ckach oraz posiada\u0107 sko\u015bny daszek.<\/p>\n<p>Szafa malowana trwa\u0142ymi farbami proszkowymi w kolorze wg. Palety RAL<\/p>\n<p>Oferta cenowa dotyczy koloru: Ral 7035 popielato-platynowy<\/p>\n<p>Istnieje mo\u017cliwo\u015b\u0107 malowania szaf w innym kolorze lub w dw\u00f3ch kolorach.<\/p>\n<p>Mo\u017cliwo\u015b\u0107 wykonania szafy w innych rozmiarach, z inn\u0105 liczb\u0105 skrytek oraz w innych kolorach wg indywidualnych potrzeb klienta.<\/p>\n<p>W celu wyceny prosimy o przes\u0142anie do nas maila na adres\u00a0biuro@metal-styl.com z zapytaniem ofertowym oraz przedstawieniem Pa\u0144stwa potrzeb i oczekiwa\u0144 wobec produktu.<\/p>\n<\/div>\n","protected":false},"excerpt":{"rendered":"<p><span style=\"color: #800000;\"><strong>Szafa 20 skrytkowa\u00a0 SK20-45-30<\/strong><\/span><\/p>\n<p><strong>Wymiary: wys\/szer\/g\u0142\u00a01800x1200x500mm<\/strong><\/p>\n","protected":false},"featured_media":1009,"comment_status":"open","ping_status":"closed","template":"","meta":[],"product_cat":[36,37],"product_tag":[143,200,201,190,202,142,203,175],"yst_prominent_words":[523,522,439,512,2638,493,409,450,2636,2637,395,394,510,386,2634,2635,393],"class_list":{"0":"post-370","1":"product","2":"type-product","3":"status-publish","4":"has-post-thumbnail","6":"product_cat-meble-skrytkowe","7":"product_cat-szafki-skrytkowe-sniadaniowe","8":"product_tag-szafa-ze-skrytkami","9":"product_tag-szafka-20-skrytkowa","10":"product_tag-szafka-dwudziesto-skrytkowa","11":"product_tag-szafka-schowkowa","12":"product_tag-szafka-sk20-45-30","13":"product_tag-szafka-sniadaniowa","14":"product_tag-szafka-sus-345","15":"product_tag-szafka-wieloskrytkowa","16":"entry","18":"first","19":"instock","20":"shipping-taxable","21":"product-type-simple"},"_links":{"self":[{"href":"https:\/\/www.metal-styl.com\/index.php\/wp-json\/wp\/v2\/product\/370","targetHints":{"allow":["GET"]}}],"collection":[{"href":"https:\/\/www.metal-styl.com\/index.php\/wp-json\/wp\/v2\/product"}],"about":[{"href":"https:\/\/www.metal-styl.com\/index.php\/wp-json\/wp\/v2\/types\/product"}],"replies":[{"embeddable":true,"href":"https:\/\/www.metal-styl.com\/index.php\/wp-json\/wp\/v2\/comments?post=370"}],"version-history":[{"count":1,"href":"https:\/\/www.metal-styl.com\/index.php\/wp-json\/wp\/v2\/product\/370\/revisions"}],"predecessor-version":[{"id":1010,"href":"https:\/\/www.metal-styl.com\/index.php\/wp-json\/wp\/v2\/product\/370\/revisions\/1010"}],"wp:featuredmedia":[{"embeddable":true,"href":"https:\/\/www.metal-styl.com\/index.php\/wp-json\/wp\/v2\/media\/1009"}],"wp:attachment":[{"href":"https:\/\/www.metal-styl.com\/index.php\/wp-json\/wp\/v2\/media?parent=370"}],"wp:term":[{"taxonomy":"product_cat","embeddable":true,"href":"https:\/\/www.metal-styl.com\/index.php\/wp-json\/wp\/v2\/product_cat?post=370"},{"taxonomy":"product_tag","embeddable":true,"href":"https:\/\/www.metal-styl.com\/index.php\/wp-json\/wp\/v2\/product_tag?post=370"},{"taxonomy":"yst_prominent_words","embeddable":true,"href":"https:\/\/www.metal-styl.com\/index.php\/wp-json\/wp\/v2\/yst_prominent_words?post=370"}],"curies":[{"name":"wp","href":"https:\/\/api.w.org\/{rel}","templated":true}]}}