{"id":3713,"date":"2020-02-27T17:49:16","date_gmt":"2020-02-27T17:49:16","guid":{"rendered":"https:\/\/www.metal-styl.com\/?post_type=product&#038;p=3713"},"modified":"2022-06-17T08:27:43","modified_gmt":"2022-06-17T08:27:43","slug":"walizka-aluminiowa-srednia-wal-cwa20p","status":"publish","type":"product","link":"https:\/\/www.metal-styl.com\/index.php\/produkt\/walizka-aluminiowa-srednia-wal-cwa20p\/","title":{"rendered":"Walizka aluminiowa \u015brednia WAL-CWA20P + wype\u0142nienie piankowe"},"content":{"rendered":"<p class=\"title\">\n<div class=\"resetcss\"><\/div>\n<p>&nbsp;<\/p>\n","protected":false},"excerpt":{"rendered":"<p><strong>Wymiary: wys\/szer\/g\u0142 110x430x310mm<\/strong><\/p>\n<div class=\"resetcss\">\n<p><strong>Walizka aluminiowa \u2013 dobry produkt w dobrej cenie<\/strong><\/p>\n<p>Mi\u0119kka wy\u015bci\u00f3\u0142ka walizki, regulowane przegrody, dwa zamki na kluczyk \u2013 te elementy wyposa\u017cenia to zapowied\u017a sprz\u0119tu, kt\u00f3ry zabezpieczy transport bez uszkodze\u0144 i bez mieszania si\u0119 zawarto\u015bci walizki. Same za siebie m\u00f3wi\u0105 dane na temat sprzeda\u017cy, bo niniejsza walizka aluminiowa cieszy si\u0119 w\u015br\u00f3d klient\u00f3w ogromnym zainteresowaniem, to jeden z naszych hit\u00f3w 2017 roku, dlatego gor\u0105co polecamy j\u0105, jako przetestowany produkt.<\/p>\n<p><strong>Walizka serwisowa idealnie spe\u0142nia swoj\u0105 rol\u0119:<\/strong><\/p>\n<ul>\n<li>jest lekka, dlatego bez problemu doniesiesz j\u0105 wsz\u0119dzie tam, gdzie potrzebne s\u0105 narz\u0119dzia;<\/li>\n<li>jest por\u0119czna, bo wyposa\u017cona w solidne uchwyty, dlatego mo\u017cesz spakowa\u0107 w ni\u0105 naprawd\u0119 du\u017co przedmiot\u00f3w;<\/li>\n<li>jest bardzo ekonomiczna, to jedna z najta\u0144szych opcji.<\/li>\n<li><strong>DANE TECHNICZNE:<\/strong>&#8211; wymiar wewn\u0119trzny \u2013 410x292x100 mm;\n<p>&#8211; wymiar zewn\u0119trzny \u2013 435x310x120 mm;<\/p>\n<p>&#8211; materia\u0142y: aluminium, p\u0142yta drewniana;<\/p>\n<p>&#8211; waga: 1,9 kg;<\/p>\n<p>&#8211; liczba przegr\u00f3d: 6, regulowanych. ( wype\u0142nienie piankowe w komplecie )<\/li>\n<\/ul>\n<\/div>\n<p>&nbsp;<\/p>\n<p>&nbsp;<\/p>\n<p>&nbsp;<\/p>\n","protected":false},"featured_media":3714,"comment_status":"open","ping_status":"closed","template":"","meta":[],"product_cat":[1794,1813,1401],"product_tag":[2045,1884],"yst_prominent_words":[],"class_list":{"0":"post-3713","1":"product","2":"type-product","3":"status-publish","4":"has-post-thumbnail","6":"product_cat-aluminiowe-metalowe-skrzynie-walizki","7":"product_cat-walizki","8":"product_cat-wyposazenie-warsztatu","9":"product_tag-wal-cwa20p","10":"product_tag-walizka-aluminiowa","11":"entry","13":"first","14":"instock","15":"shipping-taxable","16":"product-type-simple"},"_links":{"self":[{"href":"https:\/\/www.metal-styl.com\/index.php\/wp-json\/wp\/v2\/product\/3713","targetHints":{"allow":["GET"]}}],"collection":[{"href":"https:\/\/www.metal-styl.com\/index.php\/wp-json\/wp\/v2\/product"}],"about":[{"href":"https:\/\/www.metal-styl.com\/index.php\/wp-json\/wp\/v2\/types\/product"}],"replies":[{"embeddable":true,"href":"https:\/\/www.metal-styl.com\/index.php\/wp-json\/wp\/v2\/comments?post=3713"}],"version-history":[{"count":3,"href":"https:\/\/www.metal-styl.com\/index.php\/wp-json\/wp\/v2\/product\/3713\/revisions"}],"predecessor-version":[{"id":4738,"href":"https:\/\/www.metal-styl.com\/index.php\/wp-json\/wp\/v2\/product\/3713\/revisions\/4738"}],"wp:featuredmedia":[{"embeddable":true,"href":"https:\/\/www.metal-styl.com\/index.php\/wp-json\/wp\/v2\/media\/3714"}],"wp:attachment":[{"href":"https:\/\/www.metal-styl.com\/index.php\/wp-json\/wp\/v2\/media?parent=3713"}],"wp:term":[{"taxonomy":"product_cat","embeddable":true,"href":"https:\/\/www.metal-styl.com\/index.php\/wp-json\/wp\/v2\/product_cat?post=3713"},{"taxonomy":"product_tag","embeddable":true,"href":"https:\/\/www.metal-styl.com\/index.php\/wp-json\/wp\/v2\/product_tag?post=3713"},{"taxonomy":"yst_prominent_words","embeddable":true,"href":"https:\/\/www.metal-styl.com\/index.php\/wp-json\/wp\/v2\/yst_prominent_words?post=3713"}],"curies":[{"name":"wp","href":"https:\/\/api.w.org\/{rel}","templated":true}]}}