{"id":3716,"date":"2020-02-27T17:53:13","date_gmt":"2020-02-27T17:53:13","guid":{"rendered":"https:\/\/www.metal-styl.com\/?post_type=product&#038;p=3716"},"modified":"2022-06-17T08:27:24","modified_gmt":"2022-06-17T08:27:24","slug":"walizka-transportowa-walt-cst10","status":"publish","type":"product","link":"https:\/\/www.metal-styl.com\/index.php\/produkt\/walizka-transportowa-walt-cst10\/","title":{"rendered":"Walizka transportowa WALT-CST10"},"content":{"rendered":"<p class=\"title\">\n<p>&nbsp;<\/p>\n","protected":false},"excerpt":{"rendered":"<p><strong>Wymiary: wys\/szer\/g\u0142 435x575x315mm<\/strong><\/p>\n<p>Prezentowana <strong>walizka transportowa<\/strong> ze wzgl\u0119du na sw\u00f3j rozmiar znajduje zastosowanie przy transporcie du\u017cych sprz\u0119t\u00f3w, nawet tak cennych i delikatnych jak urz\u0105dzenia pomiarowe czy sprz\u0119t muzyczny. Natomiast dzi\u0119ki specjalnym dodatkowym wzmocnieniom naro\u017cnik\u00f3w sprawdzi si\u0119 w ka\u017cdych warunkach.<\/p>\n<p>W\u0142a\u015bciwo\u015bci:<\/p>\n<p>&#8211; g\u0142\u00f3wny materia\u0142, z kt\u00f3rego jest wykonana to aluminium, materia\u0142y uzupe\u0142niaj\u0105ce to tworzywo sztuczne i p\u0142yta drewniano-pil\u015bniowa;<\/p>\n<p>&#8211; naro\u017cniki wzmocnione za pomoc\u0105 stalowych kul;<\/p>\n<p>&#8211; zamki;<\/p>\n<p>&#8211; wieko z ta\u015bmami u\u0142atwiaj\u0105cymi zamocowanie kabli, itp.<\/p>\n<p>Walizka ma uniwersalne zastosowanie, mo\u017cna j\u0105 przenosi\u0107 zar\u00f3wno w pionie jak i poziomie, a tak\u017ce swobodnie manewrowa\u0107 w trakcie transportu, co u\u0142atwiaj\u0105 wygodne uchwyty umieszczone na trzech \u015bcianach skrzyni.<\/p>\n<p>Oferujemy r\u00f3wnie\u017c inne rozmiary tego typu skrzy\u0144 transportowych.<\/p>\n<p>&nbsp;<\/p>\n<p><strong>\u00a0<\/strong><\/p>\n","protected":false},"featured_media":3717,"comment_status":"open","ping_status":"closed","template":"","meta":[],"product_cat":[1794,1813,1401],"product_tag":[1802,1804,2006,2046],"yst_prominent_words":[],"class_list":{"0":"post-3716","1":"product","2":"type-product","3":"status-publish","4":"has-post-thumbnail","6":"product_cat-aluminiowe-metalowe-skrzynie-walizki","7":"product_cat-walizki","8":"product_cat-wyposazenie-warsztatu","9":"product_tag-skrzynia-transportowa","10":"product_tag-skrzynka-do-transportu","11":"product_tag-walizka-transportowa","12":"product_tag-walt-cst10","13":"entry","15":"first","16":"instock","17":"shipping-taxable","18":"product-type-simple"},"_links":{"self":[{"href":"https:\/\/www.metal-styl.com\/index.php\/wp-json\/wp\/v2\/product\/3716","targetHints":{"allow":["GET"]}}],"collection":[{"href":"https:\/\/www.metal-styl.com\/index.php\/wp-json\/wp\/v2\/product"}],"about":[{"href":"https:\/\/www.metal-styl.com\/index.php\/wp-json\/wp\/v2\/types\/product"}],"replies":[{"embeddable":true,"href":"https:\/\/www.metal-styl.com\/index.php\/wp-json\/wp\/v2\/comments?post=3716"}],"version-history":[{"count":3,"href":"https:\/\/www.metal-styl.com\/index.php\/wp-json\/wp\/v2\/product\/3716\/revisions"}],"predecessor-version":[{"id":4736,"href":"https:\/\/www.metal-styl.com\/index.php\/wp-json\/wp\/v2\/product\/3716\/revisions\/4736"}],"wp:featuredmedia":[{"embeddable":true,"href":"https:\/\/www.metal-styl.com\/index.php\/wp-json\/wp\/v2\/media\/3717"}],"wp:attachment":[{"href":"https:\/\/www.metal-styl.com\/index.php\/wp-json\/wp\/v2\/media?parent=3716"}],"wp:term":[{"taxonomy":"product_cat","embeddable":true,"href":"https:\/\/www.metal-styl.com\/index.php\/wp-json\/wp\/v2\/product_cat?post=3716"},{"taxonomy":"product_tag","embeddable":true,"href":"https:\/\/www.metal-styl.com\/index.php\/wp-json\/wp\/v2\/product_tag?post=3716"},{"taxonomy":"yst_prominent_words","embeddable":true,"href":"https:\/\/www.metal-styl.com\/index.php\/wp-json\/wp\/v2\/yst_prominent_words?post=3716"}],"curies":[{"name":"wp","href":"https:\/\/api.w.org\/{rel}","templated":true}]}}