{"id":3735,"date":"2020-02-27T18:08:39","date_gmt":"2020-02-27T18:08:39","guid":{"rendered":"https:\/\/www.metal-styl.com\/?post_type=product&#038;p=3735"},"modified":"2022-06-17T08:26:24","modified_gmt":"2022-06-17T08:26:24","slug":"walizka-montazowa-walm-427351","status":"publish","type":"product","link":"https:\/\/www.metal-styl.com\/index.php\/produkt\/walizka-montazowa-walm-427351\/","title":{"rendered":"Walizka monta\u017cowa WALM-427351"},"content":{"rendered":"<p class=\"title\">\n<p>&nbsp;<\/p>\n<p>&nbsp;<\/p>\n","protected":false},"excerpt":{"rendered":"<p><strong>Wymiary: wys\/szer\/g\u0142 405x500x265mm<\/strong><\/p>\n<div class=\"subtitte\">Walizka serwisowa i monta\u017cowa z aluminium<\/div>\n<div class=\"short\">Sprawdzona, stabilna pomocna w podr\u00f3\u017cy.\u00a0Specjalnie dla elektryka lub technika obs\u0142ugi klienta, z indywidualnymi\u00a0akcesoriami we wn\u0119trzu.<\/div>\n<div class=\"wrap-benefits text-block\">\n<h4><\/h4>\n<ul class=\"benefits\">\n<li>Mo\u017cliwo\u015b\u0107 rozbudowy o \u015bcian\u0119 dzia\u0142ow\u0105, w tym skrzynie asortymentowe i wysuwany uchwyt na przybory<\/li>\n<li>Du\u017ca przestrze\u0144 do przechowywania<\/li>\n<li>Wyjmowany w\u00f3zek dost\u0119pny jako wyposa\u017cenie dodatkowe<\/li>\n<li>Solidna obudowa z mocnymi naro\u017cnikami ochronnymi<\/li>\n<li>Opcjonalny pasek do przenoszenia dost\u0119pny jako wyposa\u017cenie dodatkowe<\/li>\n<li>Zamek szyfrowy, wygodny uchwyt<\/li>\n<\/ul>\n<\/div>\n<p>&nbsp;<\/p>\n","protected":false},"featured_media":3736,"comment_status":"open","ping_status":"closed","template":"","meta":[],"product_cat":[1794,1813,1401],"product_tag":[1802,1804,2057,2006,2056],"yst_prominent_words":[],"class_list":{"0":"post-3735","1":"product","2":"type-product","3":"status-publish","4":"has-post-thumbnail","6":"product_cat-aluminiowe-metalowe-skrzynie-walizki","7":"product_cat-walizki","8":"product_cat-wyposazenie-warsztatu","9":"product_tag-skrzynia-transportowa","10":"product_tag-skrzynka-do-transportu","11":"product_tag-walizka-montazowa","12":"product_tag-walizka-transportowa","13":"product_tag-walm-427351","14":"entry","16":"first","17":"instock","18":"shipping-taxable","19":"product-type-simple"},"_links":{"self":[{"href":"https:\/\/www.metal-styl.com\/index.php\/wp-json\/wp\/v2\/product\/3735","targetHints":{"allow":["GET"]}}],"collection":[{"href":"https:\/\/www.metal-styl.com\/index.php\/wp-json\/wp\/v2\/product"}],"about":[{"href":"https:\/\/www.metal-styl.com\/index.php\/wp-json\/wp\/v2\/types\/product"}],"replies":[{"embeddable":true,"href":"https:\/\/www.metal-styl.com\/index.php\/wp-json\/wp\/v2\/comments?post=3735"}],"version-history":[{"count":3,"href":"https:\/\/www.metal-styl.com\/index.php\/wp-json\/wp\/v2\/product\/3735\/revisions"}],"predecessor-version":[{"id":4730,"href":"https:\/\/www.metal-styl.com\/index.php\/wp-json\/wp\/v2\/product\/3735\/revisions\/4730"}],"wp:featuredmedia":[{"embeddable":true,"href":"https:\/\/www.metal-styl.com\/index.php\/wp-json\/wp\/v2\/media\/3736"}],"wp:attachment":[{"href":"https:\/\/www.metal-styl.com\/index.php\/wp-json\/wp\/v2\/media?parent=3735"}],"wp:term":[{"taxonomy":"product_cat","embeddable":true,"href":"https:\/\/www.metal-styl.com\/index.php\/wp-json\/wp\/v2\/product_cat?post=3735"},{"taxonomy":"product_tag","embeddable":true,"href":"https:\/\/www.metal-styl.com\/index.php\/wp-json\/wp\/v2\/product_tag?post=3735"},{"taxonomy":"yst_prominent_words","embeddable":true,"href":"https:\/\/www.metal-styl.com\/index.php\/wp-json\/wp\/v2\/yst_prominent_words?post=3735"}],"curies":[{"name":"wp","href":"https:\/\/api.w.org\/{rel}","templated":true}]}}