{"id":3743,"date":"2020-02-27T18:17:00","date_gmt":"2020-02-27T18:17:00","guid":{"rendered":"https:\/\/www.metal-styl.com\/?post_type=product&#038;p=3743"},"modified":"2022-06-17T08:25:16","modified_gmt":"2022-06-17T08:25:16","slug":"walizka-montazowa-z-uchwytami-wewnetrznymi-walm-427355","status":"publish","type":"product","link":"https:\/\/www.metal-styl.com\/index.php\/produkt\/walizka-montazowa-z-uchwytami-wewnetrznymi-walm-427355\/","title":{"rendered":"Walizka monta\u017cowa z uchwytami wewn\u0119trznymi WALM-427355"},"content":{"rendered":"<p class=\"title\">\n<p>&nbsp;<\/p>\n","protected":false},"excerpt":{"rendered":"<div class=\"subtitte\">Walizka serwisowa i monta\u017cowa z aluminium<\/div>\n<div class=\"short\">Sprawdzona, stabilna pomocna w podr\u00f3\u017cy.\u00a0Specjalnie dla elektryka lub technika obs\u0142ugi klienta, z indywidualnymi\u00a0akcesoriami we wn\u0119trzu.<\/div>\n<div class=\"wrap-benefits text-block\">\n<h4><\/h4>\n<ul class=\"benefits\">\n<li>Liczne przegr\u00f3dki na dokumenty, narz\u0119dzia i przybory<\/li>\n<li>Z wysuwanym uchwytem na przybory r\u0119czne,<\/li>\n<li>Innov.\u00a0Uchwyt szczotki do elastycznego u\u017cycia narz\u0119dzi o \u015brednicy do 15 mm<\/li>\n<li>Solidna obudowa z mocnymi naro\u017cnikami ochronnymi i solidnym w\u00f3zkiem<\/li>\n<li>Opcjonalny pasek do przenoszenia dost\u0119pny jako wyposa\u017cenie dodatkowe.<\/li>\n<li>Zamek szyfrowy, wygodny uchwyt.<\/li>\n<\/ul>\n<\/div>\n<p>&nbsp;<\/p>\n<p><strong>\u00a0<\/strong><\/p>\n<p><strong>\u00a0<\/strong><\/p>\n","protected":false},"featured_media":3745,"comment_status":"open","ping_status":"closed","template":"","meta":[],"product_cat":[1794,1813,1401],"product_tag":[1802,1804,2057,2006,2062],"yst_prominent_words":[],"class_list":{"0":"post-3743","1":"product","2":"type-product","3":"status-publish","4":"has-post-thumbnail","6":"product_cat-aluminiowe-metalowe-skrzynie-walizki","7":"product_cat-walizki","8":"product_cat-wyposazenie-warsztatu","9":"product_tag-skrzynia-transportowa","10":"product_tag-skrzynka-do-transportu","11":"product_tag-walizka-montazowa","12":"product_tag-walizka-transportowa","13":"product_tag-walm-427355","14":"entry","16":"first","17":"instock","18":"shipping-taxable","19":"product-type-simple"},"_links":{"self":[{"href":"https:\/\/www.metal-styl.com\/index.php\/wp-json\/wp\/v2\/product\/3743","targetHints":{"allow":["GET"]}}],"collection":[{"href":"https:\/\/www.metal-styl.com\/index.php\/wp-json\/wp\/v2\/product"}],"about":[{"href":"https:\/\/www.metal-styl.com\/index.php\/wp-json\/wp\/v2\/types\/product"}],"replies":[{"embeddable":true,"href":"https:\/\/www.metal-styl.com\/index.php\/wp-json\/wp\/v2\/comments?post=3743"}],"version-history":[{"count":3,"href":"https:\/\/www.metal-styl.com\/index.php\/wp-json\/wp\/v2\/product\/3743\/revisions"}],"predecessor-version":[{"id":4726,"href":"https:\/\/www.metal-styl.com\/index.php\/wp-json\/wp\/v2\/product\/3743\/revisions\/4726"}],"wp:featuredmedia":[{"embeddable":true,"href":"https:\/\/www.metal-styl.com\/index.php\/wp-json\/wp\/v2\/media\/3745"}],"wp:attachment":[{"href":"https:\/\/www.metal-styl.com\/index.php\/wp-json\/wp\/v2\/media?parent=3743"}],"wp:term":[{"taxonomy":"product_cat","embeddable":true,"href":"https:\/\/www.metal-styl.com\/index.php\/wp-json\/wp\/v2\/product_cat?post=3743"},{"taxonomy":"product_tag","embeddable":true,"href":"https:\/\/www.metal-styl.com\/index.php\/wp-json\/wp\/v2\/product_tag?post=3743"},{"taxonomy":"yst_prominent_words","embeddable":true,"href":"https:\/\/www.metal-styl.com\/index.php\/wp-json\/wp\/v2\/yst_prominent_words?post=3743"}],"curies":[{"name":"wp","href":"https:\/\/api.w.org\/{rel}","templated":true}]}}