{"id":3752,"date":"2020-02-27T18:29:29","date_gmt":"2020-02-27T18:29:29","guid":{"rendered":"https:\/\/www.metal-styl.com\/?post_type=product&#038;p=3752"},"modified":"2022-06-17T08:24:23","modified_gmt":"2022-06-17T08:24:23","slug":"walizka-serwisowa-wals-426200","status":"publish","type":"product","link":"https:\/\/www.metal-styl.com\/index.php\/produkt\/walizka-serwisowa-wals-426200\/","title":{"rendered":"Walizka serwisowa z przegrodami WALS-426200"},"content":{"rendered":"<p class=\"title\">\n<p>&nbsp;<\/p>\n","protected":false},"excerpt":{"rendered":"<p><strong>Wymiary: wys\/szer\/g\u0142 145x445x370mm<\/strong><\/p>\n<p class=\"title\">W pe\u0142ni profesjonalna walizka serwisowa niemieckiej firmy Allit z regulowanymi przegrodami oraz metalowymi uchwytami na narz\u0119dzia r\u0119czne w g\u00f3rnej cz\u0119\u015bci walizki ( bez wyposa\u017cenia narz\u0119dzi ). Solidna aluminiowa obudowa, zamkni\u0119cia szyfrowe oraz mocne naro\u017cniki naro\u017cniki z tworzywa sztucznego sprawiaj\u0105 i\u017c walizka jest mocna i niedost\u0119pna dla os\u00f3b postronnych.<\/p>\n<p>&nbsp;<\/p>\n","protected":false},"featured_media":3753,"comment_status":"open","ping_status":"closed","template":"","meta":[],"product_cat":[1794,1813,1401],"product_tag":[1802,1804,1940,1984,2065],"yst_prominent_words":[],"class_list":{"0":"post-3752","1":"product","2":"type-product","3":"status-publish","4":"has-post-thumbnail","6":"product_cat-aluminiowe-metalowe-skrzynie-walizki","7":"product_cat-walizki","8":"product_cat-wyposazenie-warsztatu","9":"product_tag-skrzynia-transportowa","10":"product_tag-skrzynka-do-transportu","11":"product_tag-walizka-narzedziowa","12":"product_tag-walizka-serwisowa","13":"product_tag-wals-426200","14":"entry","16":"first","17":"instock","18":"shipping-taxable","19":"product-type-simple"},"_links":{"self":[{"href":"https:\/\/www.metal-styl.com\/index.php\/wp-json\/wp\/v2\/product\/3752","targetHints":{"allow":["GET"]}}],"collection":[{"href":"https:\/\/www.metal-styl.com\/index.php\/wp-json\/wp\/v2\/product"}],"about":[{"href":"https:\/\/www.metal-styl.com\/index.php\/wp-json\/wp\/v2\/types\/product"}],"replies":[{"embeddable":true,"href":"https:\/\/www.metal-styl.com\/index.php\/wp-json\/wp\/v2\/comments?post=3752"}],"version-history":[{"count":3,"href":"https:\/\/www.metal-styl.com\/index.php\/wp-json\/wp\/v2\/product\/3752\/revisions"}],"predecessor-version":[{"id":4722,"href":"https:\/\/www.metal-styl.com\/index.php\/wp-json\/wp\/v2\/product\/3752\/revisions\/4722"}],"wp:featuredmedia":[{"embeddable":true,"href":"https:\/\/www.metal-styl.com\/index.php\/wp-json\/wp\/v2\/media\/3753"}],"wp:attachment":[{"href":"https:\/\/www.metal-styl.com\/index.php\/wp-json\/wp\/v2\/media?parent=3752"}],"wp:term":[{"taxonomy":"product_cat","embeddable":true,"href":"https:\/\/www.metal-styl.com\/index.php\/wp-json\/wp\/v2\/product_cat?post=3752"},{"taxonomy":"product_tag","embeddable":true,"href":"https:\/\/www.metal-styl.com\/index.php\/wp-json\/wp\/v2\/product_tag?post=3752"},{"taxonomy":"yst_prominent_words","embeddable":true,"href":"https:\/\/www.metal-styl.com\/index.php\/wp-json\/wp\/v2\/yst_prominent_words?post=3752"}],"curies":[{"name":"wp","href":"https:\/\/api.w.org\/{rel}","templated":true}]}}