{"id":3755,"date":"2020-02-27T18:34:52","date_gmt":"2020-02-27T18:34:52","guid":{"rendered":"https:\/\/www.metal-styl.com\/?post_type=product&#038;p=3755"},"modified":"2022-06-17T08:23:45","modified_gmt":"2022-06-17T08:23:45","slug":"walizka-serwisowa-pusta-wals-420220","status":"publish","type":"product","link":"https:\/\/www.metal-styl.com\/index.php\/produkt\/walizka-serwisowa-pusta-wals-420220\/","title":{"rendered":"Walizka serwisowa WALS-420220"},"content":{"rendered":"<p class=\"title\">\n<p>&nbsp;<\/p>\n<p>&nbsp;<\/p>\n","protected":false},"excerpt":{"rendered":"<p><strong>Wymiary: wys\/szer\/g\u0142 175x470x375mm<\/strong><\/p>\n<p>Oferowana przez nas walizka posiada wszystkie cechy idealnej <strong>walizki serwisowej.<\/strong> Z zewn\u0105trz &#8211; wyprodukowana z odpornego na uszkodzenia materia\u0142u tj. aluminium, z obudow\u0105 odporn\u0105 na wstrz\u0105sy, ze stabilnymi naro\u017cnikami i zamkami zabezpieczonymi przed nag\u0142ym otwarciem. W \u015brodku natomiast pomie\u015bci si\u0119 wszystko, co niezb\u0119dne do pracy profesjonalnego serwisanta czy montera, a to za spraw\u0105 palet na narz\u0119dzia, z pojemnymi kieszeniami i praktycznymi uchwytami.<\/p>\n<p>W\u0142a\u015bciwo\u015bci:<\/p>\n<p>&#8211; materia\u0142 wykonania: aluminium, tworzywo sztuczne oraz p\u0142yta drewniano &#8211; pil\u015bniowa;<\/p>\n<p>&#8211; wzmocnione naro\u017cniki;<\/p>\n<p>&#8211; mocny uchwyt;<\/p>\n<p>&#8211; zamki na kluczyk, z dodatkowymi klamrami;<\/p>\n<p>&#8211; palety na narz\u0119dzia, z dodatkowymi przegrodami i kieszeniami.<\/p>\n","protected":false},"featured_media":3756,"comment_status":"open","ping_status":"closed","template":"","meta":[],"product_cat":[1794,1813,1401],"product_tag":[1802,1804,1940,1984,2068],"yst_prominent_words":[],"class_list":{"0":"post-3755","1":"product","2":"type-product","3":"status-publish","4":"has-post-thumbnail","6":"product_cat-aluminiowe-metalowe-skrzynie-walizki","7":"product_cat-walizki","8":"product_cat-wyposazenie-warsztatu","9":"product_tag-skrzynia-transportowa","10":"product_tag-skrzynka-do-transportu","11":"product_tag-walizka-narzedziowa","12":"product_tag-walizka-serwisowa","13":"product_tag-wals-420220","14":"entry","16":"first","17":"instock","18":"shipping-taxable","19":"product-type-simple"},"_links":{"self":[{"href":"https:\/\/www.metal-styl.com\/index.php\/wp-json\/wp\/v2\/product\/3755","targetHints":{"allow":["GET"]}}],"collection":[{"href":"https:\/\/www.metal-styl.com\/index.php\/wp-json\/wp\/v2\/product"}],"about":[{"href":"https:\/\/www.metal-styl.com\/index.php\/wp-json\/wp\/v2\/types\/product"}],"replies":[{"embeddable":true,"href":"https:\/\/www.metal-styl.com\/index.php\/wp-json\/wp\/v2\/comments?post=3755"}],"version-history":[{"count":3,"href":"https:\/\/www.metal-styl.com\/index.php\/wp-json\/wp\/v2\/product\/3755\/revisions"}],"predecessor-version":[{"id":4720,"href":"https:\/\/www.metal-styl.com\/index.php\/wp-json\/wp\/v2\/product\/3755\/revisions\/4720"}],"wp:featuredmedia":[{"embeddable":true,"href":"https:\/\/www.metal-styl.com\/index.php\/wp-json\/wp\/v2\/media\/3756"}],"wp:attachment":[{"href":"https:\/\/www.metal-styl.com\/index.php\/wp-json\/wp\/v2\/media?parent=3755"}],"wp:term":[{"taxonomy":"product_cat","embeddable":true,"href":"https:\/\/www.metal-styl.com\/index.php\/wp-json\/wp\/v2\/product_cat?post=3755"},{"taxonomy":"product_tag","embeddable":true,"href":"https:\/\/www.metal-styl.com\/index.php\/wp-json\/wp\/v2\/product_tag?post=3755"},{"taxonomy":"yst_prominent_words","embeddable":true,"href":"https:\/\/www.metal-styl.com\/index.php\/wp-json\/wp\/v2\/yst_prominent_words?post=3755"}],"curies":[{"name":"wp","href":"https:\/\/api.w.org\/{rel}","templated":true}]}}