{"id":3781,"date":"2020-02-27T19:07:25","date_gmt":"2020-02-27T19:07:25","guid":{"rendered":"https:\/\/www.metal-styl.com\/?post_type=product&#038;p=3781"},"modified":"2022-06-17T08:20:42","modified_gmt":"2022-06-17T08:20:42","slug":"walizka-abs-49-walabs-422211","status":"publish","type":"product","link":"https:\/\/www.metal-styl.com\/index.php\/produkt\/walizka-abs-49-walabs-422211\/","title":{"rendered":"Walizka ABS 49 WALABS-422211"},"content":{"rendered":"<p class=\"title\">\n<p>&nbsp;<\/p>\n","protected":false},"excerpt":{"rendered":"<p><strong>Wymiary: wys\/szer\/g\u0142 190x490x499mm<\/strong><\/p>\n<p>Prezentowana <strong>walizka aluminiowa<\/strong> to kolejny produkt sprawdzonej marki <strong>Allit<\/strong>. Walizka wykonana z tworzywa ABS charakteryzuje si\u0119 obudow\u0105 wyj\u0105tkowo odporn\u0105 na wstrz\u0105sy i uderzenia. Profesjonalizm wykonania odnosi si\u0119 r\u00f3wnie\u017c do rozwi\u0105za\u0144 zastosowanych wewn\u0105trz produktu &#8211; przestrze\u0144 walizki zorganizowana zosta\u0142a w przemy\u015blany spos\u00f3b, kt\u00f3ry zabezpieczy transport i przechowywanie licznych element\u00f3w o zr\u00f3\u017cnicowanych wymiarach. Szczeg\u00f3lnymi udogodnieniami s\u0105 uchwyty na narz\u0119dzia i funkcjonalne przegrody. Dodatkowym zabezpieczeniem dla transportowanych i przechowywanych sprz\u0119t\u00f3w jest zamek szyfrowy, bardzo prosty w obs\u0142udze.<\/p>\n<p>W\u0142a\u015bciwo\u015bci:<\/p>\n<p>&#8211; materia\u0142 wykonania: aluminium, tworzywo ABS;<\/p>\n<p>&#8211; stabilny uchwyt;<\/p>\n<p>&#8211; zamek;<\/p>\n<p>&#8211; funkcjonalny podzia\u0142 przestrzeni wewn\u0105trz walizki.<\/p>\n<p>Ze wzgl\u0119du na uniwersalne w\u0142a\u015bciwo\u015bci walizka typu ABS zaspokoi potrzeby profesjonalnego serwisanta i domowego majsterkowicza. Wygodna, wytrzyma\u0142a i bezpieczna &#8211; oto cechy idealnego produktu.<\/p>\n<p>Narz\u0119dzia zaprezentowane w walizce nie s\u0105 cz\u0119\u015bci\u0105 niniejszej oferty.<\/p>\n<p>&nbsp;<\/p>\n","protected":false},"featured_media":3782,"comment_status":"open","ping_status":"closed","template":"","meta":[],"product_cat":[1794,1813,1401],"product_tag":[2079,2080,1940,1984,1992,2081],"yst_prominent_words":[],"class_list":{"0":"post-3781","1":"product","2":"type-product","3":"status-publish","4":"has-post-thumbnail","6":"product_cat-aluminiowe-metalowe-skrzynie-walizki","7":"product_cat-walizki","8":"product_cat-wyposazenie-warsztatu","9":"product_tag-walabs-422211","10":"product_tag-walizka-abs","11":"product_tag-walizka-narzedziowa","12":"product_tag-walizka-serwisowa","13":"product_tag-walizka-warsztatowa","14":"product_tag-walizka-z-tworzywa-abs","15":"entry","17":"first","18":"instock","19":"shipping-taxable","20":"product-type-simple"},"_links":{"self":[{"href":"https:\/\/www.metal-styl.com\/index.php\/wp-json\/wp\/v2\/product\/3781","targetHints":{"allow":["GET"]}}],"collection":[{"href":"https:\/\/www.metal-styl.com\/index.php\/wp-json\/wp\/v2\/product"}],"about":[{"href":"https:\/\/www.metal-styl.com\/index.php\/wp-json\/wp\/v2\/types\/product"}],"replies":[{"embeddable":true,"href":"https:\/\/www.metal-styl.com\/index.php\/wp-json\/wp\/v2\/comments?post=3781"}],"version-history":[{"count":3,"href":"https:\/\/www.metal-styl.com\/index.php\/wp-json\/wp\/v2\/product\/3781\/revisions"}],"predecessor-version":[{"id":4707,"href":"https:\/\/www.metal-styl.com\/index.php\/wp-json\/wp\/v2\/product\/3781\/revisions\/4707"}],"wp:featuredmedia":[{"embeddable":true,"href":"https:\/\/www.metal-styl.com\/index.php\/wp-json\/wp\/v2\/media\/3782"}],"wp:attachment":[{"href":"https:\/\/www.metal-styl.com\/index.php\/wp-json\/wp\/v2\/media?parent=3781"}],"wp:term":[{"taxonomy":"product_cat","embeddable":true,"href":"https:\/\/www.metal-styl.com\/index.php\/wp-json\/wp\/v2\/product_cat?post=3781"},{"taxonomy":"product_tag","embeddable":true,"href":"https:\/\/www.metal-styl.com\/index.php\/wp-json\/wp\/v2\/product_tag?post=3781"},{"taxonomy":"yst_prominent_words","embeddable":true,"href":"https:\/\/www.metal-styl.com\/index.php\/wp-json\/wp\/v2\/yst_prominent_words?post=3781"}],"curies":[{"name":"wp","href":"https:\/\/api.w.org\/{rel}","templated":true}]}}