{"id":3784,"date":"2020-02-27T19:14:14","date_gmt":"2020-02-27T19:14:14","guid":{"rendered":"https:\/\/www.metal-styl.com\/?post_type=product&#038;p=3784"},"modified":"2022-06-17T08:20:11","modified_gmt":"2022-06-17T08:20:11","slug":"walizka-aluminiowa-duza-wal-cwa10bp","status":"publish","type":"product","link":"https:\/\/www.metal-styl.com\/index.php\/produkt\/walizka-aluminiowa-duza-wal-cwa10bp\/","title":{"rendered":"Walizka aluminiowa du\u017ca WAL-CWA10BP bez paletki narz\u0119dziowej"},"content":{"rendered":"<p class=\"title\">\n<div class=\"resetcss\">\n<p>&nbsp;<\/p>\n<\/div>\n<p>&nbsp;<\/p>\n","protected":false},"excerpt":{"rendered":"<p><strong>Wymiary: wys\/szer\/g\u0142 160x466x355mm<\/strong><\/p>\n<p>Proponujemy\u00a0<strong>walizk\u0119 aluminiow\u0105<\/strong>, ciesz\u0105c\u0105 si\u0119 du\u017cym uznaniem zar\u00f3wno w\u015br\u00f3d profesjonalist\u00f3w jak i majsterkowicz\u00f3w. Jest jednym z najbardziej popularnych, najprostszych i najta\u0144szych rozwi\u0105za\u0144 w\u015br\u00f3d popularnych walizek aluminiowych. Popularno\u015b\u0107 zawdzi\u0119czaj\u0105 bardzo du\u017cej funkcjonalno\u015bci, kt\u00f3ra przejawia si\u0119 cho\u0107by w materiale, z kt\u00f3rego walizki s\u0105 wykonane. Aluminium nie tylko zapewnia nowoczesny wygl\u0105d i jest \u0142atwe w utrzymaniu czysto\u015bci, przede wszystkim jest lekkie i wytrzyma\u0142e, dlatego tak dobrze sprawdza si\u0119 w codziennej pracy.<\/p>\n<p>W\u0142a\u015bciwo\u015bci:<\/p>\n<p>&#8211; materia\u0142 wykonania: aluminium;<\/p>\n<p>&#8211; wzmocnione naro\u017cniki;<\/p>\n<p>&#8211; mocny uchwyt;<\/p>\n<p>&#8211; solidne zamki;<\/p>\n<p>&#8211; wieko z organizerem na drobne przedmioty;<\/p>\n<p>&#8211; mi\u0119kkie przegrody, kt\u00f3re mo\u017cna demontowa\u0107;<\/p>\n<p>Do walizki do\u0142\u0105czony jest pasek na rami\u0119, kt\u00f3ry u\u0142atwia przenoszenie walizki w trakcie pracy w terenie.<\/p>\n","protected":false},"featured_media":3792,"comment_status":"open","ping_status":"closed","template":"","meta":[],"product_cat":[1794,1813,1401],"product_tag":[2088,2087,1884],"yst_prominent_words":[],"class_list":{"0":"post-3784","1":"product","2":"type-product","3":"status-publish","4":"has-post-thumbnail","6":"product_cat-aluminiowe-metalowe-skrzynie-walizki","7":"product_cat-walizki","8":"product_cat-wyposazenie-warsztatu","9":"product_tag-duza-walizka-aluminiowa","10":"product_tag-wal-cwa10bp","11":"product_tag-walizka-aluminiowa","12":"entry","14":"first","15":"instock","16":"shipping-taxable","17":"product-type-simple"},"_links":{"self":[{"href":"https:\/\/www.metal-styl.com\/index.php\/wp-json\/wp\/v2\/product\/3784","targetHints":{"allow":["GET"]}}],"collection":[{"href":"https:\/\/www.metal-styl.com\/index.php\/wp-json\/wp\/v2\/product"}],"about":[{"href":"https:\/\/www.metal-styl.com\/index.php\/wp-json\/wp\/v2\/types\/product"}],"replies":[{"embeddable":true,"href":"https:\/\/www.metal-styl.com\/index.php\/wp-json\/wp\/v2\/comments?post=3784"}],"version-history":[{"count":3,"href":"https:\/\/www.metal-styl.com\/index.php\/wp-json\/wp\/v2\/product\/3784\/revisions"}],"predecessor-version":[{"id":4705,"href":"https:\/\/www.metal-styl.com\/index.php\/wp-json\/wp\/v2\/product\/3784\/revisions\/4705"}],"wp:featuredmedia":[{"embeddable":true,"href":"https:\/\/www.metal-styl.com\/index.php\/wp-json\/wp\/v2\/media\/3792"}],"wp:attachment":[{"href":"https:\/\/www.metal-styl.com\/index.php\/wp-json\/wp\/v2\/media?parent=3784"}],"wp:term":[{"taxonomy":"product_cat","embeddable":true,"href":"https:\/\/www.metal-styl.com\/index.php\/wp-json\/wp\/v2\/product_cat?post=3784"},{"taxonomy":"product_tag","embeddable":true,"href":"https:\/\/www.metal-styl.com\/index.php\/wp-json\/wp\/v2\/product_tag?post=3784"},{"taxonomy":"yst_prominent_words","embeddable":true,"href":"https:\/\/www.metal-styl.com\/index.php\/wp-json\/wp\/v2\/yst_prominent_words?post=3784"}],"curies":[{"name":"wp","href":"https:\/\/api.w.org\/{rel}","templated":true}]}}