{"id":3833,"date":"2020-02-27T22:45:20","date_gmt":"2020-02-27T22:45:20","guid":{"rendered":"https:\/\/www.metal-styl.com\/?post_type=product&#038;p=3833"},"modified":"2022-06-16T13:14:00","modified_gmt":"2022-06-16T13:14:00","slug":"walizka-narzedziowa-metalowa-skmet-el490636","status":"publish","type":"product","link":"https:\/\/www.metal-styl.com\/index.php\/produkt\/walizka-narzedziowa-metalowa-skmet-el490636\/","title":{"rendered":"Walizka narz\u0119dziowa metalowa SKMET-EL490636"},"content":{"rendered":"<p>&nbsp;<\/p>\n<p>&nbsp;<\/p>\n","protected":false},"excerpt":{"rendered":"<p class=\"title\"><strong>Wymiary: wys\/szer\/g\u0142 165x625x335mm<\/strong><\/p>\n<p>Solidna walizka metalowa przeznaczona na przechowywanie elektronarz\u0119dzi.<\/p>\n<p>Zalety <b>uniwersalnej metalowej walizki do elektronarz\u0119dzi<\/b>:<\/p>\n<ul>\n<li>Wykonana z blachy stalowej.<\/li>\n<li>Malowana proszkowo.<\/li>\n<li>Przeznaczona dla profesjonalist\u00f3w.<\/li>\n<li>Z elastyczn\u0105 wk\u0142adk\u0105 z pianki.<\/li>\n<li>Idealne do przechowywania i transportu elektronarz\u0119dzi wraz z osprz\u0119tem.<\/li>\n<\/ul>\n<p><strong>\u00a0<\/strong><\/p>\n","protected":false},"featured_media":3834,"comment_status":"open","ping_status":"closed","template":"","meta":[],"product_cat":[1809,1401],"product_tag":[2114,2110,2111,1940,2109,1984],"yst_prominent_words":[],"class_list":{"0":"post-3833","1":"product","2":"type-product","3":"status-publish","4":"has-post-thumbnail","6":"product_cat-walizki-na-elektronarzedzia","7":"product_cat-wyposazenie-warsztatu","8":"product_tag-skmet-el490636","9":"product_tag-walizka-metalowa-na-elektronarzedzia","10":"product_tag-walizka-na-elektronarzedzia","11":"product_tag-walizka-narzedziowa","12":"product_tag-walizka-narzedziowa-metalowa","13":"product_tag-walizka-serwisowa","14":"entry","16":"first","17":"instock","18":"shipping-taxable","19":"product-type-simple"},"_links":{"self":[{"href":"https:\/\/www.metal-styl.com\/index.php\/wp-json\/wp\/v2\/product\/3833","targetHints":{"allow":["GET"]}}],"collection":[{"href":"https:\/\/www.metal-styl.com\/index.php\/wp-json\/wp\/v2\/product"}],"about":[{"href":"https:\/\/www.metal-styl.com\/index.php\/wp-json\/wp\/v2\/types\/product"}],"replies":[{"embeddable":true,"href":"https:\/\/www.metal-styl.com\/index.php\/wp-json\/wp\/v2\/comments?post=3833"}],"version-history":[{"count":3,"href":"https:\/\/www.metal-styl.com\/index.php\/wp-json\/wp\/v2\/product\/3833\/revisions"}],"predecessor-version":[{"id":4685,"href":"https:\/\/www.metal-styl.com\/index.php\/wp-json\/wp\/v2\/product\/3833\/revisions\/4685"}],"wp:featuredmedia":[{"embeddable":true,"href":"https:\/\/www.metal-styl.com\/index.php\/wp-json\/wp\/v2\/media\/3834"}],"wp:attachment":[{"href":"https:\/\/www.metal-styl.com\/index.php\/wp-json\/wp\/v2\/media?parent=3833"}],"wp:term":[{"taxonomy":"product_cat","embeddable":true,"href":"https:\/\/www.metal-styl.com\/index.php\/wp-json\/wp\/v2\/product_cat?post=3833"},{"taxonomy":"product_tag","embeddable":true,"href":"https:\/\/www.metal-styl.com\/index.php\/wp-json\/wp\/v2\/product_tag?post=3833"},{"taxonomy":"yst_prominent_words","embeddable":true,"href":"https:\/\/www.metal-styl.com\/index.php\/wp-json\/wp\/v2\/yst_prominent_words?post=3833"}],"curies":[{"name":"wp","href":"https:\/\/api.w.org\/{rel}","templated":true}]}}