{"id":3847,"date":"2020-02-27T23:31:58","date_gmt":"2020-02-27T23:31:58","guid":{"rendered":"https:\/\/www.metal-styl.com\/?post_type=product&#038;p=3847"},"modified":"2022-06-16T13:12:36","modified_gmt":"2022-06-16T13:12:36","slug":"regalik-szufladkowy-14-szuflad-rsp14-465200","status":"publish","type":"product","link":"https:\/\/www.metal-styl.com\/index.php\/produkt\/regalik-szufladkowy-14-szuflad-rsp14-465200\/","title":{"rendered":"Regalik szufladkowy 14 szuflad RSP14-465200"},"content":{"rendered":"<div class=\"product-short-description resetcss large\">\n<p>&nbsp;<\/p>\n<\/div>\n<p>&nbsp;<\/p>\n","protected":false},"excerpt":{"rendered":"<p><strong>\u00a0<\/strong><\/p>\n<p class=\"title\"><strong>Wymiary: wys\/szer\/g\u0142 160x330x300mm<\/strong><\/p>\n<div class=\"resetcss\">\n<p>Regaliki szufladkowe VarioPlus najwy\u017cszej klasy wykonane z wysokoudarowego polipropylenu. Dost\u0119pne w wielu wersjach. S\u0105 estetyczne i wytrzyma\u0142e. R\u00f3\u017cnorodno\u015b\u0107 kombinacji sprawia \u017ce ka\u017cdy znajdzie rozwi\u0105zanie wygodne i funkcjonalne.<\/p>\n<p>Posiadaj\u0105 wewn\u0105trz konstrukcji stalowy szkielet oraz profil wzmacniaj\u0105cy p\u00f3\u0142ki co sprawia i\u017c konstrukcja jest mocna i stabilna. Posiada r\u00f3wnie\u017c zabezpieczenie przed przypadkowym wysuni\u0119ciem szuflady. Mo\u017cliwo\u015b\u0107 monta\u017cu na \u015bcianie oraz sztaplowaniu jeden na drugim.<\/p>\n<p>Komplet przegr\u00f3d GRATIS.<\/p>\n<\/div>\n<div class=\"product-short-description resetcss large\">\n<p><strong>Wymiary szuflad:<\/strong><\/p>\n<p><strong>5 szt &#8211; 33x45x103 mm\u00a0<\/strong><\/p>\n<p><strong>4 szt &#8211; 33x59x103 mm\u00a0<\/strong><\/p>\n<p><strong>2 szt &#8211; 33x133x103 mm\u00a0<\/strong><\/p>\n<p><strong>1 szt &#8211; 33x276x103 mm<\/strong><\/p>\n<p><strong>2 pojemniki z przegrodami<\/strong><\/p>\n<p><strong>Wymiary pojemnika: 72x123x141 mm<\/strong><\/p>\n<p><strong>Wymiary regalika: 160x330x300 mm<\/strong><\/p>\n<p><strong>12 szuflad i 2 pojemniki<\/strong><\/p>\n<\/div>\n<p><strong>\u00a0<\/strong><\/p>\n","protected":false},"featured_media":3848,"comment_status":"open","ping_status":"closed","template":"","meta":[],"product_cat":[1811,1824,1401],"product_tag":[2119,2128,2127,2134],"yst_prominent_words":[],"class_list":{"0":"post-3847","1":"product","2":"type-product","3":"status-publish","4":"has-post-thumbnail","6":"product_cat-regaly-szufladkowo-obrotowe","7":"product_cat-regaliki-szufladkowe-plastikowe","8":"product_cat-wyposazenie-warsztatu","9":"product_tag-regal-szufladkowy","10":"product_tag-regalik-plastikowy","11":"product_tag-regalik-szufladkowy","12":"product_tag-rsp14-465200","13":"entry","15":"first","16":"instock","17":"shipping-taxable","18":"product-type-simple"},"_links":{"self":[{"href":"https:\/\/www.metal-styl.com\/index.php\/wp-json\/wp\/v2\/product\/3847","targetHints":{"allow":["GET"]}}],"collection":[{"href":"https:\/\/www.metal-styl.com\/index.php\/wp-json\/wp\/v2\/product"}],"about":[{"href":"https:\/\/www.metal-styl.com\/index.php\/wp-json\/wp\/v2\/types\/product"}],"replies":[{"embeddable":true,"href":"https:\/\/www.metal-styl.com\/index.php\/wp-json\/wp\/v2\/comments?post=3847"}],"version-history":[{"count":3,"href":"https:\/\/www.metal-styl.com\/index.php\/wp-json\/wp\/v2\/product\/3847\/revisions"}],"predecessor-version":[{"id":4677,"href":"https:\/\/www.metal-styl.com\/index.php\/wp-json\/wp\/v2\/product\/3847\/revisions\/4677"}],"wp:featuredmedia":[{"embeddable":true,"href":"https:\/\/www.metal-styl.com\/index.php\/wp-json\/wp\/v2\/media\/3848"}],"wp:attachment":[{"href":"https:\/\/www.metal-styl.com\/index.php\/wp-json\/wp\/v2\/media?parent=3847"}],"wp:term":[{"taxonomy":"product_cat","embeddable":true,"href":"https:\/\/www.metal-styl.com\/index.php\/wp-json\/wp\/v2\/product_cat?post=3847"},{"taxonomy":"product_tag","embeddable":true,"href":"https:\/\/www.metal-styl.com\/index.php\/wp-json\/wp\/v2\/product_tag?post=3847"},{"taxonomy":"yst_prominent_words","embeddable":true,"href":"https:\/\/www.metal-styl.com\/index.php\/wp-json\/wp\/v2\/yst_prominent_words?post=3847"}],"curies":[{"name":"wp","href":"https:\/\/api.w.org\/{rel}","templated":true}]}}