{"id":3872,"date":"2020-02-28T07:15:34","date_gmt":"2020-02-28T07:15:34","guid":{"rendered":"https:\/\/www.metal-styl.com\/?post_type=product&#038;p=3872"},"modified":"2022-06-16T13:09:51","modified_gmt":"2022-06-16T13:09:51","slug":"regalik-szufladkowy-metalowy-20-szuflad-rsm20-465500","status":"publish","type":"product","link":"https:\/\/www.metal-styl.com\/index.php\/produkt\/regalik-szufladkowy-metalowy-20-szuflad-rsm20-465500\/","title":{"rendered":"Regalik szufladkowy metalowy 20 szuflad RSM20-465500"},"content":{"rendered":"<p><span style=\"color: #800000;\"><strong>\u00a0<\/strong><\/span><\/p>\n<p>&nbsp;<\/p>\n<p>&nbsp;<\/p>\n","protected":false},"excerpt":{"rendered":"<p class=\"title\"><strong>Wymiary: wys\/szer\/g\u0142 295x300x140mm<\/strong><\/p>\n<div class=\"innerbox\">\n<div class=\"resetcss\">\n<p>Regaliki szufladkowe VarioPlus najwy\u017cszej klasy obudowa wykonana z metalu. Dost\u0119pne w wielu wersjach. S\u0105 estetyczne i wytrzyma\u0142e. R\u00f3\u017cnorodno\u015b\u0107 kombinacji sprawia \u017ce ka\u017cdy znajdzie rozwi\u0105zanie wygodne i funkcjonalne.<\/p>\n<p>Posiadaj\u0105 wewn\u0105trz konstrukcji stalowy szkielet oraz profil wzmacniaj\u0105cy p\u00f3\u0142ki co sprawia i\u017c konstrukcja jest mocna i stabilna. Posiada r\u00f3wnie\u017c zabezpieczenie przed przypadkowym wysuni\u0119ciem szuflady. Mo\u017cliwo\u015b\u0107 monta\u017cu na \u015bcianie oraz sztaplowaniu jeden na drugim.<\/p>\n<p>Komplet przegr\u00f3d GRATIS.<\/p>\n<\/div>\n<div class=\"product-short-description resetcss large\">\n<p><strong>Wymiary szuflad:<\/strong><\/p>\n<p><strong>1 x 32x276x105<\/strong><br \/>\n<strong>4 x 32x134x105<\/strong><br \/>\n<strong>15 x 32x45x105<\/strong><\/p>\n<\/div>\n<\/div>\n<p>&nbsp;<\/p>\n<p><strong>\u00a0<\/strong><\/p>\n","protected":false},"featured_media":3873,"comment_status":"open","ping_status":"closed","template":"","meta":[],"product_cat":[1811,1823,1401],"product_tag":[2119,2145,2127,2146,2144],"yst_prominent_words":[],"class_list":{"0":"post-3872","1":"product","2":"type-product","3":"status-publish","4":"has-post-thumbnail","6":"product_cat-regaly-szufladkowo-obrotowe","7":"product_cat-regaliki-szufladkowe-metalowe","8":"product_cat-wyposazenie-warsztatu","9":"product_tag-regal-szufladkowy","10":"product_tag-regalik-metalowy","11":"product_tag-regalik-szufladkowy","12":"product_tag-regalik-szufladowy-metalowy","13":"product_tag-rsm13-466210","14":"entry","16":"first","17":"instock","18":"shipping-taxable","19":"product-type-simple"},"_links":{"self":[{"href":"https:\/\/www.metal-styl.com\/index.php\/wp-json\/wp\/v2\/product\/3872","targetHints":{"allow":["GET"]}}],"collection":[{"href":"https:\/\/www.metal-styl.com\/index.php\/wp-json\/wp\/v2\/product"}],"about":[{"href":"https:\/\/www.metal-styl.com\/index.php\/wp-json\/wp\/v2\/types\/product"}],"replies":[{"embeddable":true,"href":"https:\/\/www.metal-styl.com\/index.php\/wp-json\/wp\/v2\/comments?post=3872"}],"version-history":[{"count":3,"href":"https:\/\/www.metal-styl.com\/index.php\/wp-json\/wp\/v2\/product\/3872\/revisions"}],"predecessor-version":[{"id":4663,"href":"https:\/\/www.metal-styl.com\/index.php\/wp-json\/wp\/v2\/product\/3872\/revisions\/4663"}],"wp:featuredmedia":[{"embeddable":true,"href":"https:\/\/www.metal-styl.com\/index.php\/wp-json\/wp\/v2\/media\/3873"}],"wp:attachment":[{"href":"https:\/\/www.metal-styl.com\/index.php\/wp-json\/wp\/v2\/media?parent=3872"}],"wp:term":[{"taxonomy":"product_cat","embeddable":true,"href":"https:\/\/www.metal-styl.com\/index.php\/wp-json\/wp\/v2\/product_cat?post=3872"},{"taxonomy":"product_tag","embeddable":true,"href":"https:\/\/www.metal-styl.com\/index.php\/wp-json\/wp\/v2\/product_tag?post=3872"},{"taxonomy":"yst_prominent_words","embeddable":true,"href":"https:\/\/www.metal-styl.com\/index.php\/wp-json\/wp\/v2\/yst_prominent_words?post=3872"}],"curies":[{"name":"wp","href":"https:\/\/api.w.org\/{rel}","templated":true}]}}