{"id":388,"date":"2019-11-30T13:27:24","date_gmt":"2019-11-30T13:27:24","guid":{"rendered":"http:\/\/metalsty.cluster014.ovh.net\/pixel\/?post_type=product&#038;p=388"},"modified":"2020-01-03T20:10:26","modified_gmt":"2020-01-03T20:10:26","slug":"szafa-5-skrytkowa-sk5-15-40-szer-skrytki-400mm","status":"publish","type":"product","link":"https:\/\/www.metal-styl.com\/index.php\/produkt\/szafa-5-skrytkowa-sk5-15-40-szer-skrytki-400mm\/","title":{"rendered":"Szafa 5 skrytkowa SK5-15-40 szer.skrytki 400mm"},"content":{"rendered":"<div id=\"idTab1\" class=\"rte\">\n<p><span style=\"color: #800000;\"><strong>Szafa 5 skrytkowa\u00a0 SK5-15-40<\/strong><\/span><\/p>\n<p><strong>Wymiary: wys\/szer\/g\u0142\u00a01800x400x500mm<\/strong><\/p>\n<p>Opis: Szafa szatniowa 5 skrytkowa &#8211; 5 schowk\u00f3w w pionie w 1 kolumnie.<\/p>\n<p>Ka\u017cda skrytka zamykana osobnym zamkiem patentowym, cylindrycznym z ryglowaniem w jednym punkcie ( w komplecie 2 kluczyki do ka\u017cdego zamka).<\/p>\n<p>W drzwiczkach wykonane otwory wentylacyjne, zapewniaj\u0105ce odpowiedni\u0105 cyrkulacj\u0119 powietrza w szafce.<\/p>\n<p>Na drzwiczkach plastikowy wizytownik informacyjny w celu oznakowania skrytki.<\/p>\n<p>Szafka mo\u017ce by\u0107 r\u00f3wnie\u017c na n\u00f3\u017ckach oraz posiada\u0107 sko\u015bny daszek.<\/p>\n<p>Szafa malowana trwa\u0142ymi farbami proszkowymi w kolorze wg. Palety RAL<\/p>\n<p>Oferta cenowa dotyczy koloru: Ral 7035 popielato-platynowy<\/p>\n<p>Istnieje mo\u017cliwo\u015b\u0107 malowania szaf w innym kolorze lub w dw\u00f3ch kolorach.<\/p>\n<p>Mo\u017cliwo\u015b\u0107 wykonania szafy w innych rozmiarach, z inn\u0105 liczb\u0105 skrytek oraz w innych kolorach wg indywidualnych potrzeb klienta.<\/p>\n<p>W celu wyceny prosimy o przes\u0142anie do nas maila na adres\u00a0biuro@metal-styl.com z zapytaniem ofertowym oraz przedstawieniem Pa\u0144stwa potrzeb i oczekiwa\u0144 wobec produktu.<\/p>\n<\/div>\n","protected":false},"excerpt":{"rendered":"<p><span style=\"color: #800000;\"><strong>Szafa 5 skrytkowa\u00a0 SK5-15-40<\/strong><\/span><\/p>\n<p><strong>Wymiary: wys\/szer\/g\u0142\u00a01800x400x500mm<\/strong><\/p>\n","protected":false},"featured_media":986,"comment_status":"open","ping_status":"closed","template":"","meta":[],"product_cat":[36,37],"product_tag":[195,143,186,187,190,220,142,221],"yst_prominent_words":[513,439,512,493,409,450,395,394,510,386,393],"class_list":{"0":"post-388","1":"product","2":"type-product","3":"status-publish","4":"has-post-thumbnail","6":"product_cat-meble-skrytkowe","7":"product_cat-szafki-skrytkowe-sniadaniowe","8":"product_tag-szafa-sniadaniowa","9":"product_tag-szafa-ze-skrytkami","10":"product_tag-szafka-5-skrytkowa","11":"product_tag-szafka-piecioskrytkowa","12":"product_tag-szafka-schowkowa","13":"product_tag-szafka-sk5-15-40","14":"product_tag-szafka-sniadaniowa","15":"product_tag-szafka-sus-415","16":"entry","18":"first","19":"instock","20":"shipping-taxable","21":"product-type-simple"},"_links":{"self":[{"href":"https:\/\/www.metal-styl.com\/index.php\/wp-json\/wp\/v2\/product\/388","targetHints":{"allow":["GET"]}}],"collection":[{"href":"https:\/\/www.metal-styl.com\/index.php\/wp-json\/wp\/v2\/product"}],"about":[{"href":"https:\/\/www.metal-styl.com\/index.php\/wp-json\/wp\/v2\/types\/product"}],"replies":[{"embeddable":true,"href":"https:\/\/www.metal-styl.com\/index.php\/wp-json\/wp\/v2\/comments?post=388"}],"version-history":[{"count":1,"href":"https:\/\/www.metal-styl.com\/index.php\/wp-json\/wp\/v2\/product\/388\/revisions"}],"predecessor-version":[{"id":987,"href":"https:\/\/www.metal-styl.com\/index.php\/wp-json\/wp\/v2\/product\/388\/revisions\/987"}],"wp:featuredmedia":[{"embeddable":true,"href":"https:\/\/www.metal-styl.com\/index.php\/wp-json\/wp\/v2\/media\/986"}],"wp:attachment":[{"href":"https:\/\/www.metal-styl.com\/index.php\/wp-json\/wp\/v2\/media?parent=388"}],"wp:term":[{"taxonomy":"product_cat","embeddable":true,"href":"https:\/\/www.metal-styl.com\/index.php\/wp-json\/wp\/v2\/product_cat?post=388"},{"taxonomy":"product_tag","embeddable":true,"href":"https:\/\/www.metal-styl.com\/index.php\/wp-json\/wp\/v2\/product_tag?post=388"},{"taxonomy":"yst_prominent_words","embeddable":true,"href":"https:\/\/www.metal-styl.com\/index.php\/wp-json\/wp\/v2\/yst_prominent_words?post=388"}],"curies":[{"name":"wp","href":"https:\/\/api.w.org\/{rel}","templated":true}]}}