{"id":3894,"date":"2020-02-28T11:32:26","date_gmt":"2020-02-28T11:32:26","guid":{"rendered":"https:\/\/www.metal-styl.com\/?post_type=product&#038;p=3894"},"modified":"2022-06-16T13:05:57","modified_gmt":"2022-06-16T13:05:57","slug":"tablica-do-pojemnikow-tp-457090cz","status":"publish","type":"product","link":"https:\/\/www.metal-styl.com\/index.php\/produkt\/tablica-do-pojemnikow-tp-457090cz\/","title":{"rendered":"Tablica do pojemnik\u00f3w TP-457090CZ"},"content":{"rendered":"<p><span style=\"color: #800000;\"><strong>\u00a0<\/strong><\/span><\/p>\n<div class=\"resetcss\">\n<div class=\"resetcss\">\n<p>&nbsp;<\/p>\n<\/div>\n<\/div>\n","protected":false},"excerpt":{"rendered":"<p class=\"title\"><strong>Wymiary: wys\/szer\/g\u0142 10x345x372mm<\/strong><\/p>\n<div class=\"resetcss\">\n<div class=\"resetcss\">\n<p>Tablica na pojemniki magazynowe<\/p>\n<p>Profesjonalna podstawa do instalacji dowolnej kombinacji pojemnik\u00f3w warsztatowych. Mo\u017cna j\u0105 potraktowa\u0107 jako baz\u0119 do stworzenia indywidualnej przestrzeni magazynowej w warsztacie czy w gara\u017cu.<\/p>\n<p>Tablic\u0119 w prosty spos\u00f3b montuje si\u0119 na \u015bcianie, a do niej przytwierdza pojemniki magazynowe. Mo\u017cna wykorzysta\u0107 jedn\u0105 tablic\u0119 lub powiesi\u0107 kilka obok siebie i w ten spos\u00f3b, zwi\u0119kszy\u0107 powierzchni\u0119 dla kuwet czy uchwyt\u00f3w na narz\u0119dzia. To rozwi\u0105zanie proste, ale bardzo efektowne. Zadowoli zar\u00f3wno profesjonalist\u00f3w, jak i majsterkowicz\u00f3w.<\/p>\n<p>Dost\u0119pny kolor: czarny.<\/p>\n<p>Wszelkie akcesoria, kt\u00f3re pozwol\u0105 w pe\u0142ni wykorzysta\u0107 mo\u017cliwo\u015bci tablicy znajduj\u0105 si\u0119 w produktach powi\u0105zanych. Zapraszamy, szczeg\u00f3lnie po pojemniki magazynowe w r\u00f3\u017cnych kolorach, wymiarach, obci\u0105\u017calno\u015bci. Gor\u0105co polecamy<\/p>\n<\/div>\n<\/div>\n<p><strong>\u00a0<\/strong><\/p>\n","protected":false},"featured_media":3898,"comment_status":"open","ping_status":"closed","template":"","meta":[],"product_cat":[1401,1810],"product_tag":[2174,2173,330,331,2175],"yst_prominent_words":[],"class_list":{"0":"post-3894","1":"product","2":"type-product","3":"status-publish","4":"has-post-thumbnail","6":"product_cat-wyposazenie-warsztatu","7":"product_cat-zestawy-pojemnikow-listwy-tablice-uchwyty","8":"product_tag-tablica-do-warsztatu","9":"product_tag-tablica-na-pojemniki","10":"product_tag-tablica-narzedziowa","11":"product_tag-tablica-warsztatowa","12":"product_tag-tp-457090cz","13":"entry","15":"first","16":"instock","17":"shipping-taxable","18":"product-type-simple"},"_links":{"self":[{"href":"https:\/\/www.metal-styl.com\/index.php\/wp-json\/wp\/v2\/product\/3894","targetHints":{"allow":["GET"]}}],"collection":[{"href":"https:\/\/www.metal-styl.com\/index.php\/wp-json\/wp\/v2\/product"}],"about":[{"href":"https:\/\/www.metal-styl.com\/index.php\/wp-json\/wp\/v2\/types\/product"}],"replies":[{"embeddable":true,"href":"https:\/\/www.metal-styl.com\/index.php\/wp-json\/wp\/v2\/comments?post=3894"}],"version-history":[{"count":5,"href":"https:\/\/www.metal-styl.com\/index.php\/wp-json\/wp\/v2\/product\/3894\/revisions"}],"predecessor-version":[{"id":4653,"href":"https:\/\/www.metal-styl.com\/index.php\/wp-json\/wp\/v2\/product\/3894\/revisions\/4653"}],"wp:featuredmedia":[{"embeddable":true,"href":"https:\/\/www.metal-styl.com\/index.php\/wp-json\/wp\/v2\/media\/3898"}],"wp:attachment":[{"href":"https:\/\/www.metal-styl.com\/index.php\/wp-json\/wp\/v2\/media?parent=3894"}],"wp:term":[{"taxonomy":"product_cat","embeddable":true,"href":"https:\/\/www.metal-styl.com\/index.php\/wp-json\/wp\/v2\/product_cat?post=3894"},{"taxonomy":"product_tag","embeddable":true,"href":"https:\/\/www.metal-styl.com\/index.php\/wp-json\/wp\/v2\/product_tag?post=3894"},{"taxonomy":"yst_prominent_words","embeddable":true,"href":"https:\/\/www.metal-styl.com\/index.php\/wp-json\/wp\/v2\/yst_prominent_words?post=3894"}],"curies":[{"name":"wp","href":"https:\/\/api.w.org\/{rel}","templated":true}]}}