{"id":3911,"date":"2020-02-28T12:10:19","date_gmt":"2020-02-28T12:10:19","guid":{"rendered":"https:\/\/www.metal-styl.com\/?post_type=product&#038;p=3911"},"modified":"2022-06-16T13:05:10","modified_gmt":"2022-06-16T13:05:10","slug":"zestaw-48-pojemnikow-na-tablicach-zp48-457121","status":"publish","type":"product","link":"https:\/\/www.metal-styl.com\/index.php\/produkt\/zestaw-48-pojemnikow-na-tablicach-zp48-457121\/","title":{"rendered":"Zestaw 48 pojemnik\u00f3w na tablicach ZP48-457121"},"content":{"rendered":"<p><span style=\"color: #800000;\"><strong>\u00a0<\/strong><\/span><\/p>\n<div class=\"innerbox\">\n<div class=\"resetcss\"><\/div>\n<\/div>\n<p>&nbsp;<\/p>\n","protected":false},"excerpt":{"rendered":"<div class=\"innerbox\">\n<div class=\"resetcss\">\n<p>Pojemniki warsztatowe w dw\u00f3ch kolorach czerwonym i \u017c\u00f3\u0142tym<\/p>\n<p>Tym razem \u015bredniej i ma\u0142ej wielko\u015bci, kt\u00f3ra przydaje si\u0119 w\u0142a\u015bciwie w ka\u017cdym pomieszczeniu i przy ka\u017cdym rodzaju segregowania ma\u0142ych przedmiot\u00f3w. Szczeg\u00f3\u0142owo wymiary kszta\u0142tuj\u0105 si\u0119 nast\u0119puj\u0105co: pojemnik czerwony 75x102x160 mm (wymiar zewn\u0119trzny) i 60x68x135 mm (wymiar wewn\u0119trzny). Oraz pojemnik \u017c\u00f3\u0142ty wymiary zewn\u0119trzne i wewn\u0119trzne kuwety to 60x100x102 mm i 45x80x70 mm.<\/p>\n<p>Producent zadba\u0142 o najwy\u017cszej jako\u015bci tworzywo sztuczne \u2013 polipropylen, dzi\u0119ki kt\u00f3remu wszyscy u\u017cytkownicy mog\u0105 cieszy\u0107 si\u0119 kuwetami o wyj\u0105tkowo korzystnych w\u0142a\u015bciwo\u015bciach. Nasze pojemniki magazynowe s\u0105 odporne na odkszta\u0142cenia, dlatego mo\u017cesz spodziewa\u0107 si\u0119, \u017ce stan\u0105 si\u0119 sta\u0142ym elementem wyposa\u017cenia Twojego warsztatu czy gara\u017cu. Korzysta si\u0119 z nich wygodnie, poniewa\u017c maj\u0105 ergonomiczny kszta\u0142t i daj\u0105 mo\u017cliwo\u015b\u0107 skorzystania z ca\u0142ego wachlarza akcesori\u00f3w typu: etykiety, tablice na\u015bcienne, czy przykrywki do pojemnik\u00f3w.<\/p>\n<p>Gor\u0105co polecamy, bo jeste\u015bmy pewni, \u017ce nasz produkt zaspokoi wszelkie potrzeby zwi\u0105zane z pomieszczeniem i przechowaniem lu\u017anych, drobnych przedmiot\u00f3w.<\/p>\n<\/div>\n<div class=\"product-short-description resetcss large\">\n<p><strong>W zestaw wchodz\u0105:<\/strong><\/p>\n<p><strong>4 x tablica (457090CZ )<\/strong><\/p>\n<p><strong>30 x pojemnik czerwony ( 456411 )<\/strong><\/p>\n<p><strong>18 x pojemnik \u017c\u00f3\u0142ty ( 456402 )<\/strong><\/p>\n<\/div>\n<\/div>\n<p>&nbsp;<\/p>\n","protected":false},"featured_media":3912,"comment_status":"open","ping_status":"closed","template":"","meta":[],"product_cat":[1401,1810],"product_tag":[2167,2206,2205],"yst_prominent_words":[],"class_list":{"0":"post-3911","1":"product","2":"type-product","3":"status-publish","4":"has-post-thumbnail","6":"product_cat-wyposazenie-warsztatu","7":"product_cat-zestawy-pojemnikow-listwy-tablice-uchwyty","8":"product_tag-zestaw-pojemnikow","9":"product_tag-zetsaw-pojemnikow-na-tablicach","10":"product_tag-zp48-457121","11":"entry","13":"first","14":"instock","15":"shipping-taxable","16":"product-type-simple"},"_links":{"self":[{"href":"https:\/\/www.metal-styl.com\/index.php\/wp-json\/wp\/v2\/product\/3911","targetHints":{"allow":["GET"]}}],"collection":[{"href":"https:\/\/www.metal-styl.com\/index.php\/wp-json\/wp\/v2\/product"}],"about":[{"href":"https:\/\/www.metal-styl.com\/index.php\/wp-json\/wp\/v2\/types\/product"}],"replies":[{"embeddable":true,"href":"https:\/\/www.metal-styl.com\/index.php\/wp-json\/wp\/v2\/comments?post=3911"}],"version-history":[{"count":3,"href":"https:\/\/www.metal-styl.com\/index.php\/wp-json\/wp\/v2\/product\/3911\/revisions"}],"predecessor-version":[{"id":4651,"href":"https:\/\/www.metal-styl.com\/index.php\/wp-json\/wp\/v2\/product\/3911\/revisions\/4651"}],"wp:featuredmedia":[{"embeddable":true,"href":"https:\/\/www.metal-styl.com\/index.php\/wp-json\/wp\/v2\/media\/3912"}],"wp:attachment":[{"href":"https:\/\/www.metal-styl.com\/index.php\/wp-json\/wp\/v2\/media?parent=3911"}],"wp:term":[{"taxonomy":"product_cat","embeddable":true,"href":"https:\/\/www.metal-styl.com\/index.php\/wp-json\/wp\/v2\/product_cat?post=3911"},{"taxonomy":"product_tag","embeddable":true,"href":"https:\/\/www.metal-styl.com\/index.php\/wp-json\/wp\/v2\/product_tag?post=3911"},{"taxonomy":"yst_prominent_words","embeddable":true,"href":"https:\/\/www.metal-styl.com\/index.php\/wp-json\/wp\/v2\/yst_prominent_words?post=3911"}],"curies":[{"name":"wp","href":"https:\/\/api.w.org\/{rel}","templated":true}]}}