{"id":3915,"date":"2020-02-28T12:15:11","date_gmt":"2020-02-28T12:15:11","guid":{"rendered":"https:\/\/www.metal-styl.com\/?post_type=product&#038;p=3915"},"modified":"2022-06-16T13:04:50","modified_gmt":"2022-06-16T13:04:50","slug":"zestaw-5-pojemnikow-zp5-457045-na-listwie-pcv","status":"publish","type":"product","link":"https:\/\/www.metal-styl.com\/index.php\/produkt\/zestaw-5-pojemnikow-zp5-457045-na-listwie-pcv\/","title":{"rendered":"Zestaw 5 pojemnik\u00f3w magazynowych ZP5-457045 na listwie PCV"},"content":{"rendered":"<p><span style=\"color: #800000;\"><strong>\u00a0<\/strong><\/span><\/p>\n<div class=\"resetcss\">\n<div class=\"resetcss\">\n<div class=\"innerbox\">\n<div class=\"innerbox\">\n<p>&nbsp;<\/p>\n<\/div>\n<\/div>\n<\/div>\n<\/div>\n","protected":false},"excerpt":{"rendered":"<p><strong>Wymiar listwy: 40\u00d7510 mm<\/strong><\/p>\n<p><strong>Wymiar pojemnika: 65x100x102 mm<\/strong><\/p>\n<div class=\"resetcss\">\n<div class=\"resetcss\">\n<div class=\"innerbox\">\n<div class=\"innerbox\">\n<p>Zestaw pojemnik\u00f3w magazynowych na listwie<\/p>\n<p>Kolejny z wariant\u00f3w wygodnych, bo ju\u017c skompletowanych zestaw\u00f3w pojemnik\u00f3w warsztatowych i to na listwie monta\u017cowej. Dostarczamy gotowe rozwi\u0105zania, by jak najbardziej odci\u0105\u017cy\u0107 w codziennej pracy i uczyni\u0107 j\u0105 sprawniejsz\u0105. Tak w\u0142a\u015bnie jest z pojemnikami magazynowymi \u2013 tym razem a\u017c 5 sztuk, to ju\u017c poka\u017ane zaplecze do segregacji drobnych narz\u0119dzi czy akcesori\u00f3w monta\u017cowych.<\/p>\n<p>Sam monta\u017c zestawu jest bardzo prosty \u2013 wystarczy przytwierdzi\u0107 listw\u0119 do \u015bciany, w dowolnie wybranym miejscu. Pojemniki s\u0105 wytrzyma\u0142e, bo wyprodukowane z tworzywa sztucznego o warto\u015bciowych w\u0142a\u015bciwo\u015bciach: solidnego, odpornego na skrajne temperatury i chemikalia. Natomiast listwa PCV to sprawdzone rozwi\u0105zanie, doskonale nadaj\u0105ce si\u0119 do pomieszcze\u0144 magazynowych, warsztat\u00f3w, przydomowych gara\u017cy czy piwnic.<\/p>\n<p>Zestaw zawiera 5 pojemnik\u00f3w magazynowych w kolorze czerwonym oraz listw\u0119 PCV.<\/p>\n<p>Po dodatkowe produkty, inne wymiary kuwet gor\u0105co zapraszamy do powi\u0105zanych produkt\u00f3w.<\/p>\n<\/div>\n<\/div>\n<\/div>\n<\/div>\n<p><strong>\u00a0<\/strong><\/p>\n","protected":false},"featured_media":3916,"comment_status":"open","ping_status":"closed","template":"","meta":[],"product_cat":[1401,1810],"product_tag":[2167,2196,2210],"yst_prominent_words":[],"class_list":{"0":"post-3915","1":"product","2":"type-product","3":"status-publish","4":"has-post-thumbnail","6":"product_cat-wyposazenie-warsztatu","7":"product_cat-zestawy-pojemnikow-listwy-tablice-uchwyty","8":"product_tag-zestaw-pojemnikow","9":"product_tag-zestaw-pojemnikow-na-listwie","10":"product_tag-zp5-457045","11":"entry","13":"first","14":"instock","15":"shipping-taxable","16":"product-type-simple"},"_links":{"self":[{"href":"https:\/\/www.metal-styl.com\/index.php\/wp-json\/wp\/v2\/product\/3915","targetHints":{"allow":["GET"]}}],"collection":[{"href":"https:\/\/www.metal-styl.com\/index.php\/wp-json\/wp\/v2\/product"}],"about":[{"href":"https:\/\/www.metal-styl.com\/index.php\/wp-json\/wp\/v2\/types\/product"}],"replies":[{"embeddable":true,"href":"https:\/\/www.metal-styl.com\/index.php\/wp-json\/wp\/v2\/comments?post=3915"}],"version-history":[{"count":3,"href":"https:\/\/www.metal-styl.com\/index.php\/wp-json\/wp\/v2\/product\/3915\/revisions"}],"predecessor-version":[{"id":4649,"href":"https:\/\/www.metal-styl.com\/index.php\/wp-json\/wp\/v2\/product\/3915\/revisions\/4649"}],"wp:featuredmedia":[{"embeddable":true,"href":"https:\/\/www.metal-styl.com\/index.php\/wp-json\/wp\/v2\/media\/3916"}],"wp:attachment":[{"href":"https:\/\/www.metal-styl.com\/index.php\/wp-json\/wp\/v2\/media?parent=3915"}],"wp:term":[{"taxonomy":"product_cat","embeddable":true,"href":"https:\/\/www.metal-styl.com\/index.php\/wp-json\/wp\/v2\/product_cat?post=3915"},{"taxonomy":"product_tag","embeddable":true,"href":"https:\/\/www.metal-styl.com\/index.php\/wp-json\/wp\/v2\/product_tag?post=3915"},{"taxonomy":"yst_prominent_words","embeddable":true,"href":"https:\/\/www.metal-styl.com\/index.php\/wp-json\/wp\/v2\/yst_prominent_words?post=3915"}],"curies":[{"name":"wp","href":"https:\/\/api.w.org\/{rel}","templated":true}]}}