{"id":3920,"date":"2020-02-28T12:20:58","date_gmt":"2020-02-28T12:20:58","guid":{"rendered":"https:\/\/www.metal-styl.com\/?post_type=product&#038;p=3920"},"modified":"2022-06-16T13:04:07","modified_gmt":"2022-06-16T13:04:07","slug":"zestaw-6-malych-pojemnikow-magazynowych-zp6-456402-na-listwie-metalowej-zolte","status":"publish","type":"product","link":"https:\/\/www.metal-styl.com\/index.php\/produkt\/zestaw-6-malych-pojemnikow-magazynowych-zp6-456402-na-listwie-metalowej-zolte\/","title":{"rendered":"Zestaw 6 ma\u0142ych pojemnik\u00f3w magazynowych ZP6-456402 na listwie metalowej"},"content":{"rendered":"<p><span style=\"color: #800000;\"><strong>\u00a0<\/strong><\/span><\/p>\n<div class=\"resetcss\">\n<div class=\"resetcss\">\n<div class=\"innerbox\">\n<div class=\"innerbox\">\n<div class=\"innerbox\">\n<div class=\"resetcss\">\n<p>&nbsp;<\/p>\n<\/div>\n<\/div>\n<\/div>\n<\/div>\n<\/div>\n<\/div>\n","protected":false},"excerpt":{"rendered":"<p><strong>Wymiar listwy metalowej: 45\u00d7590 mm<\/strong><\/p>\n<p><strong>Wymiar pojemnika: 75x102x100 mm<\/strong><\/p>\n<div class=\"resetcss\">\n<div class=\"resetcss\">\n<div class=\"innerbox\">\n<div class=\"innerbox\">\n<div class=\"innerbox\">\n<div class=\"resetcss\">\n<p>Zestaw pojemnik\u00f3w magazynowych na listwie<\/p>\n<p>Doskona\u0142e rozwi\u0105zanie dla wszystkich fachowc\u00f3w i majsterkowicz\u00f3w pracuj\u0105cych z drobnymi elementami, akcesoriami monta\u017cowymi, narz\u0119dziami, itp. Wystarczy kilka zestaw\u00f3w pojemnik\u00f3w magazynowych, kt\u00f3re mo\u017cna rozmie\u015bci\u0107 w dowolnych miejscach na \u015bcianach gara\u017cu czy warsztatu i baza do posegregowania i rozs\u0105dnego przechowywania narz\u0119dzi ju\u017c gotowa.<\/p>\n<p>W niniejszym miejscu mo\u017cna zakupi\u0107 zestaw sk\u0142adaj\u0105cy si\u0119 z solidnych pojemnik\u00f3w warsztatowych i wytrzyma\u0142ej listwy monta\u017cowej. Wszystko wyprodukowane z my\u015bl\u0105 o wymagaj\u0105cych u\u017cytkownikach, ceni\u0105cych jako\u015b\u0107 i uniwersalno\u015b\u0107. W pojemnikach mo\u017cna przechowa\u0107 w\u0142a\u015bciwie wszystko.<\/p>\n<p>Zestaw zawiera 6 pojemnik\u00f3w warsztatowych i listw\u0119 metalow\u0105.<\/p>\n<p>Kolorystyka pojemnik\u00f3w: czerwony, \u017c\u00f3\u0142ty, niebieski, zielony<\/p>\n<p>W razie ewentualnych pyta\u0144 lub potrzeby skonsultowania swojego wyboru zapraszamy do kontaktu z naszymi pracownikami.<\/p>\n<\/div>\n<\/div>\n<\/div>\n<\/div>\n<\/div>\n<\/div>\n<p><strong>\u00a0<\/strong><\/p>\n","protected":false},"featured_media":3921,"comment_status":"open","ping_status":"closed","template":"","meta":[],"product_cat":[1401,1810],"product_tag":[2167,2196,2215],"yst_prominent_words":[],"class_list":{"0":"post-3920","1":"product","2":"type-product","3":"status-publish","4":"has-post-thumbnail","6":"product_cat-wyposazenie-warsztatu","7":"product_cat-zestawy-pojemnikow-listwy-tablice-uchwyty","8":"product_tag-zestaw-pojemnikow","9":"product_tag-zestaw-pojemnikow-na-listwie","10":"product_tag-zp6-456402","11":"entry","13":"first","14":"instock","15":"shipping-taxable","16":"product-type-simple"},"_links":{"self":[{"href":"https:\/\/www.metal-styl.com\/index.php\/wp-json\/wp\/v2\/product\/3920","targetHints":{"allow":["GET"]}}],"collection":[{"href":"https:\/\/www.metal-styl.com\/index.php\/wp-json\/wp\/v2\/product"}],"about":[{"href":"https:\/\/www.metal-styl.com\/index.php\/wp-json\/wp\/v2\/types\/product"}],"replies":[{"embeddable":true,"href":"https:\/\/www.metal-styl.com\/index.php\/wp-json\/wp\/v2\/comments?post=3920"}],"version-history":[{"count":5,"href":"https:\/\/www.metal-styl.com\/index.php\/wp-json\/wp\/v2\/product\/3920\/revisions"}],"predecessor-version":[{"id":4647,"href":"https:\/\/www.metal-styl.com\/index.php\/wp-json\/wp\/v2\/product\/3920\/revisions\/4647"}],"wp:featuredmedia":[{"embeddable":true,"href":"https:\/\/www.metal-styl.com\/index.php\/wp-json\/wp\/v2\/media\/3921"}],"wp:attachment":[{"href":"https:\/\/www.metal-styl.com\/index.php\/wp-json\/wp\/v2\/media?parent=3920"}],"wp:term":[{"taxonomy":"product_cat","embeddable":true,"href":"https:\/\/www.metal-styl.com\/index.php\/wp-json\/wp\/v2\/product_cat?post=3920"},{"taxonomy":"product_tag","embeddable":true,"href":"https:\/\/www.metal-styl.com\/index.php\/wp-json\/wp\/v2\/product_tag?post=3920"},{"taxonomy":"yst_prominent_words","embeddable":true,"href":"https:\/\/www.metal-styl.com\/index.php\/wp-json\/wp\/v2\/yst_prominent_words?post=3920"}],"curies":[{"name":"wp","href":"https:\/\/api.w.org\/{rel}","templated":true}]}}