{"id":3923,"date":"2020-02-28T12:27:53","date_gmt":"2020-02-28T12:27:53","guid":{"rendered":"https:\/\/www.metal-styl.com\/?post_type=product&#038;p=3923"},"modified":"2022-06-16T13:03:40","modified_gmt":"2022-06-16T13:03:40","slug":"zestaw-6-pojemnikow-magazynowych-zp6-456411-na-listwie-metalowej","status":"publish","type":"product","link":"https:\/\/www.metal-styl.com\/index.php\/produkt\/zestaw-6-pojemnikow-magazynowych-zp6-456411-na-listwie-metalowej\/","title":{"rendered":"Zestaw 6 pojemnik\u00f3w magazynowych ZP6-456411 na listwie metalowej"},"content":{"rendered":"<p><span style=\"color: #800000;\"><strong>\u00a0<\/strong><\/span><\/p>\n<div class=\"resetcss\">\n<div class=\"resetcss\">\n<div class=\"innerbox\">\n<div class=\"innerbox\">\n<div class=\"innerbox\">\n<div class=\"resetcss\">\n<div class=\"resetcss\">\n<p>&nbsp;<\/p>\n<\/div>\n<\/div>\n<\/div>\n<\/div>\n<\/div>\n<\/div>\n<\/div>\n","protected":false},"excerpt":{"rendered":"<p><strong>Wymiar listwy metalowej: 45\u00d7590 mm<\/strong><\/p>\n<p><strong>Wymiar pojemnika: 75x102x160 mm<\/strong><\/p>\n<div class=\"resetcss\">\n<div class=\"resetcss\">\n<div class=\"innerbox\">\n<div class=\"innerbox\">\n<div class=\"innerbox\">\n<div class=\"resetcss\">\n<div class=\"resetcss\">\n<p>Pojemniki warsztatowe na listwie \u2013 komplet gotowy do monta\u017cu<\/p>\n<p>Gotowy zestaw stanowi idealne rozwi\u0105zanie dla wszystkich zabieganych. Nie trzeba si\u0119 o nic martwi\u0107, bo pojemniki s\u0105 odpowiednio dobrane do listwy i optymalnie wykorzystuj\u0105 miejsce na \u015bcianie. Je\u017celi istnieje potrzeba przechowania wi\u0119kszej ilo\u015bci narz\u0119dzi czy drobnych przedmiot\u00f3w warto zainwestowa\u0107 w kilka zestaw\u00f3w, z pojemnikami magazynowymi o r\u00f3\u017cnych wymiarach. Za jednym razem mo\u017cna zorganizowa\u0107 kompletny magazynek.<\/p>\n<p>W sk\u0142ad zestawu wchodz\u0105 elementy wyprodukowane z wyselekcjonowanych materia\u0142\u00f3w. Sami najbardziej cenimy jako\u015b\u0107, wytrzyma\u0142o\u015b\u0107 i praktyczno\u015b\u0107, dlatego takie produkty oferujemy w naszym sklepie. Metalowa listwa jest gwarantem tego, \u017ce pojemniki pozostan\u0105 na swoim miejscu, natomiast same kuwety z solidnego tworzywa sztucznego s\u0105 pojemne i wytrzyma\u0142e, dlatego te\u017c warte ka\u017cdego grosza.<\/p>\n<p>Na zestaw sk\u0142ada si\u0119 6 pojemnik\u00f3w magazynowych oraz metalowa listwa.<\/p>\n<p>Kolorystyka pojemnik\u00f3w: czerwony, \u017c\u00f3\u0142ty, niebieski, zielony<\/p>\n<p>Zapraszamy do zakup\u00f3w!<\/p>\n<\/div>\n<\/div>\n<\/div>\n<\/div>\n<\/div>\n<\/div>\n<\/div>\n<p><strong>\u00a0<\/strong><\/p>\n","protected":false},"featured_media":3926,"comment_status":"open","ping_status":"closed","template":"","meta":[],"product_cat":[1401,1810],"product_tag":[2167,2196,2220],"yst_prominent_words":[],"class_list":{"0":"post-3923","1":"product","2":"type-product","3":"status-publish","4":"has-post-thumbnail","6":"product_cat-wyposazenie-warsztatu","7":"product_cat-zestawy-pojemnikow-listwy-tablice-uchwyty","8":"product_tag-zestaw-pojemnikow","9":"product_tag-zestaw-pojemnikow-na-listwie","10":"product_tag-zp6-456411","11":"entry","13":"first","14":"instock","15":"shipping-taxable","16":"product-type-simple"},"_links":{"self":[{"href":"https:\/\/www.metal-styl.com\/index.php\/wp-json\/wp\/v2\/product\/3923","targetHints":{"allow":["GET"]}}],"collection":[{"href":"https:\/\/www.metal-styl.com\/index.php\/wp-json\/wp\/v2\/product"}],"about":[{"href":"https:\/\/www.metal-styl.com\/index.php\/wp-json\/wp\/v2\/types\/product"}],"replies":[{"embeddable":true,"href":"https:\/\/www.metal-styl.com\/index.php\/wp-json\/wp\/v2\/comments?post=3923"}],"version-history":[{"count":4,"href":"https:\/\/www.metal-styl.com\/index.php\/wp-json\/wp\/v2\/product\/3923\/revisions"}],"predecessor-version":[{"id":4646,"href":"https:\/\/www.metal-styl.com\/index.php\/wp-json\/wp\/v2\/product\/3923\/revisions\/4646"}],"wp:featuredmedia":[{"embeddable":true,"href":"https:\/\/www.metal-styl.com\/index.php\/wp-json\/wp\/v2\/media\/3926"}],"wp:attachment":[{"href":"https:\/\/www.metal-styl.com\/index.php\/wp-json\/wp\/v2\/media?parent=3923"}],"wp:term":[{"taxonomy":"product_cat","embeddable":true,"href":"https:\/\/www.metal-styl.com\/index.php\/wp-json\/wp\/v2\/product_cat?post=3923"},{"taxonomy":"product_tag","embeddable":true,"href":"https:\/\/www.metal-styl.com\/index.php\/wp-json\/wp\/v2\/product_tag?post=3923"},{"taxonomy":"yst_prominent_words","embeddable":true,"href":"https:\/\/www.metal-styl.com\/index.php\/wp-json\/wp\/v2\/yst_prominent_words?post=3923"}],"curies":[{"name":"wp","href":"https:\/\/api.w.org\/{rel}","templated":true}]}}