{"id":3937,"date":"2020-02-28T12:38:20","date_gmt":"2020-02-28T12:38:20","guid":{"rendered":"https:\/\/www.metal-styl.com\/?post_type=product&#038;p=3937"},"modified":"2022-06-16T13:03:13","modified_gmt":"2022-06-16T13:03:13","slug":"zestaw-23-pojemnikow-z-akcesoriami-zp23-455120","status":"publish","type":"product","link":"https:\/\/www.metal-styl.com\/index.php\/produkt\/zestaw-23-pojemnikow-z-akcesoriami-zp23-455120\/","title":{"rendered":"Zestaw 23 pojemnik\u00f3w z akcesoriami ZP23-455120"},"content":{"rendered":"<p><span style=\"color: #800000;\"><strong>\u00a0<\/strong><\/span><\/p>\n<div class=\"resetcss\">\n<p>&nbsp;<\/p>\n<\/div>\n<p>&nbsp;<\/p>\n","protected":false},"excerpt":{"rendered":"<p>Bogaty zestaw pojemnik\u00f3w magazynowych na dw\u00f3ch tablicach<\/p>\n<p>W pe\u0142ni profesjonalny i kompletny zestaw, kt\u00f3ry zaspokoi potrzeby najbardziej wymagaj\u0105cych u\u017cytkownik\u00f3w. Z jednej strony jest to ju\u017c gotowy system, z drugiej natomiast mo\u017cliwo\u015b\u0107 dowolnego rozmieszczenia element\u00f3w zestawu na tablicach, daje spore pole do indywidualnej inwencji dostosowanej do konkretnego pomieszczenia czy przeznaczenia.<\/p>\n<p>Tablice przystosowane s\u0105 do pojemnik\u00f3w magazynowych ProfiPlus oraz standardowych uchwyt\u00f3w. Na komentarz zas\u0142uguje prosty monta\u017c \u2013 na 10 \u015brub, oraz mo\u017cliwo\u015b\u0107 rozbudowania systemu o kolejne tablice.<\/p>\n","protected":false},"featured_media":3938,"comment_status":"open","ping_status":"closed","template":"","meta":[],"product_cat":[1401,1810],"product_tag":[2167,2206,2225],"yst_prominent_words":[],"class_list":{"0":"post-3937","1":"product","2":"type-product","3":"status-publish","4":"has-post-thumbnail","6":"product_cat-wyposazenie-warsztatu","7":"product_cat-zestawy-pojemnikow-listwy-tablice-uchwyty","8":"product_tag-zestaw-pojemnikow","9":"product_tag-zetsaw-pojemnikow-na-tablicach","10":"product_tag-zp23-455120","11":"entry","13":"first","14":"instock","15":"shipping-taxable","16":"product-type-simple"},"_links":{"self":[{"href":"https:\/\/www.metal-styl.com\/index.php\/wp-json\/wp\/v2\/product\/3937","targetHints":{"allow":["GET"]}}],"collection":[{"href":"https:\/\/www.metal-styl.com\/index.php\/wp-json\/wp\/v2\/product"}],"about":[{"href":"https:\/\/www.metal-styl.com\/index.php\/wp-json\/wp\/v2\/types\/product"}],"replies":[{"embeddable":true,"href":"https:\/\/www.metal-styl.com\/index.php\/wp-json\/wp\/v2\/comments?post=3937"}],"version-history":[{"count":3,"href":"https:\/\/www.metal-styl.com\/index.php\/wp-json\/wp\/v2\/product\/3937\/revisions"}],"predecessor-version":[{"id":4645,"href":"https:\/\/www.metal-styl.com\/index.php\/wp-json\/wp\/v2\/product\/3937\/revisions\/4645"}],"wp:featuredmedia":[{"embeddable":true,"href":"https:\/\/www.metal-styl.com\/index.php\/wp-json\/wp\/v2\/media\/3938"}],"wp:attachment":[{"href":"https:\/\/www.metal-styl.com\/index.php\/wp-json\/wp\/v2\/media?parent=3937"}],"wp:term":[{"taxonomy":"product_cat","embeddable":true,"href":"https:\/\/www.metal-styl.com\/index.php\/wp-json\/wp\/v2\/product_cat?post=3937"},{"taxonomy":"product_tag","embeddable":true,"href":"https:\/\/www.metal-styl.com\/index.php\/wp-json\/wp\/v2\/product_tag?post=3937"},{"taxonomy":"yst_prominent_words","embeddable":true,"href":"https:\/\/www.metal-styl.com\/index.php\/wp-json\/wp\/v2\/yst_prominent_words?post=3937"}],"curies":[{"name":"wp","href":"https:\/\/api.w.org\/{rel}","templated":true}]}}