{"id":3942,"date":"2020-02-28T12:44:28","date_gmt":"2020-02-28T12:44:28","guid":{"rendered":"https:\/\/www.metal-styl.com\/?post_type=product&#038;p=3942"},"modified":"2022-06-16T13:02:51","modified_gmt":"2022-06-16T13:02:51","slug":"zestaw-15-pojemnikow-na-tablicy-zp16-457121yr","status":"publish","type":"product","link":"https:\/\/www.metal-styl.com\/index.php\/produkt\/zestaw-15-pojemnikow-na-tablicy-zp16-457121yr\/","title":{"rendered":"Zestaw 15 pojemnik\u00f3w na tablicy ZP16-457121YR"},"content":{"rendered":"<p><span style=\"color: #800000;\"><strong>Zestaw 16 cz\u0119\u015bciowy 15 pojemnik\u00f3w na tablicy + tablica ZP16-457121YR<br \/>\n<\/strong><\/span><\/p>\n<div class=\"resetcss\">\n<p>Pojemniki magazynowe \u2013 16 cz\u0119\u015bciowy zestaw<\/p>\n<p>Na pojemniki magazynowe w zestawie najlepiej zdecydowa\u0107 si\u0119 wtedy, gdy mamy do zagospodarowania wi\u0119ksz\u0105 przestrze\u0144 i sporo przedmiot\u00f3w, drobnych element\u00f3w do przechowania. Dzi\u0119ki zestawowi montowanemu na \u015bcianie wszystko jest na wyci\u0105gni\u0119cie r\u0119ki, a mimo to nie zajmuje du\u017co miejsca.<\/p>\n<p>Wszystkie elementy zestawu wyprodukowane zosta\u0142y z my\u015bl\u0105 o d\u0142ugofalowym u\u017cytkowaniu, dlatego wytrzyma\u0142e kuwety i solidna tablica b\u0119d\u0105 sta\u0142ym elementem wyposa\u017cenia warsztatu czy gara\u017cu, w kt\u00f3rym zawisn\u0105.<\/p>\n<p>Zestaw sk\u0142ada si\u0119 z 16 cz\u0119\u015bci \u2013 tablicy na\u015bciennej oraz pojemnik\u00f3w magazynowych w dw\u00f3ch rozmiarach i kolorach. Szczeg\u00f3\u0142owe dane:<\/p>\n<p>&#8211; wymiar tablicy: 18x375x345 mm<br \/>\n&#8211; wymiar pojemnika \u017c\u00f3\u0142tego: 60x102x100 mm<br \/>\n&#8211; wymiar pojemnika czerwonego: 75x102x160 mm<\/p>\n<p>Warto pami\u0119ta\u0107 o mo\u017cliwo\u015bci dokupienia dodatkowych pojemnik\u00f3w czy tablic, by jeszcze dok\u0142adniej dobra\u0107 wyposa\u017cenie idealne do swoich cel\u00f3w.<\/p>\n<p>W razie pyta\u0144, zapraszamy do kontaktu. \u017byczymy udanych zakup\u00f3w<\/p>\n<\/div>\n","protected":false},"excerpt":{"rendered":"<p><strong>Wymiar tablicy: 18x375x345 mm<\/strong><\/p>\n","protected":false},"featured_media":3943,"comment_status":"open","ping_status":"closed","template":"","meta":[],"product_cat":[1401,1810],"product_tag":[2167,2206,2240],"yst_prominent_words":[1753,2234,2235,2765,1451,2698,2636,2164,2133,2153,2168,2705,614,2159,1964,2156,2158],"class_list":{"0":"post-3942","1":"product","2":"type-product","3":"status-publish","4":"has-post-thumbnail","6":"product_cat-wyposazenie-warsztatu","7":"product_cat-zestawy-pojemnikow-listwy-tablice-uchwyty","8":"product_tag-zestaw-pojemnikow","9":"product_tag-zetsaw-pojemnikow-na-tablicach","10":"product_tag-zp16-457121yr","11":"entry","13":"first","14":"instock","15":"shipping-taxable","16":"product-type-simple"},"_links":{"self":[{"href":"https:\/\/www.metal-styl.com\/index.php\/wp-json\/wp\/v2\/product\/3942","targetHints":{"allow":["GET"]}}],"collection":[{"href":"https:\/\/www.metal-styl.com\/index.php\/wp-json\/wp\/v2\/product"}],"about":[{"href":"https:\/\/www.metal-styl.com\/index.php\/wp-json\/wp\/v2\/types\/product"}],"replies":[{"embeddable":true,"href":"https:\/\/www.metal-styl.com\/index.php\/wp-json\/wp\/v2\/comments?post=3942"}],"version-history":[{"count":1,"href":"https:\/\/www.metal-styl.com\/index.php\/wp-json\/wp\/v2\/product\/3942\/revisions"}],"predecessor-version":[{"id":3944,"href":"https:\/\/www.metal-styl.com\/index.php\/wp-json\/wp\/v2\/product\/3942\/revisions\/3944"}],"wp:featuredmedia":[{"embeddable":true,"href":"https:\/\/www.metal-styl.com\/index.php\/wp-json\/wp\/v2\/media\/3943"}],"wp:attachment":[{"href":"https:\/\/www.metal-styl.com\/index.php\/wp-json\/wp\/v2\/media?parent=3942"}],"wp:term":[{"taxonomy":"product_cat","embeddable":true,"href":"https:\/\/www.metal-styl.com\/index.php\/wp-json\/wp\/v2\/product_cat?post=3942"},{"taxonomy":"product_tag","embeddable":true,"href":"https:\/\/www.metal-styl.com\/index.php\/wp-json\/wp\/v2\/product_tag?post=3942"},{"taxonomy":"yst_prominent_words","embeddable":true,"href":"https:\/\/www.metal-styl.com\/index.php\/wp-json\/wp\/v2\/yst_prominent_words?post=3942"}],"curies":[{"name":"wp","href":"https:\/\/api.w.org\/{rel}","templated":true}]}}