{"id":3950,"date":"2020-03-02T09:52:06","date_gmt":"2020-03-02T09:52:06","guid":{"rendered":"https:\/\/www.metal-styl.com\/?post_type=product&#038;p=3950"},"modified":"2022-06-16T13:02:15","modified_gmt":"2022-06-16T13:02:15","slug":"skrzynka-narzedziowa-plastikowa-sknp-476300","status":"publish","type":"product","link":"https:\/\/www.metal-styl.com\/index.php\/produkt\/skrzynka-narzedziowa-plastikowa-sknp-476300\/","title":{"rendered":"Skrzynka narz\u0119dziowa plastikowa SKNP-476300"},"content":{"rendered":"<p><span style=\"color: #800000;\"><strong>\u00a0<\/strong><\/span><\/p>\n<p>&nbsp;<\/p>\n<p>&nbsp;<\/p>\n<p>&nbsp;<\/p>\n","protected":false},"excerpt":{"rendered":"<p class=\"title\"><strong>Wymiary: wys\/szer\/g\u0142 315x510x340mm<\/strong><\/p>\n<p>Du\u017ca profesjonalna, solidna skrzynia narz\u0119dziowa z metalowymi zapi\u0119ciami oraz du\u017c\u0105 ilo\u015bci\u0105 miejsca na narz\u0119dzia r\u0119czne.<\/p>\n<p>Ukryte szuflady przeznaczone na drobne elementy z przegrodami oraz pojemniki w pokrywie skrzynki.<\/p>\n<p><strong>\u00a0<\/strong><\/p>\n","protected":false},"featured_media":3951,"comment_status":"open","ping_status":"closed","template":"","meta":[],"product_cat":[1807,1814,1401],"product_tag":[2244,1940,2242,1992],"yst_prominent_words":[],"class_list":{"0":"post-3950","1":"product","2":"type-product","3":"status-publish","4":"has-post-thumbnail","6":"product_cat-skrzynki-narzedziowe-torby","7":"product_cat-skrzynki-narzedziowe-plastikowe","8":"product_cat-wyposazenie-warsztatu","9":"product_tag-sknp-476300","10":"product_tag-walizka-narzedziowa","11":"product_tag-walizka-plastikowa","12":"product_tag-walizka-warsztatowa","13":"entry","15":"first","16":"instock","17":"shipping-taxable","18":"product-type-simple"},"_links":{"self":[{"href":"https:\/\/www.metal-styl.com\/index.php\/wp-json\/wp\/v2\/product\/3950","targetHints":{"allow":["GET"]}}],"collection":[{"href":"https:\/\/www.metal-styl.com\/index.php\/wp-json\/wp\/v2\/product"}],"about":[{"href":"https:\/\/www.metal-styl.com\/index.php\/wp-json\/wp\/v2\/types\/product"}],"replies":[{"embeddable":true,"href":"https:\/\/www.metal-styl.com\/index.php\/wp-json\/wp\/v2\/comments?post=3950"}],"version-history":[{"count":3,"href":"https:\/\/www.metal-styl.com\/index.php\/wp-json\/wp\/v2\/product\/3950\/revisions"}],"predecessor-version":[{"id":4641,"href":"https:\/\/www.metal-styl.com\/index.php\/wp-json\/wp\/v2\/product\/3950\/revisions\/4641"}],"wp:featuredmedia":[{"embeddable":true,"href":"https:\/\/www.metal-styl.com\/index.php\/wp-json\/wp\/v2\/media\/3951"}],"wp:attachment":[{"href":"https:\/\/www.metal-styl.com\/index.php\/wp-json\/wp\/v2\/media?parent=3950"}],"wp:term":[{"taxonomy":"product_cat","embeddable":true,"href":"https:\/\/www.metal-styl.com\/index.php\/wp-json\/wp\/v2\/product_cat?post=3950"},{"taxonomy":"product_tag","embeddable":true,"href":"https:\/\/www.metal-styl.com\/index.php\/wp-json\/wp\/v2\/product_tag?post=3950"},{"taxonomy":"yst_prominent_words","embeddable":true,"href":"https:\/\/www.metal-styl.com\/index.php\/wp-json\/wp\/v2\/yst_prominent_words?post=3950"}],"curies":[{"name":"wp","href":"https:\/\/api.w.org\/{rel}","templated":true}]}}