{"id":3967,"date":"2020-03-02T10:21:08","date_gmt":"2020-03-02T10:21:08","guid":{"rendered":"https:\/\/www.metal-styl.com\/?post_type=product&#038;p=3967"},"modified":"2022-06-16T13:00:39","modified_gmt":"2022-06-16T13:00:39","slug":"skrzynka-narzedziowa-plastikowa-sknp-476410","status":"publish","type":"product","link":"https:\/\/www.metal-styl.com\/index.php\/produkt\/skrzynka-narzedziowa-plastikowa-sknp-476410\/","title":{"rendered":"Skrzynka narz\u0119dziowa plastikowa SKNP-476410"},"content":{"rendered":"<p><span style=\"color: #800000;\"><strong>\u00a0<\/strong><\/span><\/p>\n<p>&nbsp;<\/p>\n<p>&nbsp;<\/p>\n","protected":false},"excerpt":{"rendered":"<p class=\"title\"><strong>Wymiary: wys\/szer\/g\u0142 275x510x240mm<\/strong><\/p>\n<p>Wysokiej jako\u015bci solidna skrzynia\u00a0narz\u0119dziowa, nadaje si\u0119 do transportu ci\u0119\u017ckich narz\u0119dzi. Metalowe zapi\u0119cia oraz obicie z blachy i mo\u017cliwo\u015b\u0107 za\u0142o\u017cenia k\u0142\u00f3dki powoduj\u0119 i\u017c produkt sprawdzi si\u0119 w ci\u0119\u017ckich warunkach budowlanych.<\/p>\n<p>&nbsp;<\/p>\n<p><strong>\u00a0<\/strong><\/p>\n","protected":false},"featured_media":3970,"comment_status":"open","ping_status":"closed","template":"","meta":[],"product_cat":[1807,1814,1401],"product_tag":[2269,1940,2242,1992],"yst_prominent_words":[],"class_list":{"0":"post-3967","1":"product","2":"type-product","3":"status-publish","4":"has-post-thumbnail","6":"product_cat-skrzynki-narzedziowe-torby","7":"product_cat-skrzynki-narzedziowe-plastikowe","8":"product_cat-wyposazenie-warsztatu","9":"product_tag-sknp-476410","10":"product_tag-walizka-narzedziowa","11":"product_tag-walizka-plastikowa","12":"product_tag-walizka-warsztatowa","13":"entry","15":"first","16":"instock","17":"shipping-taxable","18":"product-type-simple"},"_links":{"self":[{"href":"https:\/\/www.metal-styl.com\/index.php\/wp-json\/wp\/v2\/product\/3967","targetHints":{"allow":["GET"]}}],"collection":[{"href":"https:\/\/www.metal-styl.com\/index.php\/wp-json\/wp\/v2\/product"}],"about":[{"href":"https:\/\/www.metal-styl.com\/index.php\/wp-json\/wp\/v2\/types\/product"}],"replies":[{"embeddable":true,"href":"https:\/\/www.metal-styl.com\/index.php\/wp-json\/wp\/v2\/comments?post=3967"}],"version-history":[{"count":3,"href":"https:\/\/www.metal-styl.com\/index.php\/wp-json\/wp\/v2\/product\/3967\/revisions"}],"predecessor-version":[{"id":4633,"href":"https:\/\/www.metal-styl.com\/index.php\/wp-json\/wp\/v2\/product\/3967\/revisions\/4633"}],"wp:featuredmedia":[{"embeddable":true,"href":"https:\/\/www.metal-styl.com\/index.php\/wp-json\/wp\/v2\/media\/3970"}],"wp:attachment":[{"href":"https:\/\/www.metal-styl.com\/index.php\/wp-json\/wp\/v2\/media?parent=3967"}],"wp:term":[{"taxonomy":"product_cat","embeddable":true,"href":"https:\/\/www.metal-styl.com\/index.php\/wp-json\/wp\/v2\/product_cat?post=3967"},{"taxonomy":"product_tag","embeddable":true,"href":"https:\/\/www.metal-styl.com\/index.php\/wp-json\/wp\/v2\/product_tag?post=3967"},{"taxonomy":"yst_prominent_words","embeddable":true,"href":"https:\/\/www.metal-styl.com\/index.php\/wp-json\/wp\/v2\/yst_prominent_words?post=3967"}],"curies":[{"name":"wp","href":"https:\/\/api.w.org\/{rel}","templated":true}]}}