{"id":3977,"date":"2020-03-02T10:35:41","date_gmt":"2020-03-02T10:35:41","guid":{"rendered":"https:\/\/www.metal-styl.com\/?post_type=product&#038;p=3977"},"modified":"2022-06-16T12:59:48","modified_gmt":"2022-06-16T12:59:48","slug":"skrzynka-narzedziowa-plastikowa-sknp-457015","status":"publish","type":"product","link":"https:\/\/www.metal-styl.com\/index.php\/produkt\/skrzynka-narzedziowa-plastikowa-sknp-457015\/","title":{"rendered":"Skrzynka narz\u0119dziowa plastikowa SKNP-457015"},"content":{"rendered":"<p><span style=\"color: #800000;\"><strong>\u00a0<\/strong><\/span><\/p>\n<p>&nbsp;<\/p>\n<p>&nbsp;<\/p>\n<p>&nbsp;<\/p>\n<p>&nbsp;<\/p>\n","protected":false},"excerpt":{"rendered":"<p class=\"title\"><strong>Wymiary: wys\/szer\/g\u0142 187x458x229mm\u00a0<\/strong><\/p>\n<p>Skrzynka narz\u0119dziowa z wyci\u0105ganym nosid\u0142em na narz\u0119dzia r\u0119czne. Skrzynki te odznaczaj\u0105 si\u0119 wysok\u0105 jako\u015bci\u0105 wyko\u0144czenia oraz znan\u0105 na rynku wytrzyma\u0142o\u015bci\u0105.<\/p>\n<p>&nbsp;<\/p>\n<p><strong>\u00a0<\/strong><\/p>\n","protected":false},"featured_media":4043,"comment_status":"open","ping_status":"closed","template":"","meta":[],"product_cat":[1807,1814,1401],"product_tag":[2271,1940,2242,1992],"yst_prominent_words":[],"class_list":{"0":"post-3977","1":"product","2":"type-product","3":"status-publish","4":"has-post-thumbnail","6":"product_cat-skrzynki-narzedziowe-torby","7":"product_cat-skrzynki-narzedziowe-plastikowe","8":"product_cat-wyposazenie-warsztatu","9":"product_tag-sknp-457015","10":"product_tag-walizka-narzedziowa","11":"product_tag-walizka-plastikowa","12":"product_tag-walizka-warsztatowa","13":"entry","15":"first","16":"instock","17":"shipping-taxable","18":"product-type-simple"},"_links":{"self":[{"href":"https:\/\/www.metal-styl.com\/index.php\/wp-json\/wp\/v2\/product\/3977","targetHints":{"allow":["GET"]}}],"collection":[{"href":"https:\/\/www.metal-styl.com\/index.php\/wp-json\/wp\/v2\/product"}],"about":[{"href":"https:\/\/www.metal-styl.com\/index.php\/wp-json\/wp\/v2\/types\/product"}],"replies":[{"embeddable":true,"href":"https:\/\/www.metal-styl.com\/index.php\/wp-json\/wp\/v2\/comments?post=3977"}],"version-history":[{"count":3,"href":"https:\/\/www.metal-styl.com\/index.php\/wp-json\/wp\/v2\/product\/3977\/revisions"}],"predecessor-version":[{"id":4629,"href":"https:\/\/www.metal-styl.com\/index.php\/wp-json\/wp\/v2\/product\/3977\/revisions\/4629"}],"wp:featuredmedia":[{"embeddable":true,"href":"https:\/\/www.metal-styl.com\/index.php\/wp-json\/wp\/v2\/media\/4043"}],"wp:attachment":[{"href":"https:\/\/www.metal-styl.com\/index.php\/wp-json\/wp\/v2\/media?parent=3977"}],"wp:term":[{"taxonomy":"product_cat","embeddable":true,"href":"https:\/\/www.metal-styl.com\/index.php\/wp-json\/wp\/v2\/product_cat?post=3977"},{"taxonomy":"product_tag","embeddable":true,"href":"https:\/\/www.metal-styl.com\/index.php\/wp-json\/wp\/v2\/product_tag?post=3977"},{"taxonomy":"yst_prominent_words","embeddable":true,"href":"https:\/\/www.metal-styl.com\/index.php\/wp-json\/wp\/v2\/yst_prominent_words?post=3977"}],"curies":[{"name":"wp","href":"https:\/\/api.w.org\/{rel}","templated":true}]}}