{"id":3983,"date":"2020-03-02T10:55:32","date_gmt":"2020-03-02T10:55:32","guid":{"rendered":"https:\/\/www.metal-styl.com\/?post_type=product&#038;p=3983"},"modified":"2022-06-16T12:48:26","modified_gmt":"2022-06-16T12:48:26","slug":"skrzynka-narzedziowa-mala-z-dwupoziomowa-polka-sknp-457011","status":"publish","type":"product","link":"https:\/\/www.metal-styl.com\/index.php\/produkt\/skrzynka-narzedziowa-mala-z-dwupoziomowa-polka-sknp-457011\/","title":{"rendered":"Skrzynka narz\u0119dziowa ma\u0142a z dwupoziomow\u0105 p\u00f3\u0142k\u0105 SKNP-457011"},"content":{"rendered":"<p><span style=\"color: #800000;\"><strong>\u00a0<\/strong><\/span><\/p>\n<p>&nbsp;<\/p>\n<p>&nbsp;<\/p>\n<p>&nbsp;<\/p>\n","protected":false},"excerpt":{"rendered":"<p class=\"title\"><strong>Wymiary: wys\/szer\/g\u0142 214x459x254mm\u00a0<\/strong><\/p>\n<p>Niezwykle odporna i wytrzyma\u0142a skrzynia na narz\u0119dzia sk\u0142adaj\u0105ca si\u0119 z cz\u0119\u015bci dolnej z rozk\u0142adan\u0105, dwupoziomow\u0105 p\u00f3\u0142k\u0105 oraz cz\u0119\u015bci g\u00f3rnej z zamontowanymi przezroczystymi pojemnikami na drobne cz\u0119\u015bci.<\/p>\n<p>Posiada solidny du\u017cy, aluminiowy uchwyt do transportu oraz wytrzyma\u0142e aluminiowe zamki.<\/p>\n<p>Idealne rozwi\u0105zanie dla domowych majsterkowicz\u00f3w jaki wymagaj\u0105cych profesjonalist\u00f3w.<\/p>\n<p>Certyfikat TUV \/ numer 0000024458<\/p>\n<p>Przystosowana do zamkni\u0119cia na k\u0142\u00f3dk\u0119. Posiada gniazda umo\u017cliwiaj\u0105ce stabilne sztaplowanie.<\/p>\n<p>&nbsp;<\/p>\n<p><strong>\u00a0<\/strong><\/p>\n","protected":false},"featured_media":3984,"comment_status":"open","ping_status":"closed","template":"","meta":[],"product_cat":[1807,1814,1401],"product_tag":[2275,1940,2242,1992],"yst_prominent_words":[],"class_list":{"0":"post-3983","1":"product","2":"type-product","3":"status-publish","4":"has-post-thumbnail","6":"product_cat-skrzynki-narzedziowe-torby","7":"product_cat-skrzynki-narzedziowe-plastikowe","8":"product_cat-wyposazenie-warsztatu","9":"product_tag-sknp-457011","10":"product_tag-walizka-narzedziowa","11":"product_tag-walizka-plastikowa","12":"product_tag-walizka-warsztatowa","13":"entry","15":"first","16":"instock","17":"shipping-taxable","18":"product-type-simple"},"_links":{"self":[{"href":"https:\/\/www.metal-styl.com\/index.php\/wp-json\/wp\/v2\/product\/3983","targetHints":{"allow":["GET"]}}],"collection":[{"href":"https:\/\/www.metal-styl.com\/index.php\/wp-json\/wp\/v2\/product"}],"about":[{"href":"https:\/\/www.metal-styl.com\/index.php\/wp-json\/wp\/v2\/types\/product"}],"replies":[{"embeddable":true,"href":"https:\/\/www.metal-styl.com\/index.php\/wp-json\/wp\/v2\/comments?post=3983"}],"version-history":[{"count":3,"href":"https:\/\/www.metal-styl.com\/index.php\/wp-json\/wp\/v2\/product\/3983\/revisions"}],"predecessor-version":[{"id":4620,"href":"https:\/\/www.metal-styl.com\/index.php\/wp-json\/wp\/v2\/product\/3983\/revisions\/4620"}],"wp:featuredmedia":[{"embeddable":true,"href":"https:\/\/www.metal-styl.com\/index.php\/wp-json\/wp\/v2\/media\/3984"}],"wp:attachment":[{"href":"https:\/\/www.metal-styl.com\/index.php\/wp-json\/wp\/v2\/media?parent=3983"}],"wp:term":[{"taxonomy":"product_cat","embeddable":true,"href":"https:\/\/www.metal-styl.com\/index.php\/wp-json\/wp\/v2\/product_cat?post=3983"},{"taxonomy":"product_tag","embeddable":true,"href":"https:\/\/www.metal-styl.com\/index.php\/wp-json\/wp\/v2\/product_tag?post=3983"},{"taxonomy":"yst_prominent_words","embeddable":true,"href":"https:\/\/www.metal-styl.com\/index.php\/wp-json\/wp\/v2\/yst_prominent_words?post=3983"}],"curies":[{"name":"wp","href":"https:\/\/api.w.org\/{rel}","templated":true}]}}