{"id":3996,"date":"2020-03-02T12:35:12","date_gmt":"2020-03-02T12:35:12","guid":{"rendered":"https:\/\/www.metal-styl.com\/?post_type=product&#038;p=3996"},"modified":"2022-06-16T12:47:19","modified_gmt":"2022-06-16T12:47:19","slug":"skrzynka-narzedziowa-plastikowa-sknp-476470","status":"publish","type":"product","link":"https:\/\/www.metal-styl.com\/index.php\/produkt\/skrzynka-narzedziowa-plastikowa-sknp-476470\/","title":{"rendered":"Skrzynka transportowo-narz\u0119dziowa plastikowa SKNP-476470"},"content":{"rendered":"<p><span style=\"color: #800000;\"><strong>\u00a0<\/strong><\/span><\/p>\n<p>&nbsp;<\/p>\n<p>&nbsp;<\/p>\n<p>&nbsp;<\/p>\n","protected":false},"excerpt":{"rendered":"<p class=\"title\"><strong>Wymiary: wys\/szer\/g\u0142 385x580x380mm<\/strong><\/p>\n<div class=\"resetcss\">\n<p>Profesjonalna skrzynka narz\u0119dziowo transportowa to kompletne mobilne miejsce pracy.<\/p>\n<p>Wykonana z mocnego tworzywa z aluminiow\u0105 r\u0105czk\u0105.<\/p>\n<p>Zalety produktu:<br \/>\nPaski na wieczku<br \/>\nDu\u017ca pojemno\u015b\u0107\u00a0wewn\u0119trzna.<br \/>\nErgonomiczny aluminiowy uchwyt zapewnia bezpieczne przenoszenie<br \/>\nMo\u017ce by\u0107 zamykana\u00a0za pomoc\u0105\u00a0k\u0142\u00f3dki<br \/>\nPosiada certyfikat\u00a0T\u00dcV \/ GS i www.tuv.com &#8211; numer identyfikacyjny: 0000024458<\/p>\n<\/div>\n<p>&nbsp;<\/p>\n<p class=\"title\"><strong>\u00a0<\/strong><\/p>\n<p><strong>\u00a0<\/strong><\/p>\n","protected":false},"featured_media":4000,"comment_status":"open","ping_status":"closed","template":"","meta":[],"product_cat":[1807,1814,1401],"product_tag":[2279,1940,2242,1992],"yst_prominent_words":[],"class_list":{"0":"post-3996","1":"product","2":"type-product","3":"status-publish","4":"has-post-thumbnail","6":"product_cat-skrzynki-narzedziowe-torby","7":"product_cat-skrzynki-narzedziowe-plastikowe","8":"product_cat-wyposazenie-warsztatu","9":"product_tag-sknp-476470","10":"product_tag-walizka-narzedziowa","11":"product_tag-walizka-plastikowa","12":"product_tag-walizka-warsztatowa","13":"entry","15":"first","16":"instock","17":"shipping-taxable","18":"product-type-simple"},"_links":{"self":[{"href":"https:\/\/www.metal-styl.com\/index.php\/wp-json\/wp\/v2\/product\/3996","targetHints":{"allow":["GET"]}}],"collection":[{"href":"https:\/\/www.metal-styl.com\/index.php\/wp-json\/wp\/v2\/product"}],"about":[{"href":"https:\/\/www.metal-styl.com\/index.php\/wp-json\/wp\/v2\/types\/product"}],"replies":[{"embeddable":true,"href":"https:\/\/www.metal-styl.com\/index.php\/wp-json\/wp\/v2\/comments?post=3996"}],"version-history":[{"count":3,"href":"https:\/\/www.metal-styl.com\/index.php\/wp-json\/wp\/v2\/product\/3996\/revisions"}],"predecessor-version":[{"id":4614,"href":"https:\/\/www.metal-styl.com\/index.php\/wp-json\/wp\/v2\/product\/3996\/revisions\/4614"}],"wp:featuredmedia":[{"embeddable":true,"href":"https:\/\/www.metal-styl.com\/index.php\/wp-json\/wp\/v2\/media\/4000"}],"wp:attachment":[{"href":"https:\/\/www.metal-styl.com\/index.php\/wp-json\/wp\/v2\/media?parent=3996"}],"wp:term":[{"taxonomy":"product_cat","embeddable":true,"href":"https:\/\/www.metal-styl.com\/index.php\/wp-json\/wp\/v2\/product_cat?post=3996"},{"taxonomy":"product_tag","embeddable":true,"href":"https:\/\/www.metal-styl.com\/index.php\/wp-json\/wp\/v2\/product_tag?post=3996"},{"taxonomy":"yst_prominent_words","embeddable":true,"href":"https:\/\/www.metal-styl.com\/index.php\/wp-json\/wp\/v2\/yst_prominent_words?post=3996"}],"curies":[{"name":"wp","href":"https:\/\/api.w.org\/{rel}","templated":true}]}}