{"id":400,"date":"2019-12-01T22:55:54","date_gmt":"2019-12-01T22:55:54","guid":{"rendered":"http:\/\/metalsty.cluster014.ovh.net\/pixel\/?post_type=product&#038;p=400"},"modified":"2020-01-03T18:51:41","modified_gmt":"2020-01-03T18:51:41","slug":"szafa-ubraniowa-bhp-su-600-30-dwudrzwiowa-przedzial-o-szer-300mm","status":"publish","type":"product","link":"https:\/\/www.metal-styl.com\/index.php\/produkt\/szafa-ubraniowa-bhp-su-600-30-dwudrzwiowa-przedzial-o-szer-300mm\/","title":{"rendered":"Szafa BHP 2-drzwiowa SU-600-30 przedzia\u0142 o szer.300mm"},"content":{"rendered":"<div id=\"center_column\">\n<div id=\"more_info_block\" class=\"clear\">\n<div id=\"more_info_sheets\" class=\"sheets align_justify\">\n<div id=\"idTab1\" class=\"rte\">\n<p><span style=\"color: #800000;\"><strong>Szafa BHP UBRANIOWA SU-600-30<\/strong><\/span><\/p>\n<p><span style=\"color: #000000;\"><strong>Wymiary: wys\/szer\/g\u0142\u00a01800x600x500mm<\/strong><\/span><\/p>\n<p>Symbol: SU-600-30<\/p>\n<p>Opis:\u00a0Szafa ubraniowa 2 drzwiowa.<\/p>\n<p>Szafa wyposa\u017cona w p\u00f3\u0142k\u0119, plastikowy dr\u0105\u017cek, haczyki ubraniowe, haczyk na r\u0119cznik, lusterko oraz wizytownik.<\/p>\n<p>W drzwiczkach wykonana perforacja zapewniaj\u0105ca odpowiedni\u0105 cyrkulacj\u0119 powietrza w szafce.<\/p>\n<p>Ka\u017cde drzwi zamykane na kluczyk ( w komplecie 2 kluczyki do ka\u017cdego zamka).<\/p>\n<p>Szafa malowana trwa\u0142ymi farbami proszkowymi w kolorze wg Palety RAL<\/p>\n<p>Oferta cenowa dotyczy koloru: Ral 7035 popielato-platynowy<\/p>\n<p>Istnieje mo\u017cliwo\u015b\u0107 malowania szaf w innym kolorze lub w dw\u00f3ch kolorach.<\/p>\n<p>Szafki ubraniowe mog\u0105 by\u0107 wyposa\u017cone w dodatkowe przegrody na brudn\u0105 i czyst\u0105 odzie\u017c. Daszek szafki mo\u017ce by\u0107 sko\u015bny, a ca\u0142a szafka mo\u017ce sta\u0107 na cokole, na n\u00f3\u017ckach, na pode\u015bcie sta\u0142ym z siedziskiem wykonanym z bukowych deseczek lub na pode\u015bcie wysuwanym spod szafki na prowadnicach ( chowanie go zwi\u0119ksza przestrze\u0144 u\u017cytkow\u0105 oraz usprawnia zachowanie czysto\u015bci w szatni).<\/p>\n<p>Mo\u017cliwo\u015b\u0107 wykonania szafy w innych rozmiarach w innych kolorach oraz wg indywidualnych potrzeb klienta. W celu wyceny prosimy o przes\u0142anie do nas maila na adres biuro@metal-styl.com z zapytaniem ofertowym oraz przedstawieniem Pa\u0144stwa potrzeb i oczekiwa\u0144 wobec produktu.<\/p>\n<\/div>\n<\/div>\n<\/div>\n<\/div>\n","protected":false},"excerpt":{"rendered":"<p><span style=\"color: #800000;\"><strong>Szafa BHP UBRANIOWA SU-600-30<\/strong><\/span><\/p>\n<p><strong>Wymiary: wys\/szer\/g\u0142\u00a01800x600x500mm<\/strong><\/p>\n","protected":false},"featured_media":969,"comment_status":"open","ping_status":"closed","template":"","meta":[],"product_cat":[32,33],"product_tag":[234,229,228,230,231,227,226,235],"yst_prominent_words":[493,409,450,490,395,394,505,386,487,488,497,393],"class_list":{"0":"post-400","1":"product","2":"type-product","3":"status-publish","4":"has-post-thumbnail","6":"product_cat-meble-ubraniowe-bhp","7":"product_cat-szafy-bhp","8":"product_tag-szafa-bhp-su-600-30","9":"product_tag-szafa-metalowa-bhp","10":"product_tag-szafa-odziezowa","11":"product_tag-szafa-pracownicza","12":"product_tag-szafa-szatniowa","13":"product_tag-szafa-ubraniowa","14":"product_tag-szafka-bhp","15":"product_tag-szafka-sum-320","16":"entry","18":"first","19":"instock","20":"shipping-taxable","21":"product-type-simple"},"_links":{"self":[{"href":"https:\/\/www.metal-styl.com\/index.php\/wp-json\/wp\/v2\/product\/400","targetHints":{"allow":["GET"]}}],"collection":[{"href":"https:\/\/www.metal-styl.com\/index.php\/wp-json\/wp\/v2\/product"}],"about":[{"href":"https:\/\/www.metal-styl.com\/index.php\/wp-json\/wp\/v2\/types\/product"}],"replies":[{"embeddable":true,"href":"https:\/\/www.metal-styl.com\/index.php\/wp-json\/wp\/v2\/comments?post=400"}],"version-history":[{"count":3,"href":"https:\/\/www.metal-styl.com\/index.php\/wp-json\/wp\/v2\/product\/400\/revisions"}],"predecessor-version":[{"id":970,"href":"https:\/\/www.metal-styl.com\/index.php\/wp-json\/wp\/v2\/product\/400\/revisions\/970"}],"wp:featuredmedia":[{"embeddable":true,"href":"https:\/\/www.metal-styl.com\/index.php\/wp-json\/wp\/v2\/media\/969"}],"wp:attachment":[{"href":"https:\/\/www.metal-styl.com\/index.php\/wp-json\/wp\/v2\/media?parent=400"}],"wp:term":[{"taxonomy":"product_cat","embeddable":true,"href":"https:\/\/www.metal-styl.com\/index.php\/wp-json\/wp\/v2\/product_cat?post=400"},{"taxonomy":"product_tag","embeddable":true,"href":"https:\/\/www.metal-styl.com\/index.php\/wp-json\/wp\/v2\/product_tag?post=400"},{"taxonomy":"yst_prominent_words","embeddable":true,"href":"https:\/\/www.metal-styl.com\/index.php\/wp-json\/wp\/v2\/yst_prominent_words?post=400"}],"curies":[{"name":"wp","href":"https:\/\/api.w.org\/{rel}","templated":true}]}}