{"id":4002,"date":"2020-03-02T14:03:08","date_gmt":"2020-03-02T14:03:08","guid":{"rendered":"https:\/\/www.metal-styl.com\/?post_type=product&#038;p=4002"},"modified":"2022-06-16T12:46:56","modified_gmt":"2022-06-16T12:46:56","slug":"torba-narzedziowa-tn-479100","status":"publish","type":"product","link":"https:\/\/www.metal-styl.com\/index.php\/produkt\/torba-narzedziowa-tn-479100\/","title":{"rendered":"Torba narz\u0119dziowa TN-479100"},"content":{"rendered":"<p><span style=\"color: #800000;\"><strong>\u00a0<\/strong><\/span><\/p>\n<p>&nbsp;<\/p>\n<p>&nbsp;<\/p>\n","protected":false},"excerpt":{"rendered":"<p class=\"title\"><strong>Wymiary zewn: wys\/szer\/g\u0142 290x460x235mm<\/strong><\/p>\n<p><strong>Wymiary wewn: wys\/szer\/g\u0142 225x340x140mm<\/strong><\/p>\n<div class=\"resetcss\">\n<p>Profesjonalna lekka torba tekstylna z metalowym uchwytem na narz\u0119dzia r\u0119czne.<\/p>\n<p>Zalety produktu<br \/>\nTorba na narz\u0119dzia w wytrzyma\u0142ej i lekkiej tkaninie<br \/>\nSolidne plastikowe dno, uchwyt mo\u017cna z\u0142o\u017cy\u0107 na boki<br \/>\nOchrona przed kurzem, kompatybilna z pasem McPlus<br \/>\nOd\u0142\u0105czany pasek<br \/>\nKomory na narz\u0119dzia i skrzynki sortownicze<\/p>\n<\/div>\n<div class=\"product-short-description resetcss large\">\n<p>&nbsp;<\/p>\n<\/div>\n<p>&nbsp;<\/p>\n<p><strong>\u00a0<\/strong><\/p>\n","protected":false},"featured_media":4003,"comment_status":"open","ping_status":"closed","template":"","meta":[],"product_cat":[1807,1815,1401],"product_tag":[2289,2292,2291,2290],"yst_prominent_words":[],"class_list":{"0":"post-4002","1":"product","2":"type-product","3":"status-publish","4":"has-post-thumbnail","6":"product_cat-skrzynki-narzedziowe-torby","7":"product_cat-torby-na-narzedzia","8":"product_cat-wyposazenie-warsztatu","9":"product_tag-tn-479100","10":"product_tag-torba-na-narzedzia","11":"product_tag-torba-narzedziowa","12":"product_tag-torba-narzedziowa-tn-479100","13":"entry","15":"first","16":"instock","17":"shipping-taxable","18":"product-type-simple"},"_links":{"self":[{"href":"https:\/\/www.metal-styl.com\/index.php\/wp-json\/wp\/v2\/product\/4002","targetHints":{"allow":["GET"]}}],"collection":[{"href":"https:\/\/www.metal-styl.com\/index.php\/wp-json\/wp\/v2\/product"}],"about":[{"href":"https:\/\/www.metal-styl.com\/index.php\/wp-json\/wp\/v2\/types\/product"}],"replies":[{"embeddable":true,"href":"https:\/\/www.metal-styl.com\/index.php\/wp-json\/wp\/v2\/comments?post=4002"}],"version-history":[{"count":3,"href":"https:\/\/www.metal-styl.com\/index.php\/wp-json\/wp\/v2\/product\/4002\/revisions"}],"predecessor-version":[{"id":4612,"href":"https:\/\/www.metal-styl.com\/index.php\/wp-json\/wp\/v2\/product\/4002\/revisions\/4612"}],"wp:featuredmedia":[{"embeddable":true,"href":"https:\/\/www.metal-styl.com\/index.php\/wp-json\/wp\/v2\/media\/4003"}],"wp:attachment":[{"href":"https:\/\/www.metal-styl.com\/index.php\/wp-json\/wp\/v2\/media?parent=4002"}],"wp:term":[{"taxonomy":"product_cat","embeddable":true,"href":"https:\/\/www.metal-styl.com\/index.php\/wp-json\/wp\/v2\/product_cat?post=4002"},{"taxonomy":"product_tag","embeddable":true,"href":"https:\/\/www.metal-styl.com\/index.php\/wp-json\/wp\/v2\/product_tag?post=4002"},{"taxonomy":"yst_prominent_words","embeddable":true,"href":"https:\/\/www.metal-styl.com\/index.php\/wp-json\/wp\/v2\/yst_prominent_words?post=4002"}],"curies":[{"name":"wp","href":"https:\/\/api.w.org\/{rel}","templated":true}]}}