{"id":4008,"date":"2020-03-02T15:18:03","date_gmt":"2020-03-02T15:18:03","guid":{"rendered":"https:\/\/www.metal-styl.com\/?post_type=product&#038;p=4008"},"modified":"2022-06-16T12:53:58","modified_gmt":"2022-06-16T12:53:58","slug":"torba-narzedziowa-tn-479110","status":"publish","type":"product","link":"https:\/\/www.metal-styl.com\/index.php\/produkt\/torba-narzedziowa-tn-479110\/","title":{"rendered":"Torba narz\u0119dziowa TN-479110"},"content":{"rendered":"<div class=\"resetcss\">\n<div class=\"innerbox\">\n<div class=\"resetcss\">\n<p>&nbsp;<\/p>\n<\/div>\n<div class=\"product-short-description resetcss large\">\n<p>&nbsp;<\/p>\n<\/div>\n<\/div>\n<\/div>\n<div class=\"product-short-description resetcss large\">\n<p>&nbsp;<\/p>\n<\/div>\n<p>&nbsp;<\/p>\n<p>&nbsp;<\/p>\n","protected":false},"excerpt":{"rendered":"<p><strong>\u00a0<\/strong><strong>Wymiary zewn: wys\/szer\/g\u0142 380x520x275mm<\/strong><\/p>\n<p><strong>Wymiary wewn: wys\/szer\/g\u0142 260x385x180mm<\/strong><\/p>\n<div class=\"resetcss\">\n<div class=\"innerbox\">\n<div class=\"resetcss\">\n<p>Profesjonalna lekka torba tekstylna z metalowym uchwytem na narz\u0119dzia r\u0119czne.<\/p>\n<p>Zalety produktu<br \/>\nTorba na narz\u0119dzia w wytrzyma\u0142ej i lekkiej tkaninie<br \/>\nSolidne plastikowe dno, uchwyt mo\u017cna z\u0142o\u017cy\u0107 na boki<br \/>\nOchrona przed kurzem, kompatybilna z pasem McPlus<br \/>\nOd\u0142\u0105czany pasek<br \/>\nKomory na narz\u0119dzia i skrzynki sortownicze<\/p>\n<\/div>\n<\/div>\n<\/div>\n<p><strong>\u00a0<\/strong><\/p>\n","protected":false},"featured_media":4009,"comment_status":"open","ping_status":"closed","template":"","meta":[],"product_cat":[1807,1815,1401],"product_tag":[2293,2292,2291,2294],"yst_prominent_words":[],"class_list":{"0":"post-4008","1":"product","2":"type-product","3":"status-publish","4":"has-post-thumbnail","6":"product_cat-skrzynki-narzedziowe-torby","7":"product_cat-torby-na-narzedzia","8":"product_cat-wyposazenie-warsztatu","9":"product_tag-tn-479110","10":"product_tag-torba-na-narzedzia","11":"product_tag-torba-narzedziowa","12":"product_tag-torba-narzedziowa-tn-479110","13":"entry","15":"first","16":"instock","17":"shipping-taxable","18":"product-type-simple"},"_links":{"self":[{"href":"https:\/\/www.metal-styl.com\/index.php\/wp-json\/wp\/v2\/product\/4008","targetHints":{"allow":["GET"]}}],"collection":[{"href":"https:\/\/www.metal-styl.com\/index.php\/wp-json\/wp\/v2\/product"}],"about":[{"href":"https:\/\/www.metal-styl.com\/index.php\/wp-json\/wp\/v2\/types\/product"}],"replies":[{"embeddable":true,"href":"https:\/\/www.metal-styl.com\/index.php\/wp-json\/wp\/v2\/comments?post=4008"}],"version-history":[{"count":4,"href":"https:\/\/www.metal-styl.com\/index.php\/wp-json\/wp\/v2\/product\/4008\/revisions"}],"predecessor-version":[{"id":4625,"href":"https:\/\/www.metal-styl.com\/index.php\/wp-json\/wp\/v2\/product\/4008\/revisions\/4625"}],"wp:featuredmedia":[{"embeddable":true,"href":"https:\/\/www.metal-styl.com\/index.php\/wp-json\/wp\/v2\/media\/4009"}],"wp:attachment":[{"href":"https:\/\/www.metal-styl.com\/index.php\/wp-json\/wp\/v2\/media?parent=4008"}],"wp:term":[{"taxonomy":"product_cat","embeddable":true,"href":"https:\/\/www.metal-styl.com\/index.php\/wp-json\/wp\/v2\/product_cat?post=4008"},{"taxonomy":"product_tag","embeddable":true,"href":"https:\/\/www.metal-styl.com\/index.php\/wp-json\/wp\/v2\/product_tag?post=4008"},{"taxonomy":"yst_prominent_words","embeddable":true,"href":"https:\/\/www.metal-styl.com\/index.php\/wp-json\/wp\/v2\/yst_prominent_words?post=4008"}],"curies":[{"name":"wp","href":"https:\/\/api.w.org\/{rel}","templated":true}]}}