{"id":4028,"date":"2020-03-02T15:37:38","date_gmt":"2020-03-02T15:37:38","guid":{"rendered":"https:\/\/www.metal-styl.com\/?post_type=product&#038;p=4028"},"modified":"2022-06-16T12:53:14","modified_gmt":"2022-06-16T12:53:14","slug":"skrzynka-narzedziowa-metalowa-skn-490611","status":"publish","type":"product","link":"https:\/\/www.metal-styl.com\/index.php\/produkt\/skrzynka-narzedziowa-metalowa-skn-490611\/","title":{"rendered":"Skrzynka narz\u0119dziowa metalowa 5 cz\u0119\u015bci SKN-490611"},"content":{"rendered":"<p>&nbsp;<\/p>\n<p>&nbsp;<\/p>\n","protected":false},"excerpt":{"rendered":"<p><strong>Wymiary: wys\/szer\/g\u0142 200x450x200mm<\/strong><\/p>\n<p><strong>Wymiar kom\u00f3r: 45x400x95 mm \/ 105x400x155 mm \/ 45x200x95 mm \/ 45x400x75 mm<\/strong><\/p>\n<div class=\"resetcss\">\n<p>Odporna i wytrzyma\u0142a, metalowa skrzynia na narz\u0119dzia malowana proszkowo w kolorze niebieskim sk\u0142adaj\u0105ca si\u0119 z 5 cz\u0119\u015bci. Idealne rozwi\u0105zanie dla domowych majsterkowicz\u00f3w jak i wymagaj\u0105cych profesjonalist\u00f3w. Mo\u017cliwo\u015b\u0107 zamkni\u0119cia na k\u0142\u00f3dk\u0119.<\/p>\n<\/div>\n<p>&nbsp;<\/p>\n","protected":false},"featured_media":4030,"comment_status":"open","ping_status":"closed","template":"","meta":[],"product_cat":[1807,1816,1401],"product_tag":[2306,2305,1863,2304,2303],"yst_prominent_words":[],"class_list":{"0":"post-4028","1":"product","2":"type-product","3":"status-publish","4":"has-post-thumbnail","6":"product_cat-skrzynki-narzedziowe-torby","7":"product_cat-skrzynki-narzedziowe-metalowe","8":"product_cat-wyposazenie-warsztatu","9":"product_tag-skn-490611","10":"product_tag-skrzyna-warsztatowa","11":"product_tag-skrzynka-metalowa","12":"product_tag-skrzynka-narzedziowa","13":"product_tag-skrzynka-narzedziowa-metalowa","14":"entry","16":"first","17":"instock","18":"shipping-taxable","19":"product-type-simple"},"_links":{"self":[{"href":"https:\/\/www.metal-styl.com\/index.php\/wp-json\/wp\/v2\/product\/4028","targetHints":{"allow":["GET"]}}],"collection":[{"href":"https:\/\/www.metal-styl.com\/index.php\/wp-json\/wp\/v2\/product"}],"about":[{"href":"https:\/\/www.metal-styl.com\/index.php\/wp-json\/wp\/v2\/types\/product"}],"replies":[{"embeddable":true,"href":"https:\/\/www.metal-styl.com\/index.php\/wp-json\/wp\/v2\/comments?post=4028"}],"version-history":[{"count":5,"href":"https:\/\/www.metal-styl.com\/index.php\/wp-json\/wp\/v2\/product\/4028\/revisions"}],"predecessor-version":[{"id":4624,"href":"https:\/\/www.metal-styl.com\/index.php\/wp-json\/wp\/v2\/product\/4028\/revisions\/4624"}],"wp:featuredmedia":[{"embeddable":true,"href":"https:\/\/www.metal-styl.com\/index.php\/wp-json\/wp\/v2\/media\/4030"}],"wp:attachment":[{"href":"https:\/\/www.metal-styl.com\/index.php\/wp-json\/wp\/v2\/media?parent=4028"}],"wp:term":[{"taxonomy":"product_cat","embeddable":true,"href":"https:\/\/www.metal-styl.com\/index.php\/wp-json\/wp\/v2\/product_cat?post=4028"},{"taxonomy":"product_tag","embeddable":true,"href":"https:\/\/www.metal-styl.com\/index.php\/wp-json\/wp\/v2\/product_tag?post=4028"},{"taxonomy":"yst_prominent_words","embeddable":true,"href":"https:\/\/www.metal-styl.com\/index.php\/wp-json\/wp\/v2\/yst_prominent_words?post=4028"}],"curies":[{"name":"wp","href":"https:\/\/api.w.org\/{rel}","templated":true}]}}