{"id":4033,"date":"2020-03-02T15:45:58","date_gmt":"2020-03-02T15:45:58","guid":{"rendered":"https:\/\/www.metal-styl.com\/?post_type=product&#038;p=4033"},"modified":"2022-06-16T12:51:35","modified_gmt":"2022-06-16T12:51:35","slug":"skrzynka-narzedziowa-metalowa-5-czesci-skn-490612","status":"publish","type":"product","link":"https:\/\/www.metal-styl.com\/index.php\/produkt\/skrzynka-narzedziowa-metalowa-5-czesci-skn-490612\/","title":{"rendered":"Skrzynka narz\u0119dziowa metalowa 5 cz\u0119\u015bci SKN-490612"},"content":{"rendered":"<div class=\"resetcss\">\n<div class=\"resetcss\">\n<p>&nbsp;<\/p>\n<\/div>\n<div class=\"product-short-description resetcss large\">\n<p><strong>\u00a0<\/strong><\/p>\n<\/div>\n<\/div>\n<p>&nbsp;<\/p>\n<p>&nbsp;<\/p>\n","protected":false},"excerpt":{"rendered":"<p>530x200x200mm<\/p>\n<p class=\"title\"><strong>Wymiary kom\u00f3r: 45x500x95 mm \/ 105x500x155 mm \/ 45x250x95 mm \/ 45x500x75 mm<\/strong><\/p>\n<div class=\"resetcss\">\n<div class=\"resetcss\">\n<p>Odporna i wytrzyma\u0142a, metalowa skrzynia na narz\u0119dzia malowana proszkowo w kolorze niebieskim sk\u0142adaj\u0105ca si\u0119 z 5 cz\u0119\u015bci. Idealne rozwi\u0105zanie dla domowych majsterkowicz\u00f3w jak i wymagaj\u0105cych profesjonalist\u00f3w. Mo\u017cliwo\u015b\u0107 zamkni\u0119cia na k\u0142\u00f3dk\u0119.<\/p>\n<p>&nbsp;<\/p>\n<\/div>\n<\/div>\n<p><strong>\u00a0<\/strong><\/p>\n","protected":false},"featured_media":4035,"comment_status":"open","ping_status":"closed","template":"","meta":[],"product_cat":[1807,1816,1401],"product_tag":[2308,2305,1863,2304,2303],"yst_prominent_words":[],"class_list":{"0":"post-4033","1":"product","2":"type-product","3":"status-publish","4":"has-post-thumbnail","6":"product_cat-skrzynki-narzedziowe-torby","7":"product_cat-skrzynki-narzedziowe-metalowe","8":"product_cat-wyposazenie-warsztatu","9":"product_tag-skn-490612","10":"product_tag-skrzyna-warsztatowa","11":"product_tag-skrzynka-metalowa","12":"product_tag-skrzynka-narzedziowa","13":"product_tag-skrzynka-narzedziowa-metalowa","14":"entry","16":"first","17":"instock","18":"shipping-taxable","19":"product-type-simple"},"_links":{"self":[{"href":"https:\/\/www.metal-styl.com\/index.php\/wp-json\/wp\/v2\/product\/4033","targetHints":{"allow":["GET"]}}],"collection":[{"href":"https:\/\/www.metal-styl.com\/index.php\/wp-json\/wp\/v2\/product"}],"about":[{"href":"https:\/\/www.metal-styl.com\/index.php\/wp-json\/wp\/v2\/types\/product"}],"replies":[{"embeddable":true,"href":"https:\/\/www.metal-styl.com\/index.php\/wp-json\/wp\/v2\/comments?post=4033"}],"version-history":[{"count":4,"href":"https:\/\/www.metal-styl.com\/index.php\/wp-json\/wp\/v2\/product\/4033\/revisions"}],"predecessor-version":[{"id":4622,"href":"https:\/\/www.metal-styl.com\/index.php\/wp-json\/wp\/v2\/product\/4033\/revisions\/4622"}],"wp:featuredmedia":[{"embeddable":true,"href":"https:\/\/www.metal-styl.com\/index.php\/wp-json\/wp\/v2\/media\/4035"}],"wp:attachment":[{"href":"https:\/\/www.metal-styl.com\/index.php\/wp-json\/wp\/v2\/media?parent=4033"}],"wp:term":[{"taxonomy":"product_cat","embeddable":true,"href":"https:\/\/www.metal-styl.com\/index.php\/wp-json\/wp\/v2\/product_cat?post=4033"},{"taxonomy":"product_tag","embeddable":true,"href":"https:\/\/www.metal-styl.com\/index.php\/wp-json\/wp\/v2\/product_tag?post=4033"},{"taxonomy":"yst_prominent_words","embeddable":true,"href":"https:\/\/www.metal-styl.com\/index.php\/wp-json\/wp\/v2\/yst_prominent_words?post=4033"}],"curies":[{"name":"wp","href":"https:\/\/api.w.org\/{rel}","templated":true}]}}