{"id":4047,"date":"2020-03-04T09:04:50","date_gmt":"2020-03-04T09:04:50","guid":{"rendered":"https:\/\/www.metal-styl.com\/?post_type=product&#038;p=4047"},"modified":"2022-06-16T12:42:05","modified_gmt":"2022-06-16T12:42:05","slug":"etyiety-do-pojemnikow-nr4-epm-455707","status":"publish","type":"product","link":"https:\/\/www.metal-styl.com\/index.php\/produkt\/etyiety-do-pojemnikow-nr4-epm-455707\/","title":{"rendered":"Etykiety do du\u017cych pojemnik\u00f3w nr4 EPM-455707"},"content":{"rendered":"<p><span style=\"color: #800000;\"><strong>\u00a0<\/strong><\/span><\/p>\n<div class=\"innerbox\">\n<div class=\"resetcss\"><\/div>\n<\/div>\n<p>&nbsp;<\/p>\n","protected":false},"excerpt":{"rendered":"<div class=\"innerbox\">\n<div class=\"resetcss\">\n<p>Etykiety opatrzone foli\u0105 ochronn\u0105<\/p>\n<p>Polecamy komplet 20 etykiet przystosowanych do du\u017cych pojemnik\u00f3w magazynowych nr4. Stanowi\u0105 niezb\u0119dny element wyposa\u017cenia magazynowego, zw\u0142aszcza, je\u017celi mamy do czynienia z przechowywaniem du\u017cej ilo\u015bci przedmiot\u00f3w.<\/p>\n<p>Etykiety u\u0142atwi\u0105 korzystanie z pojemnik\u00f3w magazynowych, dzi\u0119ki nim bez problemu znajdziesz wszystko, czego potrzebujesz, a tym samym zaoszcz\u0119dzisz czas, kt\u00f3ry mo\u017cna wykorzysta\u0107 na inne, ciekawsze dzia\u0142anie.<\/p>\n<p>Zastosowanie etykiet jest rozwi\u0105zaniem prostym i szybkim, a jednocze\u015bnie bardzo praktycznym.<\/p>\n<p>Na podkre\u015blenie zas\u0142uguje zastosowanie folii ochronnej, kt\u00f3ra zabezpiecza opisy zawarto\u015bci skrzynek warsztatowych przed wszelkimi p\u0142ynami, z kt\u00f3rymi mo\u017cna si\u0119 spotka\u0107 w warsztatach czy magazynach.<\/p>\n<p>W innych produktach dost\u0119pne s\u0105 etykiety dostosowane do innych wymiar\u00f3w kuwet.<\/p>\n<\/div>\n<div class=\"product-short-description resetcss large\">\n<p><strong>Komplet 20 sztuk etykiet<\/strong><\/p>\n<\/div>\n<\/div>\n<p>&nbsp;<\/p>\n","protected":false},"featured_media":4048,"comment_status":"open","ping_status":"closed","template":"","meta":[],"product_cat":[1821,1808,1401],"product_tag":[2365,2364],"yst_prominent_words":[],"class_list":{"0":"post-4047","1":"product","2":"type-product","3":"status-publish","4":"has-post-thumbnail","6":"product_cat-akcesoria-do-pojemnikow","7":"product_cat-pojemniki-regaly-z-pojemnikami","8":"product_cat-wyposazenie-warsztatu","9":"product_tag-etykieta-do-pojemnika-magazynowego-epm-455707","10":"product_tag-etykieta-do-pojemnikow-profiplus","11":"entry","13":"first","14":"instock","15":"shipping-taxable","16":"product-type-simple"},"_links":{"self":[{"href":"https:\/\/www.metal-styl.com\/index.php\/wp-json\/wp\/v2\/product\/4047","targetHints":{"allow":["GET"]}}],"collection":[{"href":"https:\/\/www.metal-styl.com\/index.php\/wp-json\/wp\/v2\/product"}],"about":[{"href":"https:\/\/www.metal-styl.com\/index.php\/wp-json\/wp\/v2\/types\/product"}],"replies":[{"embeddable":true,"href":"https:\/\/www.metal-styl.com\/index.php\/wp-json\/wp\/v2\/comments?post=4047"}],"version-history":[{"count":3,"href":"https:\/\/www.metal-styl.com\/index.php\/wp-json\/wp\/v2\/product\/4047\/revisions"}],"predecessor-version":[{"id":4598,"href":"https:\/\/www.metal-styl.com\/index.php\/wp-json\/wp\/v2\/product\/4047\/revisions\/4598"}],"wp:featuredmedia":[{"embeddable":true,"href":"https:\/\/www.metal-styl.com\/index.php\/wp-json\/wp\/v2\/media\/4048"}],"wp:attachment":[{"href":"https:\/\/www.metal-styl.com\/index.php\/wp-json\/wp\/v2\/media?parent=4047"}],"wp:term":[{"taxonomy":"product_cat","embeddable":true,"href":"https:\/\/www.metal-styl.com\/index.php\/wp-json\/wp\/v2\/product_cat?post=4047"},{"taxonomy":"product_tag","embeddable":true,"href":"https:\/\/www.metal-styl.com\/index.php\/wp-json\/wp\/v2\/product_tag?post=4047"},{"taxonomy":"yst_prominent_words","embeddable":true,"href":"https:\/\/www.metal-styl.com\/index.php\/wp-json\/wp\/v2\/yst_prominent_words?post=4047"}],"curies":[{"name":"wp","href":"https:\/\/api.w.org\/{rel}","templated":true}]}}