{"id":4090,"date":"2020-03-04T11:55:00","date_gmt":"2020-03-04T11:55:00","guid":{"rendered":"https:\/\/www.metal-styl.com\/?post_type=product&#038;p=4090"},"modified":"2022-06-16T12:36:19","modified_gmt":"2022-06-16T12:36:19","slug":"przegroda-do-najwiekszych-pojemnikow-nr5-ppm-m-455543","status":"publish","type":"product","link":"https:\/\/www.metal-styl.com\/index.php\/produkt\/przegroda-do-najwiekszych-pojemnikow-nr5-ppm-m-455543\/","title":{"rendered":"Przegroda do najwi\u0119kszych pojemnik\u00f3w nr5 PPM-M 455543"},"content":{"rendered":"<p><span style=\"color: #800000;\"><strong>\u00a0<\/strong><\/span><\/p>\n<div class=\"innerbox\">\n<div class=\"resetcss\"><\/div>\n<\/div>\n<p>&nbsp;<\/p>\n","protected":false},"excerpt":{"rendered":"<div class=\"innerbox\">\n<div class=\"resetcss\">\n<p>Przegrody do pojemnik\u00f3w ProfiPlus<\/p>\n<p>Gor\u0105co polecamy wygodne i praktyczne przegrody, wyprodukowane z my\u015bl\u0105 o wsparciu przy przechowywaniu drobnych przedmiot\u00f3w.<\/p>\n<p>Za pomoc\u0105 przegr\u00f3d w pojemnikach magazynowych mo\u017cna stworzy\u0107 jeszcze mniejsze przestrzenie do segregacji drobiazg\u00f3w \u2013 dzi\u0119ki temu kilka rodzaj\u00f3w np. podk\u0142adek i nakr\u0119tek \u0142atwo uporz\u0105dkowa\u0107 i umie\u015bci\u0107 na wyci\u0105gni\u0119cie r\u0119ki.<\/p>\n<p>Wraz z zakupem przegr\u00f3dek zyskujesz funkcjonalne rozwi\u0105zanie, po kt\u00f3re mo\u017cna si\u0119gn\u0105\u0107 w ka\u017cdej chwili<\/p>\n<p>W komplecie 1 sztuka do podzia\u0142u wn\u0119trza pojemnik\u00f3w wzd\u0142u\u017c. Prosta sprawa, a bardzo pomocna w codziennej pracy, bo zawarto\u015b\u0107 kuwet nie miesza si\u0119 i pozostaje \u0142atwo dost\u0119pna.<\/p>\n<p>W innych produktach dost\u0119pne s\u0105 przegr\u00f3dki w innych rozmiarach<strong>.<\/strong><\/p>\n<\/div>\n<\/div>\n<p>&nbsp;<\/p>\n","protected":false},"featured_media":4092,"comment_status":"open","ping_status":"closed","template":"","meta":[],"product_cat":[1821,1808,1401],"product_tag":[2449,2448,2446],"yst_prominent_words":[],"class_list":{"0":"post-4090","1":"product","2":"type-product","3":"status-publish","4":"has-post-thumbnail","6":"product_cat-akcesoria-do-pojemnikow","7":"product_cat-pojemniki-regaly-z-pojemnikami","8":"product_cat-wyposazenie-warsztatu","9":"product_tag-ppm-n","10":"product_tag-przegroda-455543","11":"product_tag-przegroda-do-pojemnikow","12":"entry","14":"first","15":"instock","16":"shipping-taxable","17":"product-type-simple"},"_links":{"self":[{"href":"https:\/\/www.metal-styl.com\/index.php\/wp-json\/wp\/v2\/product\/4090","targetHints":{"allow":["GET"]}}],"collection":[{"href":"https:\/\/www.metal-styl.com\/index.php\/wp-json\/wp\/v2\/product"}],"about":[{"href":"https:\/\/www.metal-styl.com\/index.php\/wp-json\/wp\/v2\/types\/product"}],"replies":[{"embeddable":true,"href":"https:\/\/www.metal-styl.com\/index.php\/wp-json\/wp\/v2\/comments?post=4090"}],"version-history":[{"count":3,"href":"https:\/\/www.metal-styl.com\/index.php\/wp-json\/wp\/v2\/product\/4090\/revisions"}],"predecessor-version":[{"id":4583,"href":"https:\/\/www.metal-styl.com\/index.php\/wp-json\/wp\/v2\/product\/4090\/revisions\/4583"}],"wp:featuredmedia":[{"embeddable":true,"href":"https:\/\/www.metal-styl.com\/index.php\/wp-json\/wp\/v2\/media\/4092"}],"wp:attachment":[{"href":"https:\/\/www.metal-styl.com\/index.php\/wp-json\/wp\/v2\/media?parent=4090"}],"wp:term":[{"taxonomy":"product_cat","embeddable":true,"href":"https:\/\/www.metal-styl.com\/index.php\/wp-json\/wp\/v2\/product_cat?post=4090"},{"taxonomy":"product_tag","embeddable":true,"href":"https:\/\/www.metal-styl.com\/index.php\/wp-json\/wp\/v2\/product_tag?post=4090"},{"taxonomy":"yst_prominent_words","embeddable":true,"href":"https:\/\/www.metal-styl.com\/index.php\/wp-json\/wp\/v2\/yst_prominent_words?post=4090"}],"curies":[{"name":"wp","href":"https:\/\/api.w.org\/{rel}","templated":true}]}}