{"id":4093,"date":"2020-03-04T11:59:53","date_gmt":"2020-03-04T11:59:53","guid":{"rendered":"https:\/\/www.metal-styl.com\/?post_type=product&#038;p=4093"},"modified":"2022-06-16T12:35:44","modified_gmt":"2022-06-16T12:35:44","slug":"przegroda-do-szerokich-pojemnikow-nr2b-ppm-sz-455544","status":"publish","type":"product","link":"https:\/\/www.metal-styl.com\/index.php\/produkt\/przegroda-do-szerokich-pojemnikow-nr2b-ppm-sz-455544\/","title":{"rendered":"Przegroda do szerokich pojemnik\u00f3w nr2B PPM-SZ 455544"},"content":{"rendered":"<p><span style=\"color: #800000;\"><strong>\u00a0<\/strong><\/span><\/p>\n<div class=\"resetcss\"><\/div>\n<p>&nbsp;<\/p>\n","protected":false},"excerpt":{"rendered":"<div class=\"resetcss\">\n<p>Przegrody do pojemnik\u00f3w magazynowych<\/p>\n<p>Oczekujesz, by pojemniki magazynowe dostosowywa\u0142y si\u0119 do aktualnej potrzeby przechowania konkretnej ilo\u015bci przedmiot\u00f3w. Samo si\u0119 to nie zrobi! Jednak jest \u0142atwy spos\u00f3b na zapewnienie sobie b\u0142yskawicznego wp\u0142ywu na przestrzenie magazynowe w pojemnikach ProfiPlus \u2013 chodzi o przegrody do kuwetek.<\/p>\n<p>Producent systemu ProfiPlus zadba\u0142 o ka\u017cdy szczeg\u00f3\u0142 u\u017cytkowania jego produkt\u00f3w, dlatego przegrody do pojemnik\u00f3w s\u0105 \u0142atwe w monta\u017cu, wytrzyma\u0142e i niewymagaj\u0105ce renowacji. To wr\u0119cz spe\u0142nienie marze\u0144 ka\u017cdego, kto kiedykolwiek by\u0142 odpowiedzialny za porz\u0105dek i organizacj\u0119 miejsca pracy czy magazynowania.<\/p>\n<p>Niniejsza oferta i cena dotyczy ca\u0142ego kompletu pojemnik\u00f3w, czyli 4 sztuk.<\/p>\n<\/div>\n<p>&nbsp;<\/p>\n","protected":false},"featured_media":4094,"comment_status":"open","ping_status":"closed","template":"","meta":[],"product_cat":[1821,1808,1401],"product_tag":[2451,2452,2446],"yst_prominent_words":[],"class_list":{"0":"post-4093","1":"product","2":"type-product","3":"status-publish","4":"has-post-thumbnail","6":"product_cat-akcesoria-do-pojemnikow","7":"product_cat-pojemniki-regaly-z-pojemnikami","8":"product_cat-wyposazenie-warsztatu","9":"product_tag-ppm-sz","10":"product_tag-przegroda-455544","11":"product_tag-przegroda-do-pojemnikow","12":"entry","14":"first","15":"instock","16":"shipping-taxable","17":"product-type-simple"},"_links":{"self":[{"href":"https:\/\/www.metal-styl.com\/index.php\/wp-json\/wp\/v2\/product\/4093","targetHints":{"allow":["GET"]}}],"collection":[{"href":"https:\/\/www.metal-styl.com\/index.php\/wp-json\/wp\/v2\/product"}],"about":[{"href":"https:\/\/www.metal-styl.com\/index.php\/wp-json\/wp\/v2\/types\/product"}],"replies":[{"embeddable":true,"href":"https:\/\/www.metal-styl.com\/index.php\/wp-json\/wp\/v2\/comments?post=4093"}],"version-history":[{"count":3,"href":"https:\/\/www.metal-styl.com\/index.php\/wp-json\/wp\/v2\/product\/4093\/revisions"}],"predecessor-version":[{"id":4581,"href":"https:\/\/www.metal-styl.com\/index.php\/wp-json\/wp\/v2\/product\/4093\/revisions\/4581"}],"wp:featuredmedia":[{"embeddable":true,"href":"https:\/\/www.metal-styl.com\/index.php\/wp-json\/wp\/v2\/media\/4094"}],"wp:attachment":[{"href":"https:\/\/www.metal-styl.com\/index.php\/wp-json\/wp\/v2\/media?parent=4093"}],"wp:term":[{"taxonomy":"product_cat","embeddable":true,"href":"https:\/\/www.metal-styl.com\/index.php\/wp-json\/wp\/v2\/product_cat?post=4093"},{"taxonomy":"product_tag","embeddable":true,"href":"https:\/\/www.metal-styl.com\/index.php\/wp-json\/wp\/v2\/product_tag?post=4093"},{"taxonomy":"yst_prominent_words","embeddable":true,"href":"https:\/\/www.metal-styl.com\/index.php\/wp-json\/wp\/v2\/yst_prominent_words?post=4093"}],"curies":[{"name":"wp","href":"https:\/\/api.w.org\/{rel}","templated":true}]}}