{"id":4096,"date":"2020-03-04T12:06:47","date_gmt":"2020-03-04T12:06:47","guid":{"rendered":"https:\/\/www.metal-styl.com\/?post_type=product&#038;p=4096"},"modified":"2022-06-16T12:35:12","modified_gmt":"2022-06-16T12:35:12","slug":"pojemnik-warsztatowy-nr-1-60x100x102mm-pw-plus1","status":"publish","type":"product","link":"https:\/\/www.metal-styl.com\/index.php\/produkt\/pojemnik-warsztatowy-nr-1-60x100x102mm-pw-plus1\/","title":{"rendered":"Pojemnik warsztatowy nr 1 60x100x102mm PW-PLUS1 456404"},"content":{"rendered":"<p>&nbsp;<\/p>\n<p>&nbsp;<\/p>\n<p>&nbsp;<\/p>\n","protected":false},"excerpt":{"rendered":"<p>Pojemnik magazynowy o niewielkich gabarytach.<\/p>\n<p>Zajmuje niewiele miejsca, ale jednocze\u015bnie skutecznie przechowa lu\u017ane, drobne przedmioty.<\/p>\n<p>&#8211; Do pojemnika s\u0105 przystosowane pokrywki z prze\u017aroczystego tworzywa<\/p>\n<p>&#8211; odporne na temperatur\u0119 w zakresie -10 do + 60 stopni<\/p>\n<p>&#8211; mo\u017cliwo\u015b\u0107 sztaplowania pojemnik\u00f3w<\/p>\n<p>&#8211; du\u017ca wytrzyma\u0142o\u015b\u0107 na odkszta\u0142cenia<\/p>\n<p>Niepodatny na czynniki zewn\u0119trzne polipropylen powoduje, \u017ce najcz\u0119\u015bciej tego typu kuwety wykorzystywane s\u0105 w magazynach, warsztatach, gara\u017cach. Jednak w praktyce mo\u017cna je z powodzeniem zastosowa\u0107 wsz\u0119dzie, gdzie tylko istnieje konieczno\u015b\u0107 uporz\u0105dkowania niewielkich przedmiot\u00f3w, kt\u00f3re powinny by\u0107 dobrze zabezpieczone, a jednocze\u015bnie \u0142atwo dost\u0119pne.<\/p>\n<p>Du\u017cym plusem niniejszego pojemnika jest dostosowanie do monta\u017cu na tablicach \u015bciennych lub listwach specjalnie przystosowanych do kuwet warsztatowych.<\/p>\n<p>To bardzo prosty spos\u00f3b na zbudowanie w\u0142asnego magazynku na drobne elementy potrzebne w codziennej pracy.<\/p>\n<p>W ofercie posiadamy 3 rodzaje wielko\u015bci wskazanych pojemnik\u00f3w: ma\u0142e, \u015brednie, du\u017ce.<\/p>\n<p>&nbsp;<\/p>\n<p><strong>\u00a0<\/strong><\/p>\n","protected":false},"featured_media":4152,"comment_status":"open","ping_status":"closed","template":"","meta":[],"product_cat":[1808,1818,1401],"product_tag":[2465,2354,2353,2355,2457,2458],"yst_prominent_words":[],"class_list":{"0":"post-4096","1":"product","2":"type-product","3":"status-publish","4":"has-post-thumbnail","6":"product_cat-pojemniki-regaly-z-pojemnikami","7":"product_cat-pojemniki-profiplus","8":"product_cat-wyposazenie-warsztatu","9":"product_tag-2465","10":"product_tag-pojemnik-magazynowy","11":"product_tag-pojemnik-magazynowy-profiplus","12":"product_tag-pojemnik-profi","13":"product_tag-pojemnik-pw-plus1","14":"product_tag-pojemnik-warsztatowy","15":"entry","17":"first","18":"instock","19":"shipping-taxable","20":"product-type-simple"},"_links":{"self":[{"href":"https:\/\/www.metal-styl.com\/index.php\/wp-json\/wp\/v2\/product\/4096","targetHints":{"allow":["GET"]}}],"collection":[{"href":"https:\/\/www.metal-styl.com\/index.php\/wp-json\/wp\/v2\/product"}],"about":[{"href":"https:\/\/www.metal-styl.com\/index.php\/wp-json\/wp\/v2\/types\/product"}],"replies":[{"embeddable":true,"href":"https:\/\/www.metal-styl.com\/index.php\/wp-json\/wp\/v2\/comments?post=4096"}],"version-history":[{"count":5,"href":"https:\/\/www.metal-styl.com\/index.php\/wp-json\/wp\/v2\/product\/4096\/revisions"}],"predecessor-version":[{"id":4579,"href":"https:\/\/www.metal-styl.com\/index.php\/wp-json\/wp\/v2\/product\/4096\/revisions\/4579"}],"wp:featuredmedia":[{"embeddable":true,"href":"https:\/\/www.metal-styl.com\/index.php\/wp-json\/wp\/v2\/media\/4152"}],"wp:attachment":[{"href":"https:\/\/www.metal-styl.com\/index.php\/wp-json\/wp\/v2\/media?parent=4096"}],"wp:term":[{"taxonomy":"product_cat","embeddable":true,"href":"https:\/\/www.metal-styl.com\/index.php\/wp-json\/wp\/v2\/product_cat?post=4096"},{"taxonomy":"product_tag","embeddable":true,"href":"https:\/\/www.metal-styl.com\/index.php\/wp-json\/wp\/v2\/product_tag?post=4096"},{"taxonomy":"yst_prominent_words","embeddable":true,"href":"https:\/\/www.metal-styl.com\/index.php\/wp-json\/wp\/v2\/yst_prominent_words?post=4096"}],"curies":[{"name":"wp","href":"https:\/\/api.w.org\/{rel}","templated":true}]}}