{"id":4101,"date":"2020-03-04T12:52:58","date_gmt":"2020-03-04T12:52:58","guid":{"rendered":"https:\/\/www.metal-styl.com\/?post_type=product&#038;p=4101"},"modified":"2022-06-16T12:34:47","modified_gmt":"2022-06-16T12:34:47","slug":"pojemnik-warsztatowy-nr-2-75x102x160mm-pw-plus2","status":"publish","type":"product","link":"https:\/\/www.metal-styl.com\/index.php\/produkt\/pojemnik-warsztatowy-nr-2-75x102x160mm-pw-plus2\/","title":{"rendered":"Pojemnik warsztatowy nr 2 75x102x160mm PW-PLUS2 456411"},"content":{"rendered":"<p>&nbsp;<\/p>\n<p>&nbsp;<\/p>\n","protected":false},"excerpt":{"rendered":"<p>\u015aredniej wielko\u015bci pojemnik, kt\u00f3ry przydaje si\u0119 w\u0142a\u015bciwie w ka\u017cdym pomieszczeniu i przy ka\u017cdym rodzaju segregowania ma\u0142ych przedmiot\u00f3w.<\/p>\n<p>Producent zadba\u0142 o najwy\u017cszej jako\u015bci tworzywo sztuczne \u2013 polipropylen, dzi\u0119ki kt\u00f3remu wszyscy u\u017cytkownicy mog\u0105 cieszy\u0107 si\u0119 kuwetami o wyj\u0105tkowo korzystnych w\u0142a\u015bciwo\u015bciach.<\/p>\n<p>&#8211; Do pojemnika s\u0105 przystosowane pokrywki z prze\u017aroczystego tworzywa<\/p>\n<p>&#8211; odporne na temperatur\u0119 w zakresie -10 do + 60 stopni.<\/p>\n<p>&#8211; barwniki wolne od metali ci\u0119\u017ckich<\/p>\n<p>&#8211; mo\u017cliwo\u015b\u0107 sztaplowania pojemnik\u00f3w<\/p>\n<p>&#8211; du\u017ca wytrzyma\u0142o\u015b\u0107 na odkszta\u0142cenia<\/p>\n<p>Korzysta si\u0119 z nich wygodnie, poniewa\u017c maj\u0105 ergonomiczny kszta\u0142t i daj\u0105 mo\u017cliwo\u015b\u0107 skorzystania z ca\u0142ego wachlarza akcesori\u00f3w typu: etykiety, tablice na\u015bcienne, czy przykrywki do pojemnik\u00f3w.<\/p>\n<p>Du\u017cym plusem niniejszego pojemnika jest dostosowanie do monta\u017cu na tablicach \u015bciennych lub listwach specjalnie przystosowanych do kuwet warsztatowych. To bardzo prosty spos\u00f3b na zbudowanie w\u0142asnego magazynku na drobne elementy potrzebne w codziennej pracy.<\/p>\n<p>Pojemnik w mocno nasyconym kolorze, do wyboru niebieski, czerwony, szary, zielony \u017c\u00f3\u0142ty.<\/p>\n<p>&nbsp;<\/p>\n<p><strong>\u00a0<\/strong><\/p>\n","protected":false},"featured_media":4153,"comment_status":"open","ping_status":"closed","template":"","meta":[],"product_cat":[1808,1818,1401],"product_tag":[2464,2354,2353,2355,2461,2458],"yst_prominent_words":[],"class_list":{"0":"post-4101","1":"product","2":"type-product","3":"status-publish","4":"has-post-thumbnail","6":"product_cat-pojemniki-regaly-z-pojemnikami","7":"product_cat-pojemniki-profiplus","8":"product_cat-wyposazenie-warsztatu","9":"product_tag-2464","10":"product_tag-pojemnik-magazynowy","11":"product_tag-pojemnik-magazynowy-profiplus","12":"product_tag-pojemnik-profi","13":"product_tag-pojemnik-pw-plus2","14":"product_tag-pojemnik-warsztatowy","15":"entry","17":"first","18":"instock","19":"shipping-taxable","20":"product-type-simple"},"_links":{"self":[{"href":"https:\/\/www.metal-styl.com\/index.php\/wp-json\/wp\/v2\/product\/4101","targetHints":{"allow":["GET"]}}],"collection":[{"href":"https:\/\/www.metal-styl.com\/index.php\/wp-json\/wp\/v2\/product"}],"about":[{"href":"https:\/\/www.metal-styl.com\/index.php\/wp-json\/wp\/v2\/types\/product"}],"replies":[{"embeddable":true,"href":"https:\/\/www.metal-styl.com\/index.php\/wp-json\/wp\/v2\/comments?post=4101"}],"version-history":[{"count":3,"href":"https:\/\/www.metal-styl.com\/index.php\/wp-json\/wp\/v2\/product\/4101\/revisions"}],"predecessor-version":[{"id":4578,"href":"https:\/\/www.metal-styl.com\/index.php\/wp-json\/wp\/v2\/product\/4101\/revisions\/4578"}],"wp:featuredmedia":[{"embeddable":true,"href":"https:\/\/www.metal-styl.com\/index.php\/wp-json\/wp\/v2\/media\/4153"}],"wp:attachment":[{"href":"https:\/\/www.metal-styl.com\/index.php\/wp-json\/wp\/v2\/media?parent=4101"}],"wp:term":[{"taxonomy":"product_cat","embeddable":true,"href":"https:\/\/www.metal-styl.com\/index.php\/wp-json\/wp\/v2\/product_cat?post=4101"},{"taxonomy":"product_tag","embeddable":true,"href":"https:\/\/www.metal-styl.com\/index.php\/wp-json\/wp\/v2\/product_tag?post=4101"},{"taxonomy":"yst_prominent_words","embeddable":true,"href":"https:\/\/www.metal-styl.com\/index.php\/wp-json\/wp\/v2\/yst_prominent_words?post=4101"}],"curies":[{"name":"wp","href":"https:\/\/api.w.org\/{rel}","templated":true}]}}