{"id":4138,"date":"2020-03-04T15:15:40","date_gmt":"2020-03-04T15:15:40","guid":{"rendered":"https:\/\/www.metal-styl.com\/?post_type=product&#038;p=4138"},"modified":"2022-06-16T12:29:58","modified_gmt":"2022-06-16T12:29:58","slug":"pojemnik-magazynowy-nr-4-150x205x352mm-pm-4-2","status":"publish","type":"product","link":"https:\/\/www.metal-styl.com\/index.php\/produkt\/pojemnik-magazynowy-nr-4-150x205x352mm-pm-4-2\/","title":{"rendered":"Pojemnik magazynowy nr 4 150x205x352mm PM-4"},"content":{"rendered":"<p class=\"title\">\n<div class=\"innerbox\">\n<div class=\"resetcss\"><\/div>\n<\/div>\n<p>&nbsp;<\/p>\n","protected":false},"excerpt":{"rendered":"<div class=\"innerbox\">\n<div class=\"resetcss\">\n<p>Pojemnik magazynowy PM-4<\/p>\n<p>Kuwety ProfiPlus wyprodukowane s\u0105 z wysoko udarowego polipropylenu, kt\u00f3ry jest odporny na temperatury od -30 do 90\u00b0C. Dzi\u0119ki temu mo\u017cna w nich przechowa\u0107 w\u0142a\u015bciwie wszystko.<\/p>\n<p>Wed\u0142ug producenta pojemnik wytrzyma obci\u0105\u017cenie do 25 kg.<\/p>\n<p>Pojemnik w mocno nasyconym kolorze, do wyboru niebieski, czerwony, szary, zielony \u017c\u00f3\u0142ty.<\/p>\n<p>Natomiast sama jako\u015b\u0107 wykonania i materia\u0142 gwarantuj\u0105, \u017ce kuweta nie zmienia swojego kszta\u0142tu, jest te\u017c odporna na zarysowania i agresywne \u015brodki chemiczne.<\/p>\n<p>Jedno jest pewne \u2013 nasz produkt stanowi idealn\u0105 podstaw\u0119 do stworzenia wygodnego sposobu magazynowania ma\u0142ych element\u00f3w, a dzi\u0119ki swoim w\u0142a\u015bciwo\u015bciom b\u0119dzie cieszy\u0142 u\u017cytkownik\u00f3w przez lata.<\/p>\n<\/div>\n<\/div>\n<p>&nbsp;<\/p>\n<p><strong>\u00a0<\/strong><\/p>\n","protected":false},"featured_media":4144,"comment_status":"open","ping_status":"closed","template":"","meta":[],"product_cat":[1808,1818,1401],"product_tag":[2416,2354,2415,2353,2355],"yst_prominent_words":[],"class_list":{"0":"post-4138","1":"product","2":"type-product","3":"status-publish","4":"has-post-thumbnail","6":"product_cat-pojemniki-regaly-z-pojemnikami","7":"product_cat-pojemniki-profiplus","8":"product_cat-wyposazenie-warsztatu","9":"product_tag-pm-4","10":"product_tag-pojemnik-magazynowy","11":"product_tag-pojemnik-magazynowy-pm-4","12":"product_tag-pojemnik-magazynowy-profiplus","13":"product_tag-pojemnik-profi","14":"entry","16":"first","17":"instock","18":"shipping-taxable","19":"product-type-simple"},"_links":{"self":[{"href":"https:\/\/www.metal-styl.com\/index.php\/wp-json\/wp\/v2\/product\/4138","targetHints":{"allow":["GET"]}}],"collection":[{"href":"https:\/\/www.metal-styl.com\/index.php\/wp-json\/wp\/v2\/product"}],"about":[{"href":"https:\/\/www.metal-styl.com\/index.php\/wp-json\/wp\/v2\/types\/product"}],"replies":[{"embeddable":true,"href":"https:\/\/www.metal-styl.com\/index.php\/wp-json\/wp\/v2\/comments?post=4138"}],"version-history":[{"count":2,"href":"https:\/\/www.metal-styl.com\/index.php\/wp-json\/wp\/v2\/product\/4138\/revisions"}],"predecessor-version":[{"id":4569,"href":"https:\/\/www.metal-styl.com\/index.php\/wp-json\/wp\/v2\/product\/4138\/revisions\/4569"}],"wp:featuredmedia":[{"embeddable":true,"href":"https:\/\/www.metal-styl.com\/index.php\/wp-json\/wp\/v2\/media\/4144"}],"wp:attachment":[{"href":"https:\/\/www.metal-styl.com\/index.php\/wp-json\/wp\/v2\/media?parent=4138"}],"wp:term":[{"taxonomy":"product_cat","embeddable":true,"href":"https:\/\/www.metal-styl.com\/index.php\/wp-json\/wp\/v2\/product_cat?post=4138"},{"taxonomy":"product_tag","embeddable":true,"href":"https:\/\/www.metal-styl.com\/index.php\/wp-json\/wp\/v2\/product_tag?post=4138"},{"taxonomy":"yst_prominent_words","embeddable":true,"href":"https:\/\/www.metal-styl.com\/index.php\/wp-json\/wp\/v2\/yst_prominent_words?post=4138"}],"curies":[{"name":"wp","href":"https:\/\/api.w.org\/{rel}","templated":true}]}}