{"id":415,"date":"2019-12-01T23:14:43","date_gmt":"2019-12-01T23:14:43","guid":{"rendered":"http:\/\/metalsty.cluster014.ovh.net\/pixel\/?post_type=product&#038;p=415"},"modified":"2020-01-03T17:37:05","modified_gmt":"2020-01-03T17:37:05","slug":"szafa-ubraniowa-bhp-su-800p-30-jednodrzwiowa-z-przegroda-przedzial-o-szer-400mm-kopia","status":"publish","type":"product","link":"https:\/\/www.metal-styl.com\/index.php\/produkt\/szafa-ubraniowa-bhp-su-800p-30-jednodrzwiowa-z-przegroda-przedzial-o-szer-400mm-kopia\/","title":{"rendered":"Szafa BHP 2-drzwiowa SU-800P-40 z przegrod\u0105 przedzia\u0142 o szer.400mm"},"content":{"rendered":"<div id=\"center_column\">\n<div id=\"more_info_block\" class=\"clear\">\n<div id=\"more_info_sheets\" class=\"sheets align_justify\">\n<div id=\"idTab1\" class=\"rte\">\n<p><span style=\"color: #800000;\"><strong>Szafa BHP UBRANIOWA Z PRZEGROD\u0104 SU-800P-40<\/strong><\/span><\/p>\n<p><span style=\"color: #000000;\"><strong>Wymiary: wys\/szer\/g\u0142\u00a01800x800x500mm<\/strong><\/span><\/p>\n<p>Symbol: SU-800P-30<\/p>\n<p>Opis:\u00a0Szafa ubraniowa 2 drzwiowa Z PRZEGROD\u0104.<\/p>\n<p>Ka\u017cda komora szafy podzielona na dwa przedzia\u0142y, umo\u017cliwiaj\u0105ce oddzielne umieszczenie odzie\u017cy ochronnej i ubra\u0144 codziennych<\/p>\n<p>Ka\u017cdy przedzia\u0142 wyposa\u017cony w p\u00f3\u0142k\u0119, plastikowy dr\u0105\u017cek, haczyki ubraniowe, haczyk na r\u0119cznik, lusterko oraz wizytownik.<\/p>\n<p>W drzwiczkach wykonana perforacja zapewniaj\u0105ca odpowiedni\u0105 cyrkulacj\u0119 powietrza w szafce.<\/p>\n<p>Ka\u017cde drzwi zamykane na kluczyk ( w komplecie 2 kluczyki do ka\u017cdego zamka).<\/p>\n<p>Daszek szafki mo\u017ce by\u0107 sko\u015bny, a ca\u0142a szafka mo\u017ce sta\u0107 na cokole, na n\u00f3\u017ckach, na pode\u015bcie sta\u0142ym z siedziskiem wykonanym z bukowych deseczek lub na pode\u015bcie wysuwanym spod szafki na prowadnicach ( chowanie go zwi\u0119ksza przestrze\u0144 u\u017cytkow\u0105 oraz usprawnia zachowanie czysto\u015bci w szatni).<\/p>\n<p>Szafa malowana trwa\u0142ymi farbami proszkowymi w kolorze wg Palety RAL<\/p>\n<p>Oferta cenowa dotyczy koloru: Ral 7035 popielato-platynowy<\/p>\n<p>Istnieje mo\u017cliwo\u015b\u0107 malowania szaf w innym kolorze lub w dw\u00f3ch kolorach.<\/p>\n<p>Mo\u017cliwo\u015b\u0107 wykonania szafy w innych rozmiarach w innych kolorach oraz wg indywidualnych potrzeb klienta. W celu wyceny prosimy o przes\u0142anie do nas maila na adres biuro@metal-styl.com z zapytaniem ofertowym oraz przedstawieniem Pa\u0144stwa potrzeb i oczekiwa\u0144 wobec produktu.<\/p>\n<\/div>\n<\/div>\n<\/div>\n<\/div>\n","protected":false},"excerpt":{"rendered":"<p><span style=\"color: #800000;\"><strong>Szafa BHP UBRANIOWA Z PRZEGROD\u0104 SU-800P-40<\/strong><\/span><\/p>\n<p><strong>Wymiary: wys\/szer\/g\u0142\u00a01800x800x500mm<\/strong><\/p>\n","protected":false},"featured_media":957,"comment_status":"open","ping_status":"closed","template":"","meta":[],"product_cat":[32,33],"product_tag":[249,248,229,228,230,250,231,227,247,226],"yst_prominent_words":[493,409,450,490,395,499,394,386,487,434,488,393],"class_list":{"0":"post-415","1":"product","2":"type-product","3":"status-publish","4":"has-post-thumbnail","6":"product_cat-meble-ubraniowe-bhp","7":"product_cat-szafy-bhp","8":"product_tag-szafa-bhp-su-800p-40","9":"product_tag-szafa-dwudrzwiowa","10":"product_tag-szafa-metalowa-bhp","11":"product_tag-szafa-odziezowa","12":"product_tag-szafa-pracownicza","13":"product_tag-szafa-sum-420","14":"product_tag-szafa-szatniowa","15":"product_tag-szafa-ubraniowa","16":"product_tag-szafa-z-przegroda","17":"product_tag-szafka-bhp","18":"entry","20":"first","21":"instock","22":"shipping-taxable","23":"product-type-simple"},"_links":{"self":[{"href":"https:\/\/www.metal-styl.com\/index.php\/wp-json\/wp\/v2\/product\/415","targetHints":{"allow":["GET"]}}],"collection":[{"href":"https:\/\/www.metal-styl.com\/index.php\/wp-json\/wp\/v2\/product"}],"about":[{"href":"https:\/\/www.metal-styl.com\/index.php\/wp-json\/wp\/v2\/types\/product"}],"replies":[{"embeddable":true,"href":"https:\/\/www.metal-styl.com\/index.php\/wp-json\/wp\/v2\/comments?post=415"}],"version-history":[{"count":2,"href":"https:\/\/www.metal-styl.com\/index.php\/wp-json\/wp\/v2\/product\/415\/revisions"}],"predecessor-version":[{"id":958,"href":"https:\/\/www.metal-styl.com\/index.php\/wp-json\/wp\/v2\/product\/415\/revisions\/958"}],"wp:featuredmedia":[{"embeddable":true,"href":"https:\/\/www.metal-styl.com\/index.php\/wp-json\/wp\/v2\/media\/957"}],"wp:attachment":[{"href":"https:\/\/www.metal-styl.com\/index.php\/wp-json\/wp\/v2\/media?parent=415"}],"wp:term":[{"taxonomy":"product_cat","embeddable":true,"href":"https:\/\/www.metal-styl.com\/index.php\/wp-json\/wp\/v2\/product_cat?post=415"},{"taxonomy":"product_tag","embeddable":true,"href":"https:\/\/www.metal-styl.com\/index.php\/wp-json\/wp\/v2\/product_tag?post=415"},{"taxonomy":"yst_prominent_words","embeddable":true,"href":"https:\/\/www.metal-styl.com\/index.php\/wp-json\/wp\/v2\/yst_prominent_words?post=415"}],"curies":[{"name":"wp","href":"https:\/\/api.w.org\/{rel}","templated":true}]}}