{"id":4163,"date":"2020-03-04T16:02:30","date_gmt":"2020-03-04T16:02:30","guid":{"rendered":"https:\/\/www.metal-styl.com\/?post_type=product&#038;p=4163"},"modified":"2022-06-16T12:24:56","modified_gmt":"2022-06-16T12:24:56","slug":"regal-bez-pojemnikow-rbp-sd01959436-1950x940x360mm","status":"publish","type":"product","link":"https:\/\/www.metal-styl.com\/index.php\/produkt\/regal-bez-pojemnikow-rbp-sd01959436-1950x940x360mm\/","title":{"rendered":"Rega\u0142 bez pojemnik\u00f3w RBP-SD01959436"},"content":{"rendered":"<div class=\"innerbox\">\n<div class=\"resetcss\">\n<p>&nbsp;<\/p>\n<\/div>\n<div class=\"product-short-description resetcss large\">\n<p><strong>\u00a0<\/strong><\/p>\n<\/div>\n<\/div>\n<p>&nbsp;<\/p>\n","protected":false},"excerpt":{"rendered":"<p class=\"title\"><strong>Wymiary wys\/szer\/g\u0142: 1950x940x360 mm<\/strong><\/p>\n<div class=\"innerbox\">\n<div class=\"resetcss\">\n<p>Rega\u0142 wykonany z p\u0142yty meblowej w szarym kolorze pusty do samodzielnej konfiguracji pojemnik\u00f3w zawieszanych na przystosowanej do tego tablicy z tworzywa.<\/p>\n<p>( mo\u017cna r\u00f3wnie\u017c wyposa\u017cy\u0107 rega\u0142 w r\u00f3\u017cnego rodzaje haczyki i uchwyty na narz\u0119dzia zwieszane na p\u0142ycie z pojemnikami. Dost\u0119pne osobno w sprzeda\u017cy w dziale: <strong><a href=\"https:\/\/www.metal-styl.com\/index.php\/kategoria-produktu\/wyposazenie-warsztatu\/zestawy-pojemnikow-listwy-tablice-uchwyty\/\">ZESTAWY POJEMNIK\u00d3W, TABLICE, LISTWY NARZ\u0118DZIOWE I UCHWYTY DO WARSZTATU<\/a><\/strong><\/p>\n<p>Z racji, i\u017c rega\u0142 jest zbudowany z p\u0142yty jego zastosowanie raczej przeznaczone jest na wyposa\u017cenie sklepu, biura b\u0105d\u017a mo\u017cna go wykorzysta\u0107 jako ekspozytor na r\u00f3\u017cnego rodzaju ma\u0142e produkty.<\/p>\n<p>Rega\u0142 dost\u0119pny w sprzeda\u017cy r\u00f3wnie\u017c z pojemnikami.<\/p>\n<\/div>\n<\/div>\n<p><strong>\u00a0<\/strong><\/p>\n","protected":false},"featured_media":4164,"comment_status":"open","ping_status":"closed","template":"","meta":[],"product_cat":[1808,1819,1400,2730,1401],"product_tag":[2499,2495,2497],"yst_prominent_words":[],"class_list":{"0":"post-4163","1":"product","2":"type-product","3":"status-publish","4":"has-post-thumbnail","6":"product_cat-pojemniki-regaly-z-pojemnikami","7":"product_cat-regaly-regaliki","8":"product_cat-regaly-magazynowe","9":"product_cat-regaly-magazynowe-z-pojemnikami","10":"product_cat-wyposazenie-warsztatu","11":"product_tag-rbp-sd01959436","12":"product_tag-regal-bez-pojemnikow","13":"product_tag-regal-na-pojemniki","14":"entry","16":"first","17":"instock","18":"shipping-taxable","19":"product-type-simple"},"_links":{"self":[{"href":"https:\/\/www.metal-styl.com\/index.php\/wp-json\/wp\/v2\/product\/4163","targetHints":{"allow":["GET"]}}],"collection":[{"href":"https:\/\/www.metal-styl.com\/index.php\/wp-json\/wp\/v2\/product"}],"about":[{"href":"https:\/\/www.metal-styl.com\/index.php\/wp-json\/wp\/v2\/types\/product"}],"replies":[{"embeddable":true,"href":"https:\/\/www.metal-styl.com\/index.php\/wp-json\/wp\/v2\/comments?post=4163"}],"version-history":[{"count":4,"href":"https:\/\/www.metal-styl.com\/index.php\/wp-json\/wp\/v2\/product\/4163\/revisions"}],"predecessor-version":[{"id":4563,"href":"https:\/\/www.metal-styl.com\/index.php\/wp-json\/wp\/v2\/product\/4163\/revisions\/4563"}],"wp:featuredmedia":[{"embeddable":true,"href":"https:\/\/www.metal-styl.com\/index.php\/wp-json\/wp\/v2\/media\/4164"}],"wp:attachment":[{"href":"https:\/\/www.metal-styl.com\/index.php\/wp-json\/wp\/v2\/media?parent=4163"}],"wp:term":[{"taxonomy":"product_cat","embeddable":true,"href":"https:\/\/www.metal-styl.com\/index.php\/wp-json\/wp\/v2\/product_cat?post=4163"},{"taxonomy":"product_tag","embeddable":true,"href":"https:\/\/www.metal-styl.com\/index.php\/wp-json\/wp\/v2\/product_tag?post=4163"},{"taxonomy":"yst_prominent_words","embeddable":true,"href":"https:\/\/www.metal-styl.com\/index.php\/wp-json\/wp\/v2\/yst_prominent_words?post=4163"}],"curies":[{"name":"wp","href":"https:\/\/api.w.org\/{rel}","templated":true}]}}