{"id":4169,"date":"2020-03-04T16:13:13","date_gmt":"2020-03-04T16:13:13","guid":{"rendered":"https:\/\/www.metal-styl.com\/?post_type=product&#038;p=4169"},"modified":"2022-06-16T12:24:05","modified_gmt":"2022-06-16T12:24:05","slug":"regal-metalowy-dwustronny-bez-pojemnikow-rbp-455921-1765x1040x760mm","status":"publish","type":"product","link":"https:\/\/www.metal-styl.com\/index.php\/produkt\/regal-metalowy-dwustronny-bez-pojemnikow-rbp-455921-1765x1040x760mm\/","title":{"rendered":"Rega\u0142 metalowy dwustronny bez pojemnik\u00f3w RBP-455921"},"content":{"rendered":"<div class=\"innerbox\">\n<div class=\"resetcss\">\n<div class=\"innerbox\">\n<div class=\"resetcss\">\n<div class=\"innerbox\">\n<div class=\"resetcss\">\n<p>&nbsp;<\/p>\n<\/div>\n<div class=\"product-short-description resetcss large\"><\/div>\n<\/div>\n<\/div>\n<\/div>\n<\/div>\n<div class=\"product-short-description resetcss large\">\n<p>&nbsp;<\/p>\n<\/div>\n<\/div>\n<p>&nbsp;<\/p>\n","protected":false},"excerpt":{"rendered":"<p class=\"title\"><strong>Wymiary wys\/szer\/g\u0142: 1765x1040x760 mm<\/strong><\/p>\n<div class=\"innerbox\">\n<div class=\"resetcss\">\n<div class=\"innerbox\">\n<div class=\"resetcss\">\n<div class=\"innerbox\">\n<div class=\"resetcss\">\n<p>Solidny, mocny, stabilny, pusty dwustronny rega\u0142 wykonany z profili metalowych w kolorze czarny po\u0142ysk malowany proszkowo.<\/p>\n<p>Do samodzielnej konfiguracji pojemnik\u00f3w o r\u00f3\u017cnych wielko\u015bciach i\u00a0r\u00f3\u017cnym obci\u0105\u017ceniu.<\/p>\n<p>Jest to mobilny rega\u0142 na metalowo gumowych k\u00f3\u0142kach. Z racji solidnej i mocnej budowy oraz wyposa\u017ceniu w k\u00f3\u0142ka rega\u0142 mo\u017cna w ka\u017cdej chwili za pomoc\u0105 zamontowanej r\u0105czki\u00a0przemie\u015bci w dowolne miejsce w pomieszczeniu.<\/p>\n<p>Rega\u0142 przeznaczony jest\u00a0na magazyny hale produkcyjne lub r\u00f3\u017cne\u00a0stanowiska serwisowe.<\/p>\n<p>Rega\u0142 dost\u0119pny w sprzeda\u017cy r\u00f3wnie\u017c z\u00a0pojemnikami.<\/p>\n<\/div>\n<\/div>\n<\/div>\n<\/div>\n<\/div>\n<\/div>\n<p><strong>\u00a0<\/strong><\/p>\n","protected":false},"featured_media":4179,"comment_status":"open","ping_status":"closed","template":"","meta":[],"product_cat":[1808,1819,1400,2730,1401],"product_tag":[2495,2502,2497,2505],"yst_prominent_words":[],"class_list":{"0":"post-4169","1":"product","2":"type-product","3":"status-publish","4":"has-post-thumbnail","6":"product_cat-pojemniki-regaly-z-pojemnikami","7":"product_cat-regaly-regaliki","8":"product_cat-regaly-magazynowe","9":"product_cat-regaly-magazynowe-z-pojemnikami","10":"product_cat-wyposazenie-warsztatu","11":"product_tag-regal-bez-pojemnikow","12":"product_tag-regal-metalowy-na-pojemniki","13":"product_tag-regal-na-pojemniki","14":"product_tag-regal-rbp-455921","15":"entry","17":"first","18":"instock","19":"shipping-taxable","20":"product-type-simple"},"_links":{"self":[{"href":"https:\/\/www.metal-styl.com\/index.php\/wp-json\/wp\/v2\/product\/4169","targetHints":{"allow":["GET"]}}],"collection":[{"href":"https:\/\/www.metal-styl.com\/index.php\/wp-json\/wp\/v2\/product"}],"about":[{"href":"https:\/\/www.metal-styl.com\/index.php\/wp-json\/wp\/v2\/types\/product"}],"replies":[{"embeddable":true,"href":"https:\/\/www.metal-styl.com\/index.php\/wp-json\/wp\/v2\/comments?post=4169"}],"version-history":[{"count":4,"href":"https:\/\/www.metal-styl.com\/index.php\/wp-json\/wp\/v2\/product\/4169\/revisions"}],"predecessor-version":[{"id":4561,"href":"https:\/\/www.metal-styl.com\/index.php\/wp-json\/wp\/v2\/product\/4169\/revisions\/4561"}],"wp:featuredmedia":[{"embeddable":true,"href":"https:\/\/www.metal-styl.com\/index.php\/wp-json\/wp\/v2\/media\/4179"}],"wp:attachment":[{"href":"https:\/\/www.metal-styl.com\/index.php\/wp-json\/wp\/v2\/media?parent=4169"}],"wp:term":[{"taxonomy":"product_cat","embeddable":true,"href":"https:\/\/www.metal-styl.com\/index.php\/wp-json\/wp\/v2\/product_cat?post=4169"},{"taxonomy":"product_tag","embeddable":true,"href":"https:\/\/www.metal-styl.com\/index.php\/wp-json\/wp\/v2\/product_tag?post=4169"},{"taxonomy":"yst_prominent_words","embeddable":true,"href":"https:\/\/www.metal-styl.com\/index.php\/wp-json\/wp\/v2\/yst_prominent_words?post=4169"}],"curies":[{"name":"wp","href":"https:\/\/api.w.org\/{rel}","templated":true}]}}