{"id":4172,"date":"2020-03-04T16:17:51","date_gmt":"2020-03-04T16:17:51","guid":{"rendered":"https:\/\/www.metal-styl.com\/?post_type=product&#038;p=4172"},"modified":"2022-06-16T12:23:36","modified_gmt":"2022-06-16T12:23:36","slug":"regal-metalowy-obrotowy-bez-pojemnikow-rbp-455951","status":"publish","type":"product","link":"https:\/\/www.metal-styl.com\/index.php\/produkt\/regal-metalowy-obrotowy-bez-pojemnikow-rbp-455951\/","title":{"rendered":"Rega\u0142 metalowy obrotowy bez pojemnik\u00f3w RBP-455951"},"content":{"rendered":"","protected":false},"excerpt":{"rendered":"<p class=\"title\"><strong>Wymiary wys\/szer\/g\u0142: 1710x790x520 mm<\/strong><\/p>\n<div class=\"innerbox\">\n<div class=\"innerbox\">\n<div class=\"resetcss\">\n<p>Mocny, stabilny\u00a0rega\u0142 obrotowy na \u0142o\u017cyskach maszynowych o mocnej\u00a0podstawie.<\/p>\n<p>Rega\u0142 wykonany z profili metalowych w kolorze czarny po\u0142ysk malowany proszkowo bez\u00a0pojemnik\u00f3w do samodzielnej konfiguracji.<\/p>\n<p>Z racji mocnej budowy oraz solidnej podstawie i niewielkich gabarytach rega\u0142 przeznaczony jest do mniejszych\u00a0magazyn\u00f3w\u00a0hal produkcyjnych lub r\u00f3\u017cnego stanowisk serwisowych.<\/p>\n<p>Rega\u0142 dost\u0119pny w sprzeda\u017cy r\u00f3wnie\u017c bez pojemnik\u00f3w.<\/p>\n<\/div>\n<\/div>\n<\/div>\n<p><strong>\u00a0<\/strong><\/p>\n","protected":false},"featured_media":4173,"comment_status":"open","ping_status":"closed","template":"","meta":[],"product_cat":[1808,1819,1400,2730,1401],"product_tag":[2495,2502,2497,2509],"yst_prominent_words":[],"class_list":{"0":"post-4172","1":"product","2":"type-product","3":"status-publish","4":"has-post-thumbnail","6":"product_cat-pojemniki-regaly-z-pojemnikami","7":"product_cat-regaly-regaliki","8":"product_cat-regaly-magazynowe","9":"product_cat-regaly-magazynowe-z-pojemnikami","10":"product_cat-wyposazenie-warsztatu","11":"product_tag-regal-bez-pojemnikow","12":"product_tag-regal-metalowy-na-pojemniki","13":"product_tag-regal-na-pojemniki","14":"product_tag-regal-rbp-455951","15":"entry","17":"first","18":"instock","19":"shipping-taxable","20":"product-type-simple"},"_links":{"self":[{"href":"https:\/\/www.metal-styl.com\/index.php\/wp-json\/wp\/v2\/product\/4172","targetHints":{"allow":["GET"]}}],"collection":[{"href":"https:\/\/www.metal-styl.com\/index.php\/wp-json\/wp\/v2\/product"}],"about":[{"href":"https:\/\/www.metal-styl.com\/index.php\/wp-json\/wp\/v2\/types\/product"}],"replies":[{"embeddable":true,"href":"https:\/\/www.metal-styl.com\/index.php\/wp-json\/wp\/v2\/comments?post=4172"}],"version-history":[{"count":4,"href":"https:\/\/www.metal-styl.com\/index.php\/wp-json\/wp\/v2\/product\/4172\/revisions"}],"predecessor-version":[{"id":4560,"href":"https:\/\/www.metal-styl.com\/index.php\/wp-json\/wp\/v2\/product\/4172\/revisions\/4560"}],"wp:featuredmedia":[{"embeddable":true,"href":"https:\/\/www.metal-styl.com\/index.php\/wp-json\/wp\/v2\/media\/4173"}],"wp:attachment":[{"href":"https:\/\/www.metal-styl.com\/index.php\/wp-json\/wp\/v2\/media?parent=4172"}],"wp:term":[{"taxonomy":"product_cat","embeddable":true,"href":"https:\/\/www.metal-styl.com\/index.php\/wp-json\/wp\/v2\/product_cat?post=4172"},{"taxonomy":"product_tag","embeddable":true,"href":"https:\/\/www.metal-styl.com\/index.php\/wp-json\/wp\/v2\/product_tag?post=4172"},{"taxonomy":"yst_prominent_words","embeddable":true,"href":"https:\/\/www.metal-styl.com\/index.php\/wp-json\/wp\/v2\/yst_prominent_words?post=4172"}],"curies":[{"name":"wp","href":"https:\/\/api.w.org\/{rel}","templated":true}]}}