{"id":4175,"date":"2020-03-04T16:21:52","date_gmt":"2020-03-04T16:21:52","guid":{"rendered":"https:\/\/www.metal-styl.com\/?post_type=product&#038;p=4175"},"modified":"2022-06-16T12:23:03","modified_gmt":"2022-06-16T12:23:03","slug":"regal-metalowy-obrotowy-z-zestawem-144-pojemnikow-rp-455950-1710x790x520mm","status":"publish","type":"product","link":"https:\/\/www.metal-styl.com\/index.php\/produkt\/regal-metalowy-obrotowy-z-zestawem-144-pojemnikow-rp-455950-1710x790x520mm\/","title":{"rendered":"Rega\u0142 metalowy obrotowy z zestawem 144 pojemnik\u00f3w RP-455950"},"content":{"rendered":"","protected":false},"excerpt":{"rendered":"<p class=\"title\"><strong>Wymiary wys\/szer\/g\u0142: 1710x790x520 mm<\/strong><\/p>\n<div class=\"innerbox\">\n<div class=\"innerbox\">\n<div class=\"resetcss\">\n<div class=\"innerbox\">\n<div class=\"resetcss\">\n<p>Mocny, stabilny rega\u0142 obrotowy na \u0142o\u017cyskach maszynowych o solidnej podstawie.<\/p>\n<p>Rega\u0142 wykonany z profili metalowych w kolorze czarny po\u0142ysk malowany proszkowo.<\/p>\n<p>Rega\u0142 posiada zestaw 144 pojemnik\u00f3w o r\u00f3\u017cnych wielko\u015bciach i r\u00f3\u017cnym obci\u0105\u017ceniu.<\/p>\n<p>Z racji mocnej budowy oraz solidnej podstawie i niewielkich gabarytach rega\u0142 przeznaczony jest do mniejszych magazyn\u00f3w.<\/p>\n<p>Znajdzie on zastosowanie w\u015br\u00f3d hal produkcyjnych lub r\u00f3\u017cnego rodzaju stanowiskach serwisowych.<\/p>\n<p>Rega\u0142 dost\u0119pny w sprzeda\u017cy r\u00f3wnie\u017c bez pojemnik\u00f3w.<\/p>\n<\/div>\n<div class=\"product-short-description resetcss large\">\n<p><strong>Wymiar zewn\u0119trzny: 1710x790x520 mm<\/strong><\/p>\n<p><strong>Ilo\u015b\u0107 pojemnik\u00f3w w komplecie:<\/strong><\/p>\n<p><strong>pojemnik czerwony ( 75x102x100 mm ) &#8211; 24 sztuki<\/strong><\/p>\n<p><strong>pojemnik niebieski ( 75x102x160 mm ) &#8211; 24 sztuki<\/strong><\/p>\n<p><strong>pojemnik z\u00f3\u0142ty ( 75x102x215 mm ) &#8211; 32 sztuki<\/strong><\/p>\n<p><strong>pojemnik zielony ( 75x102x215 mm ) &#8211; 32 sztuki<\/strong><\/p>\n<p><strong>pojemnik czerwony ( 125x150x235 mm ) &#8211; 32 sztuki<\/strong><\/p>\n<\/div>\n<\/div>\n<\/div>\n<\/div>\n<\/div>\n<p><strong>\u00a0<\/strong><\/p>\n","protected":false},"featured_media":4176,"comment_status":"open","ping_status":"closed","template":"","meta":[],"product_cat":[1808,1819,1400,2730,1401],"product_tag":[2522,2524,2523,2521],"yst_prominent_words":[],"class_list":{"0":"post-4175","1":"product","2":"type-product","3":"status-publish","4":"has-post-thumbnail","6":"product_cat-pojemniki-regaly-z-pojemnikami","7":"product_cat-regaly-regaliki","8":"product_cat-regaly-magazynowe","9":"product_cat-regaly-magazynowe-z-pojemnikami","10":"product_cat-wyposazenie-warsztatu","11":"product_tag-regal-metalowy-z-pojemnikami","12":"product_tag-regal-rp-455950","13":"product_tag-regal-z-pojemnikami","14":"product_tag-rp-455950","15":"entry","17":"first","18":"instock","19":"shipping-taxable","20":"product-type-simple"},"_links":{"self":[{"href":"https:\/\/www.metal-styl.com\/index.php\/wp-json\/wp\/v2\/product\/4175","targetHints":{"allow":["GET"]}}],"collection":[{"href":"https:\/\/www.metal-styl.com\/index.php\/wp-json\/wp\/v2\/product"}],"about":[{"href":"https:\/\/www.metal-styl.com\/index.php\/wp-json\/wp\/v2\/types\/product"}],"replies":[{"embeddable":true,"href":"https:\/\/www.metal-styl.com\/index.php\/wp-json\/wp\/v2\/comments?post=4175"}],"version-history":[{"count":5,"href":"https:\/\/www.metal-styl.com\/index.php\/wp-json\/wp\/v2\/product\/4175\/revisions"}],"predecessor-version":[{"id":4559,"href":"https:\/\/www.metal-styl.com\/index.php\/wp-json\/wp\/v2\/product\/4175\/revisions\/4559"}],"wp:featuredmedia":[{"embeddable":true,"href":"https:\/\/www.metal-styl.com\/index.php\/wp-json\/wp\/v2\/media\/4176"}],"wp:attachment":[{"href":"https:\/\/www.metal-styl.com\/index.php\/wp-json\/wp\/v2\/media?parent=4175"}],"wp:term":[{"taxonomy":"product_cat","embeddable":true,"href":"https:\/\/www.metal-styl.com\/index.php\/wp-json\/wp\/v2\/product_cat?post=4175"},{"taxonomy":"product_tag","embeddable":true,"href":"https:\/\/www.metal-styl.com\/index.php\/wp-json\/wp\/v2\/product_tag?post=4175"},{"taxonomy":"yst_prominent_words","embeddable":true,"href":"https:\/\/www.metal-styl.com\/index.php\/wp-json\/wp\/v2\/yst_prominent_words?post=4175"}],"curies":[{"name":"wp","href":"https:\/\/api.w.org\/{rel}","templated":true}]}}