{"id":4184,"date":"2020-03-04T16:40:23","date_gmt":"2020-03-04T16:40:23","guid":{"rendered":"https:\/\/www.metal-styl.com\/?post_type=product&#038;p=4184"},"modified":"2022-06-16T12:22:06","modified_gmt":"2022-06-16T12:22:06","slug":"regal-metalowy-z-zestawem-103-pojemnikow-rp-455900-1670x1000x420mm","status":"publish","type":"product","link":"https:\/\/www.metal-styl.com\/index.php\/produkt\/regal-metalowy-z-zestawem-103-pojemnikow-rp-455900-1670x1000x420mm\/","title":{"rendered":"Rega\u0142 metalowy z zestawem 103 pojemnik\u00f3w RP-455900"},"content":{"rendered":"","protected":false},"excerpt":{"rendered":"<p class=\"title\"><strong>Wymiary wys\/szer\/g\u0142: 1670x1000x420 mm<\/strong><\/p>\n<div class=\"innerbox\">\n<div class=\"innerbox\">\n<p>Stacjonarny rega\u0142 jednostronny z pojemnikami ProfiPlus zawieraj\u0105cy 103 kuwety w 5 rozmiarach i 4 kolorach.<\/p>\n<p>Bardzo trwa\u0142a konstrukcja, \u0142atwa w monta\u017cu na regulowanych stopkach.<\/p>\n<p>Waga: 48,6 kg.<\/p>\n<p>W sprzeda\u017cy posiadamy r\u00f3wnie\u017c pojemniki, przegrody do pojemnik\u00f3w oraz etykiety umo\u017cliwiaj\u0105ce opisanie zawarto\u015bci kuwet.<br \/>\nPojemniki z serii ProfiPlus odznaczaj\u0105 si\u0119 wyj\u0105tkow\u0105 obci\u0105\u017calno\u015bci\u0105 i du\u017c\u0105 wytrzyma\u0142o\u015bci\u0105 na odkszta\u0142cenia.<\/p>\n<p>Wykonane z wysoko udarowego polipropylenu odpornego na zwi\u0105zki chemiczne (\u0142ugi, t\u0142uszcze, oleje, \u017cywice, itp.) oraz temperatur\u0119 od -30<sup>o<\/sup>C do +90<sup>o<\/sup>C.<br \/>\nKuwety posiadaj\u0105 niemiecki certyfikat bezpiecze\u0144stwa T\u00dcV.<\/p>\n<p>Zosta\u0142y dopuszczone do kontaktu z \u017cywno\u015bci\u0105 przez Pa\u0144stwowy Zak\u0142ad Higieny w Warszawie.<\/p>\n<div class=\"resetcss\">\n<p>Rega\u0142 dost\u0119pny w sprzeda\u017cy r\u00f3wnie\u017c bez pojemnik\u00f3w.<\/p>\n<\/div>\n<div class=\"product-short-description resetcss large\">\n<p><strong>Wymiar zewn\u0119trzny: 1670x1000x420 mm<\/strong><\/p>\n<p><strong>Ilo\u015b\u0107 pojemnik\u00f3w w komplecie:<\/strong><\/p>\n<p><strong>pojemnik niebieski ( 60x102x100 mm ) &#8211; 27 sztuk<\/strong><\/p>\n<p><strong>pojemnik \u017c\u00f3\u0142ty ( 75x102x160 mm ) &#8211; 36 sztuk<\/strong><\/p>\n<p><strong>pojemnik zielony ( 75x102x215 mm ) &#8211; 18 sztuk<\/strong><\/p>\n<p><strong>pojemnik czerwony ( 125x150x235 mm ) &#8211; 18 sztuk<\/strong><\/p>\n<p><strong>pojemnik niebieski ( 150x205x352 mm ) &#8211; 4 sztuki<\/strong><\/p>\n<\/div>\n<\/div>\n<\/div>\n<p>&nbsp;<\/p>\n<p><strong>\u00a0<\/strong><\/p>\n","protected":false},"featured_media":4185,"comment_status":"open","ping_status":"closed","template":"","meta":[],"product_cat":[1808,1819,1400,2730,1401],"product_tag":[2522,2541,2523,2540],"yst_prominent_words":[],"class_list":{"0":"post-4184","1":"product","2":"type-product","3":"status-publish","4":"has-post-thumbnail","6":"product_cat-pojemniki-regaly-z-pojemnikami","7":"product_cat-regaly-regaliki","8":"product_cat-regaly-magazynowe","9":"product_cat-regaly-magazynowe-z-pojemnikami","10":"product_cat-wyposazenie-warsztatu","11":"product_tag-regal-metalowy-z-pojemnikami","12":"product_tag-regal-rp-455900","13":"product_tag-regal-z-pojemnikami","14":"product_tag-regal-z-zestawem-103-pojemnikow","15":"entry","17":"first","18":"instock","19":"shipping-taxable","20":"product-type-simple"},"_links":{"self":[{"href":"https:\/\/www.metal-styl.com\/index.php\/wp-json\/wp\/v2\/product\/4184","targetHints":{"allow":["GET"]}}],"collection":[{"href":"https:\/\/www.metal-styl.com\/index.php\/wp-json\/wp\/v2\/product"}],"about":[{"href":"https:\/\/www.metal-styl.com\/index.php\/wp-json\/wp\/v2\/types\/product"}],"replies":[{"embeddable":true,"href":"https:\/\/www.metal-styl.com\/index.php\/wp-json\/wp\/v2\/comments?post=4184"}],"version-history":[{"count":4,"href":"https:\/\/www.metal-styl.com\/index.php\/wp-json\/wp\/v2\/product\/4184\/revisions"}],"predecessor-version":[{"id":4557,"href":"https:\/\/www.metal-styl.com\/index.php\/wp-json\/wp\/v2\/product\/4184\/revisions\/4557"}],"wp:featuredmedia":[{"embeddable":true,"href":"https:\/\/www.metal-styl.com\/index.php\/wp-json\/wp\/v2\/media\/4185"}],"wp:attachment":[{"href":"https:\/\/www.metal-styl.com\/index.php\/wp-json\/wp\/v2\/media?parent=4184"}],"wp:term":[{"taxonomy":"product_cat","embeddable":true,"href":"https:\/\/www.metal-styl.com\/index.php\/wp-json\/wp\/v2\/product_cat?post=4184"},{"taxonomy":"product_tag","embeddable":true,"href":"https:\/\/www.metal-styl.com\/index.php\/wp-json\/wp\/v2\/product_tag?post=4184"},{"taxonomy":"yst_prominent_words","embeddable":true,"href":"https:\/\/www.metal-styl.com\/index.php\/wp-json\/wp\/v2\/yst_prominent_words?post=4184"}],"curies":[{"name":"wp","href":"https:\/\/api.w.org\/{rel}","templated":true}]}}