{"id":4191,"date":"2020-03-04T17:24:11","date_gmt":"2020-03-04T17:24:11","guid":{"rendered":"https:\/\/www.metal-styl.com\/?post_type=product&#038;p=4191"},"modified":"2022-06-16T12:20:53","modified_gmt":"2022-06-16T12:20:53","slug":"regal-z-zestawem-58-pojemnikow-rp-sd01954936-1950x490x360mm","status":"publish","type":"product","link":"https:\/\/www.metal-styl.com\/index.php\/produkt\/regal-z-zestawem-58-pojemnikow-rp-sd01954936-1950x490x360mm\/","title":{"rendered":"Rega\u0142 z zestawem 58 pojemnik\u00f3w RP-SDO1954936"},"content":{"rendered":"","protected":false},"excerpt":{"rendered":"<p class=\"title\"><strong>Wymiary wys\/szer\/g\u0142: 1950x490x360 mm<\/strong><\/p>\n<div class=\"innerbox\">\n<div class=\"resetcss\">\n<p>Kolejny tym razem mniejszy rega\u0142 wykonany z p\u0142yty meblowej w szarym kolorze z zestawem 58 pojemnik\u00f3w o r\u00f3\u017cnych wielko\u015bciach i r\u00f3\u017cnym obci\u0105\u017ceniu zawieszonych na przystosowanej do tego tablicy z tworzywa.<\/p>\n<p>Z racji i\u017c rega\u0142 jest zbudowany z p\u0142yty jego zastosowanie raczej przeznaczone jest na wyposa\u017cenie sklepu, biura b\u0105d\u017a mo\u017cna go wykorzysta\u0107 jako ekspozytor na r\u00f3\u017cnego rodzaju ma\u0142e produkty.<\/p>\n<p>Rega\u0142 dost\u0119pny w sprzeda\u017cy r\u00f3wnie\u017c bez pojemnik\u00f3w.<\/p>\n<\/div>\n<div class=\"product-short-description resetcss large\">\n<p><strong>Wymiar zewn\u0119trzny: 1950x490x360 mm<\/strong><\/p>\n<p><strong>Ilo\u015bc pojemnik\u00f3w w komplecie:<\/strong><\/p>\n<p><strong>pojemnik niebieski ( 75x102x160 mm ) &#8211; 16 sztuk<\/strong><\/p>\n<p><strong>pojemnik zielony ( 82x137x160 mm ) &#8211; 9 sztuk<\/strong><\/p>\n<p><strong>pojemnik czerwony ( 75x102x215 mm ) &#8211; 16 sztuk<\/strong><\/p>\n<p><strong>pojemnik \u017c\u00f3\u0142ty ( 125x150x235 mm ) &#8211; 6 sztuk<\/strong><\/p>\n<p><strong>pojemnik szary ( 125x150x235 mm ) &#8211; 6 sztuk<\/strong><\/p>\n<p><strong>pojemnik czerwony ( 150x205x352 mm ) &#8211; 2 sztuki<\/strong><\/p>\n<\/div>\n<\/div>\n<p>&nbsp;<\/p>\n<p><strong>\u00a0<\/strong><\/p>\n","protected":false},"featured_media":4192,"comment_status":"open","ping_status":"closed","template":"","meta":[],"product_cat":[1808,1819,1400,2730,1401],"product_tag":[2558,2523,2496,2557],"yst_prominent_words":[],"class_list":{"0":"post-4191","1":"product","2":"type-product","3":"status-publish","4":"has-post-thumbnail","6":"product_cat-pojemniki-regaly-z-pojemnikami","7":"product_cat-regaly-regaliki","8":"product_cat-regaly-magazynowe","9":"product_cat-regaly-magazynowe-z-pojemnikami","10":"product_cat-wyposazenie-warsztatu","11":"product_tag-regal-z-58-pojemnikami","12":"product_tag-regal-z-pojemnikami","13":"product_tag-rgal-z-tworzywa","14":"product_tag-rp-sdo1954936","15":"entry","17":"first","18":"instock","19":"shipping-taxable","20":"product-type-simple"},"_links":{"self":[{"href":"https:\/\/www.metal-styl.com\/index.php\/wp-json\/wp\/v2\/product\/4191","targetHints":{"allow":["GET"]}}],"collection":[{"href":"https:\/\/www.metal-styl.com\/index.php\/wp-json\/wp\/v2\/product"}],"about":[{"href":"https:\/\/www.metal-styl.com\/index.php\/wp-json\/wp\/v2\/types\/product"}],"replies":[{"embeddable":true,"href":"https:\/\/www.metal-styl.com\/index.php\/wp-json\/wp\/v2\/comments?post=4191"}],"version-history":[{"count":5,"href":"https:\/\/www.metal-styl.com\/index.php\/wp-json\/wp\/v2\/product\/4191\/revisions"}],"predecessor-version":[{"id":4555,"href":"https:\/\/www.metal-styl.com\/index.php\/wp-json\/wp\/v2\/product\/4191\/revisions\/4555"}],"wp:featuredmedia":[{"embeddable":true,"href":"https:\/\/www.metal-styl.com\/index.php\/wp-json\/wp\/v2\/media\/4192"}],"wp:attachment":[{"href":"https:\/\/www.metal-styl.com\/index.php\/wp-json\/wp\/v2\/media?parent=4191"}],"wp:term":[{"taxonomy":"product_cat","embeddable":true,"href":"https:\/\/www.metal-styl.com\/index.php\/wp-json\/wp\/v2\/product_cat?post=4191"},{"taxonomy":"product_tag","embeddable":true,"href":"https:\/\/www.metal-styl.com\/index.php\/wp-json\/wp\/v2\/product_tag?post=4191"},{"taxonomy":"yst_prominent_words","embeddable":true,"href":"https:\/\/www.metal-styl.com\/index.php\/wp-json\/wp\/v2\/yst_prominent_words?post=4191"}],"curies":[{"name":"wp","href":"https:\/\/api.w.org\/{rel}","templated":true}]}}