{"id":4196,"date":"2020-03-04T17:39:18","date_gmt":"2020-03-04T17:39:18","guid":{"rendered":"https:\/\/www.metal-styl.com\/?post_type=product&#038;p=4196"},"modified":"2022-06-16T12:20:21","modified_gmt":"2022-06-16T12:20:21","slug":"regal-metalowy-z-45-pojemnikami-rp-45-1000x1000x400mm","status":"publish","type":"product","link":"https:\/\/www.metal-styl.com\/index.php\/produkt\/regal-metalowy-z-45-pojemnikami-rp-45-1000x1000x400mm\/","title":{"rendered":"Rega\u0142 metalowy z 45 pojemnikami 6-p\u00f3\u0142kowy RP-45"},"content":{"rendered":"","protected":false},"excerpt":{"rendered":"<p class=\"title\"><strong>Wymiary wys\/szer\/g\u0142: 1000x1000x400 mm<\/strong><\/p>\n<div class=\"innerbox\">\n<div class=\"resetcss\">\n<p>Mocny\u00a0profesjonalny ma\u0142y rega\u0142 p\u00f3\u0142kowy wykonany z metalu\u00a0ocynkowany z dodatkowym st\u0119\u017ceniem wzmacniaj\u0105cym, kt\u00f3re powoduje i\u017c rega\u0142 jest bardzo stabilny . Zbudowany z paneli metalowych.<\/p>\n<ul>\n<li>obci\u0105\u017cenie p\u00f3\u0142ki 100 kg<br \/>\nRega\u0142 zaczepowy &#8211; \u0142atwy i szybki monta\u017c bez konieczno\u015bci u\u017cywania \u015brub.<\/li>\n<\/ul>\n<p>W zestawie znajduje si\u0119 45\u00a0sztuk pojemnik\u00f3w\u00a0modu\u0142owych<\/p>\n<p>Jest to system rega\u0142\u00f3w p\u00f3\u0142kowych o szerokim zastosowaniu modu\u0142owej budowie\u00a0oraz\u00a0r\u00f3\u017cnej no\u015bno\u015bci p\u00f3\u0142ek, umo\u017cliwiaj\u0105cy elastyczne zagospodarowanie \u00a0powierzchni magazynowych oraz sklepowych.<\/p>\n<p>UWAGA!!! rega\u0142y nie nadaj\u0105 si\u0119 na zewn\u0105trz pomieszcze\u0144.<\/p>\n<\/div>\n<div class=\"product-short-description resetcss large\">\n<p><strong>Wymiar rega\u0142u: 1000x100x400 mm<\/strong><\/p>\n<\/div>\n<\/div>\n<p>&nbsp;<\/p>\n<p><strong>\u00a0<\/strong><\/p>\n","protected":false},"featured_media":4197,"comment_status":"open","ping_status":"closed","template":"","meta":[],"product_cat":[1808,1819,1400,2730,1401],"product_tag":[2565,2522,2566,2523],"yst_prominent_words":[],"class_list":{"0":"post-4196","1":"product","2":"type-product","3":"status-publish","4":"has-post-thumbnail","6":"product_cat-pojemniki-regaly-z-pojemnikami","7":"product_cat-regaly-regaliki","8":"product_cat-regaly-magazynowe","9":"product_cat-regaly-magazynowe-z-pojemnikami","10":"product_cat-wyposazenie-warsztatu","11":"product_tag-regal-metalowy-z-45-pojemnikami","12":"product_tag-regal-metalowy-z-pojemnikami","13":"product_tag-regal-rp-45","14":"product_tag-regal-z-pojemnikami","15":"entry","17":"first","18":"instock","19":"shipping-taxable","20":"product-type-simple"},"_links":{"self":[{"href":"https:\/\/www.metal-styl.com\/index.php\/wp-json\/wp\/v2\/product\/4196","targetHints":{"allow":["GET"]}}],"collection":[{"href":"https:\/\/www.metal-styl.com\/index.php\/wp-json\/wp\/v2\/product"}],"about":[{"href":"https:\/\/www.metal-styl.com\/index.php\/wp-json\/wp\/v2\/types\/product"}],"replies":[{"embeddable":true,"href":"https:\/\/www.metal-styl.com\/index.php\/wp-json\/wp\/v2\/comments?post=4196"}],"version-history":[{"count":7,"href":"https:\/\/www.metal-styl.com\/index.php\/wp-json\/wp\/v2\/product\/4196\/revisions"}],"predecessor-version":[{"id":4554,"href":"https:\/\/www.metal-styl.com\/index.php\/wp-json\/wp\/v2\/product\/4196\/revisions\/4554"}],"wp:featuredmedia":[{"embeddable":true,"href":"https:\/\/www.metal-styl.com\/index.php\/wp-json\/wp\/v2\/media\/4197"}],"wp:attachment":[{"href":"https:\/\/www.metal-styl.com\/index.php\/wp-json\/wp\/v2\/media?parent=4196"}],"wp:term":[{"taxonomy":"product_cat","embeddable":true,"href":"https:\/\/www.metal-styl.com\/index.php\/wp-json\/wp\/v2\/product_cat?post=4196"},{"taxonomy":"product_tag","embeddable":true,"href":"https:\/\/www.metal-styl.com\/index.php\/wp-json\/wp\/v2\/product_tag?post=4196"},{"taxonomy":"yst_prominent_words","embeddable":true,"href":"https:\/\/www.metal-styl.com\/index.php\/wp-json\/wp\/v2\/yst_prominent_words?post=4196"}],"curies":[{"name":"wp","href":"https:\/\/api.w.org\/{rel}","templated":true}]}}