{"id":4224,"date":"2020-03-04T19:02:08","date_gmt":"2020-03-04T19:02:08","guid":{"rendered":"https:\/\/www.metal-styl.com\/?post_type=product&#038;p=4224"},"modified":"2022-06-16T12:17:28","modified_gmt":"2022-06-16T12:17:28","slug":"listwa-na-narzedz0a-lnm-455127","status":"publish","type":"product","link":"https:\/\/www.metal-styl.com\/index.php\/produkt\/listwa-na-narzedz0a-lnm-455127\/","title":{"rendered":"Listwa na narz\u0119dzia ma\u0142a 36x270x60 mm LNM-455127"},"content":{"rendered":"","protected":false},"excerpt":{"rendered":"<div class=\"resetcss\">\n<p>Mocna uniwersalna ma\u0142a metalowa listwa malowana proszkowo w kolorze szarym\u00a0na narz\u0119dzia r\u0119czne typu \u015brubokr\u0119ty.<\/p>\n<p>Montowana na ko\u0142ki do \u015bciany.<\/p>\n<\/div>\n<div class=\"product-short-description resetcss large\">\n<p><strong>Wymiary: 35x270x60 mm<\/strong><\/p>\n<p><strong>17 otwor\u00f3w na wiert\u0142a<\/strong><\/p>\n<p><strong>14 otwor\u00f3w na narz\u0119dzia<\/strong><\/p>\n<p><strong>\u00a0<\/strong><\/p>\n<\/div>\n","protected":false},"featured_media":4225,"comment_status":"open","ping_status":"closed","template":"","meta":[],"product_cat":[1401,1810],"product_tag":[2607,2606,2608],"yst_prominent_words":[],"class_list":{"0":"post-4224","1":"product","2":"type-product","3":"status-publish","4":"has-post-thumbnail","6":"product_cat-wyposazenie-warsztatu","7":"product_cat-zestawy-pojemnikow-listwy-tablice-uchwyty","8":"product_tag-listwa-na-narzedzia","9":"product_tag-lnm-455127","10":"product_tag-narzedziowa-listwa-do-sciany","11":"entry","13":"first","14":"instock","15":"shipping-taxable","16":"product-type-simple"},"_links":{"self":[{"href":"https:\/\/www.metal-styl.com\/index.php\/wp-json\/wp\/v2\/product\/4224","targetHints":{"allow":["GET"]}}],"collection":[{"href":"https:\/\/www.metal-styl.com\/index.php\/wp-json\/wp\/v2\/product"}],"about":[{"href":"https:\/\/www.metal-styl.com\/index.php\/wp-json\/wp\/v2\/types\/product"}],"replies":[{"embeddable":true,"href":"https:\/\/www.metal-styl.com\/index.php\/wp-json\/wp\/v2\/comments?post=4224"}],"version-history":[{"count":4,"href":"https:\/\/www.metal-styl.com\/index.php\/wp-json\/wp\/v2\/product\/4224\/revisions"}],"predecessor-version":[{"id":4552,"href":"https:\/\/www.metal-styl.com\/index.php\/wp-json\/wp\/v2\/product\/4224\/revisions\/4552"}],"wp:featuredmedia":[{"embeddable":true,"href":"https:\/\/www.metal-styl.com\/index.php\/wp-json\/wp\/v2\/media\/4225"}],"wp:attachment":[{"href":"https:\/\/www.metal-styl.com\/index.php\/wp-json\/wp\/v2\/media?parent=4224"}],"wp:term":[{"taxonomy":"product_cat","embeddable":true,"href":"https:\/\/www.metal-styl.com\/index.php\/wp-json\/wp\/v2\/product_cat?post=4224"},{"taxonomy":"product_tag","embeddable":true,"href":"https:\/\/www.metal-styl.com\/index.php\/wp-json\/wp\/v2\/product_tag?post=4224"},{"taxonomy":"yst_prominent_words","embeddable":true,"href":"https:\/\/www.metal-styl.com\/index.php\/wp-json\/wp\/v2\/yst_prominent_words?post=4224"}],"curies":[{"name":"wp","href":"https:\/\/api.w.org\/{rel}","templated":true}]}}