{"id":4227,"date":"2020-03-04T19:06:34","date_gmt":"2020-03-04T19:06:34","guid":{"rendered":"https:\/\/www.metal-styl.com\/?post_type=product&#038;p=4227"},"modified":"2022-06-16T12:17:13","modified_gmt":"2022-06-16T12:17:13","slug":"listwa-narzedziowa-z-tworzywa-lnt-457150","status":"publish","type":"product","link":"https:\/\/www.metal-styl.com\/index.php\/produkt\/listwa-narzedziowa-z-tworzywa-lnt-457150\/","title":{"rendered":"Listwa narz\u0119dziowa z tworzywa 60x610x150mm LNT-457150"},"content":{"rendered":"","protected":false},"excerpt":{"rendered":"<p>Uniwersalna listwa narz\u0119dziowa wykonana z polipropylenu w kolorze \u017c\u00f3\u0142tym.<\/p>\n<div class=\"innerbox\">\n<div class=\"resetcss\">\n<p>Przeznaczona do monta\u017cu na \u015bcianie z 96 miejscami na narz\u0119dzia takie jak wkr\u0119taki, wiert\u0142a, szczypce itp.<\/p>\n<p>Stabilna i \u0142atwa w monta\u017cu na ko\u0142ki rozporowe lub haki.<\/p>\n<\/div>\n<div class=\"product-short-description resetcss large\">\n<p><strong>Wymiary: 60x610x150 mm<\/strong><\/p>\n<p><strong>96 otwor\u00f3w na narz\u0119dzia<\/strong><\/p>\n<p><strong>Montowana do \u015bciany<\/strong><\/p>\n<\/div>\n<\/div>\n","protected":false},"featured_media":4229,"comment_status":"open","ping_status":"closed","template":"","meta":[],"product_cat":[1401,1810],"product_tag":[2607,2611,2608],"yst_prominent_words":[],"class_list":{"0":"post-4227","1":"product","2":"type-product","3":"status-publish","4":"has-post-thumbnail","6":"product_cat-wyposazenie-warsztatu","7":"product_cat-zestawy-pojemnikow-listwy-tablice-uchwyty","8":"product_tag-listwa-na-narzedzia","9":"product_tag-lnt-457150","10":"product_tag-narzedziowa-listwa-do-sciany","11":"entry","13":"first","14":"instock","15":"shipping-taxable","16":"product-type-simple"},"_links":{"self":[{"href":"https:\/\/www.metal-styl.com\/index.php\/wp-json\/wp\/v2\/product\/4227","targetHints":{"allow":["GET"]}}],"collection":[{"href":"https:\/\/www.metal-styl.com\/index.php\/wp-json\/wp\/v2\/product"}],"about":[{"href":"https:\/\/www.metal-styl.com\/index.php\/wp-json\/wp\/v2\/types\/product"}],"replies":[{"embeddable":true,"href":"https:\/\/www.metal-styl.com\/index.php\/wp-json\/wp\/v2\/comments?post=4227"}],"version-history":[{"count":4,"href":"https:\/\/www.metal-styl.com\/index.php\/wp-json\/wp\/v2\/product\/4227\/revisions"}],"predecessor-version":[{"id":4551,"href":"https:\/\/www.metal-styl.com\/index.php\/wp-json\/wp\/v2\/product\/4227\/revisions\/4551"}],"wp:featuredmedia":[{"embeddable":true,"href":"https:\/\/www.metal-styl.com\/index.php\/wp-json\/wp\/v2\/media\/4229"}],"wp:attachment":[{"href":"https:\/\/www.metal-styl.com\/index.php\/wp-json\/wp\/v2\/media?parent=4227"}],"wp:term":[{"taxonomy":"product_cat","embeddable":true,"href":"https:\/\/www.metal-styl.com\/index.php\/wp-json\/wp\/v2\/product_cat?post=4227"},{"taxonomy":"product_tag","embeddable":true,"href":"https:\/\/www.metal-styl.com\/index.php\/wp-json\/wp\/v2\/product_tag?post=4227"},{"taxonomy":"yst_prominent_words","embeddable":true,"href":"https:\/\/www.metal-styl.com\/index.php\/wp-json\/wp\/v2\/yst_prominent_words?post=4227"}],"curies":[{"name":"wp","href":"https:\/\/api.w.org\/{rel}","templated":true}]}}