{"id":4237,"date":"2020-03-04T19:20:27","date_gmt":"2020-03-04T19:20:27","guid":{"rendered":"https:\/\/www.metal-styl.com\/?post_type=product&#038;p=4237"},"modified":"2022-06-16T12:16:19","modified_gmt":"2022-06-16T12:16:19","slug":"polka-na-wirtla-bity-pwb-455225","status":"publish","type":"product","link":"https:\/\/www.metal-styl.com\/index.php\/produkt\/polka-na-wirtla-bity-pwb-455225\/","title":{"rendered":"P\u00f3\u0142ka na wiert\u0142a i bity PWB-455225 32x165x60mm"},"content":{"rendered":"<div class=\"innerbox\">\n<div class=\"product-short-description resetcss large\">\n<div class=\"innerbox\">\n<div class=\"resetcss\"><\/div>\n<div class=\"product-short-description resetcss large\">\n<p>&nbsp;<\/p>\n<\/div>\n<\/div>\n<p><strong>\u00a0<\/strong><\/p>\n<\/div>\n<\/div>\n","protected":false},"excerpt":{"rendered":"<div class=\"resetcss\">\n<p><strong>Wymiar zewn\u0119trzny: 32x165x60 mm<\/strong><\/p>\n<\/div>\n","protected":false},"featured_media":4238,"comment_status":"open","ping_status":"closed","template":"","meta":[],"product_cat":[1401,1810],"product_tag":[2618,2619],"yst_prominent_words":[],"class_list":{"0":"post-4237","1":"product","2":"type-product","3":"status-publish","4":"has-post-thumbnail","6":"product_cat-wyposazenie-warsztatu","7":"product_cat-zestawy-pojemnikow-listwy-tablice-uchwyty","8":"product_tag-polka-na-wiertla-i-bity","9":"product_tag-pwb-455225","10":"entry","12":"first","13":"instock","14":"shipping-taxable","15":"product-type-simple"},"_links":{"self":[{"href":"https:\/\/www.metal-styl.com\/index.php\/wp-json\/wp\/v2\/product\/4237","targetHints":{"allow":["GET"]}}],"collection":[{"href":"https:\/\/www.metal-styl.com\/index.php\/wp-json\/wp\/v2\/product"}],"about":[{"href":"https:\/\/www.metal-styl.com\/index.php\/wp-json\/wp\/v2\/types\/product"}],"replies":[{"embeddable":true,"href":"https:\/\/www.metal-styl.com\/index.php\/wp-json\/wp\/v2\/comments?post=4237"}],"version-history":[{"count":4,"href":"https:\/\/www.metal-styl.com\/index.php\/wp-json\/wp\/v2\/product\/4237\/revisions"}],"predecessor-version":[{"id":4548,"href":"https:\/\/www.metal-styl.com\/index.php\/wp-json\/wp\/v2\/product\/4237\/revisions\/4548"}],"wp:featuredmedia":[{"embeddable":true,"href":"https:\/\/www.metal-styl.com\/index.php\/wp-json\/wp\/v2\/media\/4238"}],"wp:attachment":[{"href":"https:\/\/www.metal-styl.com\/index.php\/wp-json\/wp\/v2\/media?parent=4237"}],"wp:term":[{"taxonomy":"product_cat","embeddable":true,"href":"https:\/\/www.metal-styl.com\/index.php\/wp-json\/wp\/v2\/product_cat?post=4237"},{"taxonomy":"product_tag","embeddable":true,"href":"https:\/\/www.metal-styl.com\/index.php\/wp-json\/wp\/v2\/product_tag?post=4237"},{"taxonomy":"yst_prominent_words","embeddable":true,"href":"https:\/\/www.metal-styl.com\/index.php\/wp-json\/wp\/v2\/yst_prominent_words?post=4237"}],"curies":[{"name":"wp","href":"https:\/\/api.w.org\/{rel}","templated":true}]}}