{"id":4240,"date":"2020-03-04T19:26:41","date_gmt":"2020-03-04T19:26:41","guid":{"rendered":"https:\/\/www.metal-styl.com\/?post_type=product&#038;p=4240"},"modified":"2022-06-16T12:16:01","modified_gmt":"2022-06-16T12:16:01","slug":"polka-narzedziowa-pn-455245","status":"publish","type":"product","link":"https:\/\/www.metal-styl.com\/index.php\/produkt\/polka-narzedziowa-pn-455245\/","title":{"rendered":"P\u00f3\u0142ka narz\u0119dziowa PN-455245 45x230x95mm"},"content":{"rendered":"","protected":false},"excerpt":{"rendered":"<div class=\"resetcss\">\n<p>P\u00f3\u0142ka przeznaczona na narz\u0119dzia r\u0119czne do zawieszania na tablicy z tworzywa lub metalu.<\/p>\n<\/div>\n<div class=\"product-short-description resetcss large\">\n<p><strong>Wymiar zewn\u0119trzny: 45x230x95 mm<\/strong><\/p>\n<\/div>\n","protected":false},"featured_media":4241,"comment_status":"open","ping_status":"closed","template":"","meta":[],"product_cat":[1401,1810],"product_tag":[2622,2620,2621],"yst_prominent_words":[],"class_list":{"0":"post-4240","1":"product","2":"type-product","3":"status-publish","4":"has-post-thumbnail","6":"product_cat-wyposazenie-warsztatu","7":"product_cat-zestawy-pojemnikow-listwy-tablice-uchwyty","8":"product_tag-pn-455245","9":"product_tag-polka-na-narzedzia","10":"product_tag-polka-narzedziowa","11":"entry","13":"first","14":"instock","15":"shipping-taxable","16":"product-type-simple"},"_links":{"self":[{"href":"https:\/\/www.metal-styl.com\/index.php\/wp-json\/wp\/v2\/product\/4240","targetHints":{"allow":["GET"]}}],"collection":[{"href":"https:\/\/www.metal-styl.com\/index.php\/wp-json\/wp\/v2\/product"}],"about":[{"href":"https:\/\/www.metal-styl.com\/index.php\/wp-json\/wp\/v2\/types\/product"}],"replies":[{"embeddable":true,"href":"https:\/\/www.metal-styl.com\/index.php\/wp-json\/wp\/v2\/comments?post=4240"}],"version-history":[{"count":6,"href":"https:\/\/www.metal-styl.com\/index.php\/wp-json\/wp\/v2\/product\/4240\/revisions"}],"predecessor-version":[{"id":4547,"href":"https:\/\/www.metal-styl.com\/index.php\/wp-json\/wp\/v2\/product\/4240\/revisions\/4547"}],"wp:featuredmedia":[{"embeddable":true,"href":"https:\/\/www.metal-styl.com\/index.php\/wp-json\/wp\/v2\/media\/4241"}],"wp:attachment":[{"href":"https:\/\/www.metal-styl.com\/index.php\/wp-json\/wp\/v2\/media?parent=4240"}],"wp:term":[{"taxonomy":"product_cat","embeddable":true,"href":"https:\/\/www.metal-styl.com\/index.php\/wp-json\/wp\/v2\/product_cat?post=4240"},{"taxonomy":"product_tag","embeddable":true,"href":"https:\/\/www.metal-styl.com\/index.php\/wp-json\/wp\/v2\/product_tag?post=4240"},{"taxonomy":"yst_prominent_words","embeddable":true,"href":"https:\/\/www.metal-styl.com\/index.php\/wp-json\/wp\/v2\/yst_prominent_words?post=4240"}],"curies":[{"name":"wp","href":"https:\/\/api.w.org\/{rel}","templated":true}]}}